{"id":26405,"date":"2026-02-27T00:32:25","date_gmt":"2026-02-27T00:32:25","guid":{"rendered":"https:\/\/nordicmart.andreevmaster.com\/product\/masterkidz-8-delt-vaerktojssaet-med-skruetraekker-til-stem-science-og-kreativt-braet\/"},"modified":"2026-02-27T09:11:58","modified_gmt":"2026-02-27T09:11:58","slug":"masterkidz-8-delt-vaerktojssaet-med-skruetraekker-til-stem-science-og-kreativt-braet","status":"publish","type":"product","link":"https:\/\/nordicmart.andreevmaster.com\/da\/vare\/masterkidz-8-delt-vaerktojssaet-med-skruetraekker-til-stem-science-og-kreativt-braet\/","title":{"rendered":"MASTERKIDZ 8-delt v\u00e6rkt\u00f8jss\u00e6t med skruetr\u00e6kker til STEM Science og kreativt br\u00e6t"},"content":{"rendered":"<p>Et praktisk v\u00e6rkt\u00f8jss\u00e6t til b\u00f8rn, der g\u00f8r det meget mere interessant at lege med Masterkidz STEM-v\u00e6ggen! S\u00e6ttet indeholder en skruetr\u00e6kker med 7 udskiftelige bits, en skruen\u00f8gle, en skruetr\u00e6kker og en opbevaringshylde. V\u00e6rkt\u00f8jerne bruges til at stramme og l\u00f8sne Masterkidz-skruer. Leget\u00f8jet tr\u00e6ner b\u00f8rns motoriske f\u00e6rdigheder og l\u00e6rer dem at bruge grundl\u00e6ggende v\u00e6rkt\u00f8jer korrekt.<\/p>\n<p>Funktioner:<\/p>\n<p>* &#8211; V\u00e6rkt\u00f8j, der er kompatibelt med STEM-skruer<br \/>\n* &#8211; 7 forskellige skruetr\u00e6kkerbits<br \/>\n* &#8211; S\u00e6ttet l\u00e6rer b\u00f8rn DIY-f\u00e6rdigheder og kreativ probleml\u00f8sning<\/p>\n<p>S\u00e6ttet indeholder:<\/p>\n<p>* &#8211; Skruetr\u00e6kker<br \/>\n* &#8211; Skruetr\u00e6kker<br \/>\n* &#8211; 7 bits i forskellige former<br \/>\n* &#8211; Tr\u00e6hylde til opbevaring af v\u00e6rkt\u00f8j<\/p>\n<p>Leget\u00f8jet udvikler:<\/p>\n<p>* &#8211; Kreativitet<br \/>\n* &#8211; Fantasi<br \/>\n* &#8211; Uafh\u00e6ngighed<br \/>\n* &#8211; Motoriske f\u00e6rdigheder<\/p>\n","protected":false},"excerpt":{"rendered":"<p>Et praktisk v\u00e6rkt\u00f8jss\u00e6t til b\u00f8rn, der g\u00f8r det meget mere interessant at lege med Masterkidz STEM-v\u00e6ggen! S\u00e6ttet indeholder en skruetr\u00e6kker med 7 udskiftelige bits, en skruen\u00f8gle, en skruetr\u00e6kker og en opbevaringshylde. V\u00e6rkt\u00f8jerne bruges til at stramme og l\u00f8sne Masterkidz-skruer. Leget\u00f8jet tr\u00e6ner b\u00f8rns motoriske f\u00e6rdigheder og l\u00e6rer dem at bruge grundl\u00e6ggende v\u00e6rkt\u00f8jer korrekt. Funktioner: * &#8211; [&hellip;]<\/p>\n","protected":false},"featured_media":0,"comment_status":"open","ping_status":"closed","template":"","meta":[],"product_brand":[],"product_cat":[31],"product_tag":[],"class_list":{"0":"post-26405","1":"product","2":"type-product","3":"status-publish","5":"product_cat-uncategorized-da","7":"first","8":"instock","9":"shipping-taxable","10":"purchasable","11":"product-type-simple"},"_links":{"self":[{"href":"https:\/\/nordicmart.andreevmaster.com\/da\/wp-json\/wp\/v2\/product\/26405","targetHints":{"allow":["GET"]}}],"collection":[{"href":"https:\/\/nordicmart.andreevmaster.com\/da\/wp-json\/wp\/v2\/product"}],"about":[{"href":"https:\/\/nordicmart.andreevmaster.com\/da\/wp-json\/wp\/v2\/types\/product"}],"replies":[{"embeddable":true,"href":"https:\/\/nordicmart.andreevmaster.com\/da\/wp-json\/wp\/v2\/comments?post=26405"}],"wp:attachment":[{"href":"https:\/\/nordicmart.andreevmaster.com\/da\/wp-json\/wp\/v2\/media?parent=26405"}],"wp:term":[{"taxonomy":"product_brand","embeddable":true,"href":"https:\/\/nordicmart.andreevmaster.com\/da\/wp-json\/wp\/v2\/product_brand?post=26405"},{"taxonomy":"product_cat","embeddable":true,"href":"https:\/\/nordicmart.andreevmaster.com\/da\/wp-json\/wp\/v2\/product_cat?post=26405"},{"taxonomy":"product_tag","embeddable":true,"href":"https:\/\/nordicmart.andreevmaster.com\/da\/wp-json\/wp\/v2\/product_tag?post=26405"}],"curies":[{"name":"wp","href":"https:\/\/api.w.org\/{rel}","templated":true}]}}