{"id":26404,"date":"2026-02-27T00:32:25","date_gmt":"2026-02-27T00:32:25","guid":{"rendered":"https:\/\/nordicmart.andreevmaster.com\/product\/masterkidz-paedagogisk-vaegplakat-sommerfuglens-livscyklus\/"},"modified":"2026-02-27T09:11:58","modified_gmt":"2026-02-27T09:11:58","slug":"masterkidz-paedagogisk-vaegplakat-sommerfuglens-livscyklus","status":"publish","type":"product","link":"https:\/\/nordicmart.andreevmaster.com\/da\/vare\/masterkidz-paedagogisk-vaegplakat-sommerfuglens-livscyklus\/","title":{"rendered":"MASTERKIDZ P\u00e6dagogisk v\u00e6gplakat Sommerfuglens livscyklus"},"content":{"rendered":"<p>Masterkidz undervisningsplader fra serien &#8220;livscyklus&#8221; er fantastiske undervisningshj\u00e6lpemidler, der ikke kun er nyttige til naturundervisning i skolen. Pladen, der viser stadierne i sommerfuglens udvikling, viser hvert trin i cyklussen. Brug knapperne til at fremh\u00e6ve hvert trin og se p\u00e5 \u00e6ggene, larven, puppen og den voksne sommerfugl.<\/p>\n<p>Tavlen er udelukkende lavet af tr\u00e6 og dekoreret med smukke illustrationer af blomster og sommerfugle i forskellige stadier af cyklusen. Den er milj\u00f8venlig og giver b\u00f8rn mulighed for at tilegne sig viden p\u00e5 en b\u00f8rnevenlig, let og tilg\u00e6ngelig m\u00e5de. Den er perfekt til b\u00f8rnehaver, skoler og andre uddannelses- og b\u00f8rnepasningsinstitutioner.<\/p>\n<p>Leget\u00f8jet kr\u00e6ver 2 AA-batterier.<\/p>\n","protected":false},"excerpt":{"rendered":"<p>Masterkidz undervisningsplader fra serien &#8220;livscyklus&#8221; er fantastiske undervisningshj\u00e6lpemidler, der ikke kun er nyttige til naturundervisning i skolen. Pladen, der viser stadierne i sommerfuglens udvikling, viser hvert trin i cyklussen. Brug knapperne til at fremh\u00e6ve hvert trin og se p\u00e5 \u00e6ggene, larven, puppen og den voksne sommerfugl. Tavlen er udelukkende lavet af tr\u00e6 og dekoreret med [&hellip;]<\/p>\n","protected":false},"featured_media":0,"comment_status":"open","ping_status":"closed","template":"","meta":[],"product_brand":[],"product_cat":[31],"product_tag":[],"class_list":{"0":"post-26404","1":"product","2":"type-product","3":"status-publish","5":"product_cat-uncategorized-da","7":"first","8":"instock","9":"shipping-taxable","10":"purchasable","11":"product-type-simple"},"_links":{"self":[{"href":"https:\/\/nordicmart.andreevmaster.com\/da\/wp-json\/wp\/v2\/product\/26404","targetHints":{"allow":["GET"]}}],"collection":[{"href":"https:\/\/nordicmart.andreevmaster.com\/da\/wp-json\/wp\/v2\/product"}],"about":[{"href":"https:\/\/nordicmart.andreevmaster.com\/da\/wp-json\/wp\/v2\/types\/product"}],"replies":[{"embeddable":true,"href":"https:\/\/nordicmart.andreevmaster.com\/da\/wp-json\/wp\/v2\/comments?post=26404"}],"wp:attachment":[{"href":"https:\/\/nordicmart.andreevmaster.com\/da\/wp-json\/wp\/v2\/media?parent=26404"}],"wp:term":[{"taxonomy":"product_brand","embeddable":true,"href":"https:\/\/nordicmart.andreevmaster.com\/da\/wp-json\/wp\/v2\/product_brand?post=26404"},{"taxonomy":"product_cat","embeddable":true,"href":"https:\/\/nordicmart.andreevmaster.com\/da\/wp-json\/wp\/v2\/product_cat?post=26404"},{"taxonomy":"product_tag","embeddable":true,"href":"https:\/\/nordicmart.andreevmaster.com\/da\/wp-json\/wp\/v2\/product_tag?post=26404"}],"curies":[{"name":"wp","href":"https:\/\/api.w.org\/{rel}","templated":true}]}}