{"id":26401,"date":"2026-02-27T00:32:24","date_gmt":"2026-02-27T00:32:24","guid":{"rendered":"https:\/\/nordicmart.andreevmaster.com\/product\/masterkidz-farverige-pinde-til-science-board-512-stykker-8-farver\/"},"modified":"2026-02-27T09:11:57","modified_gmt":"2026-02-27T09:11:57","slug":"masterkidz-farverige-pinde-til-science-board-512-stykker-8-farver","status":"publish","type":"product","link":"https:\/\/nordicmart.andreevmaster.com\/da\/vare\/masterkidz-farverige-pinde-til-science-board-512-stykker-8-farver\/","title":{"rendered":"MASTERKIDZ Farverige pinde til Science Board 512 stykker 8 farver"},"content":{"rendered":"<p>Med Masterkidz farverige pinde kan du skabe uforglemmelige strukturer p\u00e5 dit br\u00e6t. Den eneste gr\u00e6nse er din fantasi, s\u00e5 lad den l\u00f8be frit og skab noget smukt! Pindene f\u00e5s i 8 farver, s\u00e5 du kan skabe en lang r\u00e6kke kompositioner. <\/p>\n<p>### Egenskaber: <\/p>\n<p>* &#8211; Fyld dit STEM-br\u00e6t med farver og skab unikke billeder!<br \/>\n* &#8211; Farverige pinde til br\u00e6dder er det grundl\u00e6ggende element til at fylde Masterkidz v\u00e6g- og fritst\u00e5ende br\u00e6dder. De giver dig mulighed for at skabe billeder, men ogs\u00e5 andre funktioner, s\u00e5som brugen af farverige snore.<br \/>\n* &#8211; Klemmerne f\u00e5s i mange farver, s\u00e5 dine kreationer ikke beh\u00f8ver at v\u00e6re monokrome. Dette \u00e5bner op for mange muligheder og \u00f8ger forn\u00f8jelsen.* &#8211; Der kr\u00e6ves ingen ekstra v\u00e6rkt\u00f8jer for at samle knopperne.<br \/>\n* &#8211; S\u00e6ttet indeholder 512 knopper i 8 farver.<\/p>\n<p>Masterkidz-leget\u00f8j er h\u00f8jkvalitets, holdbart og sikkert tr\u00e6leget\u00f8j til undervisningsbrug. Designet og tilpasset til forskellige stadier af barnets udvikling. Kreativ, eventyrlig og l\u00e6rerig leg er de st\u00f8rste fordele ved dette brands leget\u00f8j. Uvurderlig st\u00f8tte til Montessori-metoden. Det bedste valg til dit hjem, b\u00f8rnehave, hotel eller restaurant. Skab det perfekte legehj\u00f8rne eller en stor p\u00e6dagogisk v\u00e6g. Tilbuddet omfatter v\u00e6gmonterede og mobile tavler, oplyste borde og paneler til leg med maling. Tema-p\u00e6dagogiske moduler og meget mere. Et utroligt stort udvalg af tilbeh\u00f8r og uendelige muligheder for kreativ leg.<\/p>\n","protected":false},"excerpt":{"rendered":"<p>Med Masterkidz farverige pinde kan du skabe uforglemmelige strukturer p\u00e5 dit br\u00e6t. Den eneste gr\u00e6nse er din fantasi, s\u00e5 lad den l\u00f8be frit og skab noget smukt! Pindene f\u00e5s i 8 farver, s\u00e5 du kan skabe en lang r\u00e6kke kompositioner. ### Egenskaber: * &#8211; Fyld dit STEM-br\u00e6t med farver og skab unikke billeder! * &#8211; [&hellip;]<\/p>\n","protected":false},"featured_media":0,"comment_status":"open","ping_status":"closed","template":"","meta":[],"product_brand":[],"product_cat":[31],"product_tag":[],"class_list":{"0":"post-26401","1":"product","2":"type-product","3":"status-publish","5":"product_cat-uncategorized-da","7":"first","8":"instock","9":"shipping-taxable","10":"purchasable","11":"product-type-simple"},"_links":{"self":[{"href":"https:\/\/nordicmart.andreevmaster.com\/da\/wp-json\/wp\/v2\/product\/26401","targetHints":{"allow":["GET"]}}],"collection":[{"href":"https:\/\/nordicmart.andreevmaster.com\/da\/wp-json\/wp\/v2\/product"}],"about":[{"href":"https:\/\/nordicmart.andreevmaster.com\/da\/wp-json\/wp\/v2\/types\/product"}],"replies":[{"embeddable":true,"href":"https:\/\/nordicmart.andreevmaster.com\/da\/wp-json\/wp\/v2\/comments?post=26401"}],"wp:attachment":[{"href":"https:\/\/nordicmart.andreevmaster.com\/da\/wp-json\/wp\/v2\/media?parent=26401"}],"wp:term":[{"taxonomy":"product_brand","embeddable":true,"href":"https:\/\/nordicmart.andreevmaster.com\/da\/wp-json\/wp\/v2\/product_brand?post=26401"},{"taxonomy":"product_cat","embeddable":true,"href":"https:\/\/nordicmart.andreevmaster.com\/da\/wp-json\/wp\/v2\/product_cat?post=26401"},{"taxonomy":"product_tag","embeddable":true,"href":"https:\/\/nordicmart.andreevmaster.com\/da\/wp-json\/wp\/v2\/product_tag?post=26401"}],"curies":[{"name":"wp","href":"https:\/\/api.w.org\/{rel}","templated":true}]}}