{"id":26400,"date":"2026-02-27T00:32:24","date_gmt":"2026-02-27T00:32:24","guid":{"rendered":"https:\/\/nordicmart.andreevmaster.com\/product\/masterkidz-dobbeltsidede-akrylspejle-bogstaver-tal-alfabet-montessori\/"},"modified":"2026-02-27T09:11:57","modified_gmt":"2026-02-27T09:11:57","slug":"masterkidz-dobbeltsidede-akrylspejle-bogstaver-tal-alfabet-montessori","status":"publish","type":"product","link":"https:\/\/nordicmart.andreevmaster.com\/da\/vare\/masterkidz-dobbeltsidede-akrylspejle-bogstaver-tal-alfabet-montessori\/","title":{"rendered":"MASTERKIDZ Dobbeltsidede akrylspejle Bogstaver Tal Alfabet Montessori"},"content":{"rendered":"<p>Egenskaber:<\/p>\n<p>* &#8211; s\u00e6ttet best\u00e5r af 36 elementer (bogstaver i alfabetet og alle tal)<br \/>\n* &#8211; hvert element er dobbeltsidet med spejleffekt p\u00e5 begge sider<br \/>\n* &#8211; brikkerne er robuste &#8211; 4 mm tykke<br \/>\n* &#8211; begge sider af spejlet er ridsefaste<br \/>\n* &#8211; hvert bogstav og tal har et lille hul til oph\u00e6ngning p\u00e5 en snor eller fiskesn\u00f8re<\/p>\n<p>Leget\u00f8jet udvikler:<\/p>\n<p>* &#8211; finmotorik<br \/>\n* &#8211; sensoriske f\u00e6rdigheder<br \/>\n* &#8211; koncentration<br \/>\n* &#8211; kendskab til bogstaver og tal<\/p>\n","protected":false},"excerpt":{"rendered":"<p>Egenskaber: * &#8211; s\u00e6ttet best\u00e5r af 36 elementer (bogstaver i alfabetet og alle tal) * &#8211; hvert element er dobbeltsidet med spejleffekt p\u00e5 begge sider * &#8211; brikkerne er robuste &#8211; 4 mm tykke * &#8211; begge sider af spejlet er ridsefaste * &#8211; hvert bogstav og tal har et lille hul til oph\u00e6ngning p\u00e5 [&hellip;]<\/p>\n","protected":false},"featured_media":0,"comment_status":"open","ping_status":"closed","template":"","meta":[],"product_brand":[],"product_cat":[31],"product_tag":[],"class_list":{"0":"post-26400","1":"product","2":"type-product","3":"status-publish","5":"product_cat-uncategorized-da","7":"first","8":"instock","9":"shipping-taxable","10":"purchasable","11":"product-type-simple"},"_links":{"self":[{"href":"https:\/\/nordicmart.andreevmaster.com\/da\/wp-json\/wp\/v2\/product\/26400","targetHints":{"allow":["GET"]}}],"collection":[{"href":"https:\/\/nordicmart.andreevmaster.com\/da\/wp-json\/wp\/v2\/product"}],"about":[{"href":"https:\/\/nordicmart.andreevmaster.com\/da\/wp-json\/wp\/v2\/types\/product"}],"replies":[{"embeddable":true,"href":"https:\/\/nordicmart.andreevmaster.com\/da\/wp-json\/wp\/v2\/comments?post=26400"}],"wp:attachment":[{"href":"https:\/\/nordicmart.andreevmaster.com\/da\/wp-json\/wp\/v2\/media?parent=26400"}],"wp:term":[{"taxonomy":"product_brand","embeddable":true,"href":"https:\/\/nordicmart.andreevmaster.com\/da\/wp-json\/wp\/v2\/product_brand?post=26400"},{"taxonomy":"product_cat","embeddable":true,"href":"https:\/\/nordicmart.andreevmaster.com\/da\/wp-json\/wp\/v2\/product_cat?post=26400"},{"taxonomy":"product_tag","embeddable":true,"href":"https:\/\/nordicmart.andreevmaster.com\/da\/wp-json\/wp\/v2\/product_tag?post=26400"}],"curies":[{"name":"wp","href":"https:\/\/api.w.org\/{rel}","templated":true}]}}