{"id":26399,"date":"2026-02-27T00:32:23","date_gmt":"2026-02-27T00:32:23","guid":{"rendered":"https:\/\/nordicmart.andreevmaster.com\/product\/masterkidz-laer-at-abne-og-lukke-lase-vaegbraet\/"},"modified":"2026-02-27T09:11:57","modified_gmt":"2026-02-27T09:11:57","slug":"masterkidz-laer-at-abne-og-lukke-lase-vaegbraet","status":"publish","type":"product","link":"https:\/\/nordicmart.andreevmaster.com\/da\/vare\/masterkidz-laer-at-abne-og-lukke-lase-vaegbraet\/","title":{"rendered":"MASTERKIDZ L\u00e6r at \u00e5bne og lukke l\u00e5se V\u00e6gbr\u00e6t"},"content":{"rendered":"<p>At \u00e5bne og lukke l\u00e5se er ikke en nem opgave for dit barn! Derfor er det fantastiske v\u00e6gbr\u00e6t fra Masterkidz den perfekte l\u00f8sning til at l\u00e6re denne f\u00e6rdighed. Br\u00e6ttet best\u00e5r af en tr\u00e6plade og 6 mini-pengeskabe, som man kan \u00f8ve sig p\u00e5. Nogle af dem kan dit barn \u00e5bne uden problemer, mens andre vil v\u00e6re en stor udfordring. Dette er et af de leget\u00f8j, som dit barn ikke vil give slip p\u00e5, f\u00f8r det har n\u00e5et sit m\u00e5l. <\/p>\n<p>Br\u00e6ttet udvikler ikke kun grundl\u00e6ggende f\u00e6rdigheder, men ogs\u00e5 h\u00e5nd-\u00f8je-koordination og fingerf\u00e6rdighed i dit barns sm\u00e5 fingre. Dette er en meget vigtig fase i et barns udvikling, is\u00e6r for blinde, synshandicappede, autistiske, Aspergers eller SI-forstyrrede b\u00f8rn. For dem er det det n\u00e6ste store skridt, der \u00e5bner en ny d\u00f8r (b\u00e5de bogstaveligt og billedligt) mellem deres verden og omverdenen. Ud over at l\u00e6re, hvordan man bruger l\u00e5se, kan tavlen ogs\u00e5 bruges p\u00e5 andre m\u00e5der. Bagsiden af d\u00f8rene er tavler, der kan t\u00f8rres af. B\u00e5de l\u00e6rere og b\u00f8rn kan tegne p\u00e5 dem og lave spil, f.eks. huske billeder. Sm\u00e5 genstande kan ogs\u00e5 gemmes bag d\u00f8rene p\u00e5 hvert pengeskab. Vi tilbyder forskellige typer undervisningskort og flashcards. Dette vil v\u00e6re et godt supplement til almindelige undervisningsspil og traditionel brug af flashcards. Tavlen kan monteres p\u00e5 tre m\u00e5der: &#8211; v\u00e6gmontering, &#8211; montering p\u00e5 det specielle Masterkidz Flex-system, &#8211; montering p\u00e5 et Masterkidz fritst\u00e5ende stativ.<\/p>\n<p>Leget\u00f8jet er lavet af tr\u00e6. Ved at v\u00e6lge Masterkidz tr\u00e6leget\u00f8j passer du p\u00e5 milj\u00f8et og reducerer plastikaffald.<\/p>\n<p>Tilbuddet inkluderer et aktivitetsbr\u00e6t til at l\u00e6re at \u00e5bne og lukke l\u00e5se.<\/p>\n","protected":false},"excerpt":{"rendered":"<p>At \u00e5bne og lukke l\u00e5se er ikke en nem opgave for dit barn! Derfor er det fantastiske v\u00e6gbr\u00e6t fra Masterkidz den perfekte l\u00f8sning til at l\u00e6re denne f\u00e6rdighed. Br\u00e6ttet best\u00e5r af en tr\u00e6plade og 6 mini-pengeskabe, som man kan \u00f8ve sig p\u00e5. Nogle af dem kan dit barn \u00e5bne uden problemer, mens andre vil v\u00e6re [&hellip;]<\/p>\n","protected":false},"featured_media":0,"comment_status":"open","ping_status":"closed","template":"","meta":[],"product_brand":[],"product_cat":[31],"product_tag":[],"class_list":{"0":"post-26399","1":"product","2":"type-product","3":"status-publish","5":"product_cat-uncategorized-da","7":"first","8":"instock","9":"shipping-taxable","10":"purchasable","11":"product-type-simple"},"_links":{"self":[{"href":"https:\/\/nordicmart.andreevmaster.com\/da\/wp-json\/wp\/v2\/product\/26399","targetHints":{"allow":["GET"]}}],"collection":[{"href":"https:\/\/nordicmart.andreevmaster.com\/da\/wp-json\/wp\/v2\/product"}],"about":[{"href":"https:\/\/nordicmart.andreevmaster.com\/da\/wp-json\/wp\/v2\/types\/product"}],"replies":[{"embeddable":true,"href":"https:\/\/nordicmart.andreevmaster.com\/da\/wp-json\/wp\/v2\/comments?post=26399"}],"wp:attachment":[{"href":"https:\/\/nordicmart.andreevmaster.com\/da\/wp-json\/wp\/v2\/media?parent=26399"}],"wp:term":[{"taxonomy":"product_brand","embeddable":true,"href":"https:\/\/nordicmart.andreevmaster.com\/da\/wp-json\/wp\/v2\/product_brand?post=26399"},{"taxonomy":"product_cat","embeddable":true,"href":"https:\/\/nordicmart.andreevmaster.com\/da\/wp-json\/wp\/v2\/product_cat?post=26399"},{"taxonomy":"product_tag","embeddable":true,"href":"https:\/\/nordicmart.andreevmaster.com\/da\/wp-json\/wp\/v2\/product_tag?post=26399"}],"curies":[{"name":"wp","href":"https:\/\/api.w.org\/{rel}","templated":true}]}}