{"id":26398,"date":"2026-02-27T00:32:23","date_gmt":"2026-02-27T00:32:23","guid":{"rendered":"https:\/\/nordicmart.andreevmaster.com\/product\/masterkidz-vaegbraet-abning-og-lukning-af-lase-lynlase-knapper-montessori\/"},"modified":"2026-02-27T09:11:56","modified_gmt":"2026-02-27T09:11:56","slug":"masterkidz-vaegbraet-abning-og-lukning-af-lase-lynlase-knapper-montessori","status":"publish","type":"product","link":"https:\/\/nordicmart.andreevmaster.com\/da\/vare\/masterkidz-vaegbraet-abning-og-lukning-af-lase-lynlase-knapper-montessori\/","title":{"rendered":"MASTERKIDZ V\u00e6gbr\u00e6t \u00c5bning og lukning af l\u00e5se Lynl\u00e5se Knapper Montessori"},"content":{"rendered":"<p>Forskellige typer komplicerede l\u00e5se og lukninger kan v\u00e6re et reelt problem for b\u00e5de b\u00f8rn og voksne. Derfor er det en god id\u00e9 at \u00f8ve sig i fingerf\u00e6rdighed og smidighed \u2013 og det tr\u00e6plade fra Masterkidz hj\u00e6lper med netop det.<\/p>\n<p>Pladen har 6 vandrette lommer, der ligner en jakke, sweatshirt eller skjorte. Lommerne har forskellige typer lukninger:<\/p>\n<p>* lynl\u00e5s<br \/>\n* sm\u00e5 knapper<br \/>\n* store knapper<br \/>\n* dobbelt lynl\u00e5s<br \/>\n* trykknapper<\/p>\n<p>Br\u00e6ttet er lavet af tr\u00e6. Ved at v\u00e6lge Masterkidz tr\u00e6leget\u00f8j passer du p\u00e5 milj\u00f8et og reducerer plastikaffald.<\/p>\n","protected":false},"excerpt":{"rendered":"<p>Forskellige typer komplicerede l\u00e5se og lukninger kan v\u00e6re et reelt problem for b\u00e5de b\u00f8rn og voksne. Derfor er det en god id\u00e9 at \u00f8ve sig i fingerf\u00e6rdighed og smidighed \u2013 og det tr\u00e6plade fra Masterkidz hj\u00e6lper med netop det. Pladen har 6 vandrette lommer, der ligner en jakke, sweatshirt eller skjorte. Lommerne har forskellige typer [&hellip;]<\/p>\n","protected":false},"featured_media":0,"comment_status":"open","ping_status":"closed","template":"","meta":[],"product_brand":[],"product_cat":[31],"product_tag":[],"class_list":{"0":"post-26398","1":"product","2":"type-product","3":"status-publish","5":"product_cat-uncategorized-da","7":"first","8":"instock","9":"shipping-taxable","10":"purchasable","11":"product-type-simple"},"_links":{"self":[{"href":"https:\/\/nordicmart.andreevmaster.com\/da\/wp-json\/wp\/v2\/product\/26398","targetHints":{"allow":["GET"]}}],"collection":[{"href":"https:\/\/nordicmart.andreevmaster.com\/da\/wp-json\/wp\/v2\/product"}],"about":[{"href":"https:\/\/nordicmart.andreevmaster.com\/da\/wp-json\/wp\/v2\/types\/product"}],"replies":[{"embeddable":true,"href":"https:\/\/nordicmart.andreevmaster.com\/da\/wp-json\/wp\/v2\/comments?post=26398"}],"wp:attachment":[{"href":"https:\/\/nordicmart.andreevmaster.com\/da\/wp-json\/wp\/v2\/media?parent=26398"}],"wp:term":[{"taxonomy":"product_brand","embeddable":true,"href":"https:\/\/nordicmart.andreevmaster.com\/da\/wp-json\/wp\/v2\/product_brand?post=26398"},{"taxonomy":"product_cat","embeddable":true,"href":"https:\/\/nordicmart.andreevmaster.com\/da\/wp-json\/wp\/v2\/product_cat?post=26398"},{"taxonomy":"product_tag","embeddable":true,"href":"https:\/\/nordicmart.andreevmaster.com\/da\/wp-json\/wp\/v2\/product_tag?post=26398"}],"curies":[{"name":"wp","href":"https:\/\/api.w.org\/{rel}","templated":true}]}}