{"id":26397,"date":"2026-02-27T00:32:23","date_gmt":"2026-02-27T00:32:23","guid":{"rendered":"https:\/\/nordicmart.andreevmaster.com\/product\/masterkidz-traevaegbraet-flex-farverige-lommer-klips-og-velcro\/"},"modified":"2026-02-27T09:11:56","modified_gmt":"2026-02-27T09:11:56","slug":"masterkidz-traevaegbraet-flex-farverige-lommer-klips-og-velcro","status":"publish","type":"product","link":"https:\/\/nordicmart.andreevmaster.com\/da\/vare\/masterkidz-traevaegbraet-flex-farverige-lommer-klips-og-velcro\/","title":{"rendered":"MASTERKIDZ Tr\u00e6v\u00e6gbr\u00e6t Flex Farverige lommer Klips og velcro"},"content":{"rendered":"<p>Et v\u00e6gbr\u00e6t fra Masterkidz, der kan monteres p\u00e5 en v\u00e6g eller i Masterkidz Flex-systemet. Br\u00e6ttet har 6 farverige stoflommer, der lukkes med forskellige lukninger og l\u00e5se. B\u00f8rn kan bruge dem til at l\u00e6re at \u00e5bne og lukke forskellige typer lukninger.<\/p>\n<p>Det kan v\u00e6re sv\u00e6rt at \u00e5bne nogle lukninger og l\u00e5se \u2013 selv for voksne! Det kan v\u00e6re meget sv\u00e6rt for et barn at l\u00e6re at \u00e5bne komplicerede klips, karabinhager og andre typer lukninger. Men det fantastiske v\u00e6gbr\u00e6t fra Masterkidz kommer til unds\u00e6tning. Det har seks farverige lommer, der kan lukkes p\u00e5 forskellige m\u00e5der. B\u00f8rn kan \u00f8ve deres f\u00e6rdigheder p\u00e5 dem. <\/p>\n<p>Tr\u00e6pladen har 6 lommer med forskellige lukninger: <\/p>\n<p>* elastisk stroplukning<br \/>\n* velcrolukning<br \/>\n* tuck lock-l\u00e5s<br \/>\n* karabinhager<br \/>\n* klips <\/p>\n<p>Pladen er lavet af tr\u00e6. Ved at v\u00e6lge Masterkidz tr\u00e6leget\u00f8j passer du p\u00e5 milj\u00f8et og reducerer plastikaffald.<\/p>\n","protected":false},"excerpt":{"rendered":"<p>Et v\u00e6gbr\u00e6t fra Masterkidz, der kan monteres p\u00e5 en v\u00e6g eller i Masterkidz Flex-systemet. Br\u00e6ttet har 6 farverige stoflommer, der lukkes med forskellige lukninger og l\u00e5se. B\u00f8rn kan bruge dem til at l\u00e6re at \u00e5bne og lukke forskellige typer lukninger. Det kan v\u00e6re sv\u00e6rt at \u00e5bne nogle lukninger og l\u00e5se \u2013 selv for voksne! Det [&hellip;]<\/p>\n","protected":false},"featured_media":0,"comment_status":"open","ping_status":"closed","template":"","meta":[],"product_brand":[],"product_cat":[31],"product_tag":[],"class_list":{"0":"post-26397","1":"product","2":"type-product","3":"status-publish","5":"product_cat-uncategorized-da","7":"first","8":"instock","9":"shipping-taxable","10":"purchasable","11":"product-type-simple"},"_links":{"self":[{"href":"https:\/\/nordicmart.andreevmaster.com\/da\/wp-json\/wp\/v2\/product\/26397","targetHints":{"allow":["GET"]}}],"collection":[{"href":"https:\/\/nordicmart.andreevmaster.com\/da\/wp-json\/wp\/v2\/product"}],"about":[{"href":"https:\/\/nordicmart.andreevmaster.com\/da\/wp-json\/wp\/v2\/types\/product"}],"replies":[{"embeddable":true,"href":"https:\/\/nordicmart.andreevmaster.com\/da\/wp-json\/wp\/v2\/comments?post=26397"}],"wp:attachment":[{"href":"https:\/\/nordicmart.andreevmaster.com\/da\/wp-json\/wp\/v2\/media?parent=26397"}],"wp:term":[{"taxonomy":"product_brand","embeddable":true,"href":"https:\/\/nordicmart.andreevmaster.com\/da\/wp-json\/wp\/v2\/product_brand?post=26397"},{"taxonomy":"product_cat","embeddable":true,"href":"https:\/\/nordicmart.andreevmaster.com\/da\/wp-json\/wp\/v2\/product_cat?post=26397"},{"taxonomy":"product_tag","embeddable":true,"href":"https:\/\/nordicmart.andreevmaster.com\/da\/wp-json\/wp\/v2\/product_tag?post=26397"}],"curies":[{"name":"wp","href":"https:\/\/api.w.org\/{rel}","templated":true}]}}