{"id":26396,"date":"2026-02-27T00:32:23","date_gmt":"2026-02-27T00:32:23","guid":{"rendered":"https:\/\/nordicmart.andreevmaster.com\/product\/masterkidz-magnetisk-affaldssorteringsbraet-recycling-truck-montessori\/"},"modified":"2026-02-27T09:11:56","modified_gmt":"2026-02-27T09:11:56","slug":"masterkidz-magnetisk-affaldssorteringsbraet-recycling-truck-montessori","status":"publish","type":"product","link":"https:\/\/nordicmart.andreevmaster.com\/da\/vare\/masterkidz-magnetisk-affaldssorteringsbraet-recycling-truck-montessori\/","title":{"rendered":"MASTERKIDZ Magnetisk affaldssorteringsbr\u00e6t Recycling Truck Montessori"},"content":{"rendered":"<p>Sensorisk p\u00e6dagogisk leget\u00f8j til b\u00f8rn. Tr\u00e6br\u00e6t fra Masterkidz til at l\u00e6re affaldssortering. Ved hj\u00e6lp af en magnetisk pind skal barnet placere cirklerne med affald i de rigtige containere.<\/p>\n<p>Egenskaber:<\/p>\n<p>* &#8211; barnets opgave er at bruge staven til at flytte affaldet til de rigtige containere<br \/>\n* &#8211; containerne er placeret p\u00e5 en stor gr\u00f8n lastbil &#8211; en skraldebil<br \/>\n* &#8211; b\u00f8rn l\u00e6rer om sortering af materialer ved at sortere aviser, glasflasker, metalh\u00e6tter og aluminiumsd\u00e5ser<br \/>\n* &#8211; Lastbilen har 6 genbrugsbeholdere &#8211; glas, metal, plast, papir, organisk affald og ikke-genanvendeligt affald<br \/>\n* &#8211; P\u00e6dagogisk leget\u00f8j til b\u00f8rn er en fantastisk m\u00e5de at g\u00f8re l\u00e6ring om milj\u00f8et sjovt. Normalt kedelige lektioner bliver nu til fantastisk sjov.<\/p>\n<p>Leget\u00f8jet udvikler:<\/p>\n<p>* &#8211; motoriske f\u00e6rdigheder<br \/>\n* &#8211; sensoriske f\u00e6rdigheder<br \/>\n* &#8211; h\u00e5nd-\u00f8je-koordination<br \/>\n* &#8211; fantasi<br \/>\n* &#8211; koncentration<br \/>\n* &#8211; nysgerrighed<\/p>\n","protected":false},"excerpt":{"rendered":"<p>Sensorisk p\u00e6dagogisk leget\u00f8j til b\u00f8rn. Tr\u00e6br\u00e6t fra Masterkidz til at l\u00e6re affaldssortering. Ved hj\u00e6lp af en magnetisk pind skal barnet placere cirklerne med affald i de rigtige containere. Egenskaber: * &#8211; barnets opgave er at bruge staven til at flytte affaldet til de rigtige containere * &#8211; containerne er placeret p\u00e5 en stor gr\u00f8n lastbil [&hellip;]<\/p>\n","protected":false},"featured_media":0,"comment_status":"open","ping_status":"closed","template":"","meta":[],"product_brand":[],"product_cat":[31],"product_tag":[],"class_list":{"0":"post-26396","1":"product","2":"type-product","3":"status-publish","5":"product_cat-uncategorized-da","7":"first","8":"instock","9":"shipping-taxable","10":"purchasable","11":"product-type-simple"},"_links":{"self":[{"href":"https:\/\/nordicmart.andreevmaster.com\/da\/wp-json\/wp\/v2\/product\/26396","targetHints":{"allow":["GET"]}}],"collection":[{"href":"https:\/\/nordicmart.andreevmaster.com\/da\/wp-json\/wp\/v2\/product"}],"about":[{"href":"https:\/\/nordicmart.andreevmaster.com\/da\/wp-json\/wp\/v2\/types\/product"}],"replies":[{"embeddable":true,"href":"https:\/\/nordicmart.andreevmaster.com\/da\/wp-json\/wp\/v2\/comments?post=26396"}],"wp:attachment":[{"href":"https:\/\/nordicmart.andreevmaster.com\/da\/wp-json\/wp\/v2\/media?parent=26396"}],"wp:term":[{"taxonomy":"product_brand","embeddable":true,"href":"https:\/\/nordicmart.andreevmaster.com\/da\/wp-json\/wp\/v2\/product_brand?post=26396"},{"taxonomy":"product_cat","embeddable":true,"href":"https:\/\/nordicmart.andreevmaster.com\/da\/wp-json\/wp\/v2\/product_cat?post=26396"},{"taxonomy":"product_tag","embeddable":true,"href":"https:\/\/nordicmart.andreevmaster.com\/da\/wp-json\/wp\/v2\/product_tag?post=26396"}],"curies":[{"name":"wp","href":"https:\/\/api.w.org\/{rel}","templated":true}]}}