{"id":26393,"date":"2026-02-27T00:32:22","date_gmt":"2026-02-27T00:32:22","guid":{"rendered":"https:\/\/nordicmart.andreevmaster.com\/product\/masterkidz-vaegpanel-kreativt-stem-videnskabsbraet-monteringspanel-120x80cm\/"},"modified":"2026-02-27T09:11:56","modified_gmt":"2026-02-27T09:11:56","slug":"masterkidz-vaegpanel-kreativt-stem-videnskabsbraet-monteringspanel-120x80cm","status":"publish","type":"product","link":"https:\/\/nordicmart.andreevmaster.com\/da\/vare\/masterkidz-vaegpanel-kreativt-stem-videnskabsbraet-monteringspanel-120x80cm\/","title":{"rendered":"MASTERKIDZ V\u00e6gpanel Kreativt STEM-videnskabsbr\u00e6t + monteringspanel 120x80cm"},"content":{"rendered":"<p>Masterkidz STEM Manipulative Wall Board giver mulighed for kreativ leg og l\u00e6ring om videnskabens verden. De brede paneler, der m\u00e5ler 80&#215;120 cm, har huller, hvor farverige pinde kan inds\u00e6ttes for at skabe smukke m\u00f8nstre. Forskellige p\u00e6dagogiske hj\u00e6lpemidler, tandhjul, r\u00f8rsystemer med pumpe og andre interessante elementer kan ogs\u00e5 monteres p\u00e5 tavlen.Med STEM Masterkidz Educational Board kan dit barn begynde at lege kreativt og l\u00e6rerigt ved at skabe smukke m\u00f8nstre og strukturer takket v\u00e6re de utallige typer elementer, der kan bruges i legen. Dit barn vil n\u00e5 h\u00f8jder af fantasi ved at skabe mesterv\u00e6rker eller konstruere en mekanisme af tandhjul eller et r\u00f8rsystem.<\/p>\n<p>Funktioner:<\/p>\n<p>* &#8211; Kompatibel med alt STEM-tilbeh\u00f8r<br \/>\n* &#8211; H\u00f8j kvalitet, der sikrer holdbarhed og sikkerhed ved brug<br \/>\n* &#8211; Inkluderer et monteringspanel til hurtig og nem udskiftning af br\u00e6tkomponenter uden at skulle fastg\u00f8re dem til v\u00e6ggen<br \/>\n* &#8211; Ideel til uddannelsesinstitutioner og hjemmebrug<\/p>\n<p>Leget\u00f8jet udvikler:<\/p>\n<p>* &#8211; Fantasi<br \/>\n* &#8211; Kreativitet<br \/>\n* &#8211; Manuelle f\u00e6rdigheder<br \/>\n* &#8211; Logiske t\u00e6nkeevner<\/p>\n<p>Elementer, der er kompatible med tavlen (s\u00e6lges separat):<\/p>\n<p>* &#8211; Farvede pinde ME12746 ME14450 ME21113 ME21137 ME21120 ME21144<br \/>\n* &#8211; Farvede krystaller ME13989<br \/>\n* &#8211; Farvede snore til at forbinde med pinde ME14467<br \/>\n* &#8211; Farvede skruer ME20963 ME29911<br \/>\n* &#8211; Byggeklodser ME29027 ME29010 ME29089<br \/>\n* &#8211; Geometriske former ME14696 ME14702 ME14818 ME14825 ME31181<br \/>\n* &#8211; Tandhjul og k\u00e6der ME13460 ME24343 ME31204<br \/>\n* &#8211; Kugle- og vandbaner ME14788 ME14870 ME14665 ME15143 ME25043<br \/>\n* &#8211; Pumpes\u00e6t til bygning af r\u00f8rsystemer ME13149<br \/>\n* &#8211; Bogstav- og tals\u00e6t ME30412 ME30429<br \/>\n* &#8211; Beholdere og tilbeh\u00f8r ME12845 ME16560 ME14672<\/p>\n","protected":false},"excerpt":{"rendered":"<p>Masterkidz STEM Manipulative Wall Board giver mulighed for kreativ leg og l\u00e6ring om videnskabens verden. De brede paneler, der m\u00e5ler 80&#215;120 cm, har huller, hvor farverige pinde kan inds\u00e6ttes for at skabe smukke m\u00f8nstre. Forskellige p\u00e6dagogiske hj\u00e6lpemidler, tandhjul, r\u00f8rsystemer med pumpe og andre interessante elementer kan ogs\u00e5 monteres p\u00e5 tavlen.Med STEM Masterkidz Educational Board kan [&hellip;]<\/p>\n","protected":false},"featured_media":0,"comment_status":"open","ping_status":"closed","template":"","meta":[],"product_brand":[],"product_cat":[31],"product_tag":[],"class_list":{"0":"post-26393","1":"product","2":"type-product","3":"status-publish","5":"product_cat-uncategorized-da","7":"first","8":"instock","9":"shipping-taxable","10":"purchasable","11":"product-type-simple"},"_links":{"self":[{"href":"https:\/\/nordicmart.andreevmaster.com\/da\/wp-json\/wp\/v2\/product\/26393","targetHints":{"allow":["GET"]}}],"collection":[{"href":"https:\/\/nordicmart.andreevmaster.com\/da\/wp-json\/wp\/v2\/product"}],"about":[{"href":"https:\/\/nordicmart.andreevmaster.com\/da\/wp-json\/wp\/v2\/types\/product"}],"replies":[{"embeddable":true,"href":"https:\/\/nordicmart.andreevmaster.com\/da\/wp-json\/wp\/v2\/comments?post=26393"}],"wp:attachment":[{"href":"https:\/\/nordicmart.andreevmaster.com\/da\/wp-json\/wp\/v2\/media?parent=26393"}],"wp:term":[{"taxonomy":"product_brand","embeddable":true,"href":"https:\/\/nordicmart.andreevmaster.com\/da\/wp-json\/wp\/v2\/product_brand?post=26393"},{"taxonomy":"product_cat","embeddable":true,"href":"https:\/\/nordicmart.andreevmaster.com\/da\/wp-json\/wp\/v2\/product_cat?post=26393"},{"taxonomy":"product_tag","embeddable":true,"href":"https:\/\/nordicmart.andreevmaster.com\/da\/wp-json\/wp\/v2\/product_tag?post=26393"}],"curies":[{"name":"wp","href":"https:\/\/api.w.org\/{rel}","templated":true}]}}