{"id":26391,"date":"2026-02-27T00:32:21","date_gmt":"2026-02-27T00:32:21","guid":{"rendered":"https:\/\/nordicmart.andreevmaster.com\/product\/masterkidz-traebeholder-med-gennemsigtig-vaeg-80-cm-til-stem-science-og-kreative-tavler\/"},"modified":"2026-02-27T09:11:55","modified_gmt":"2026-02-27T09:11:55","slug":"masterkidz-traebeholder-med-gennemsigtig-vaeg-80-cm-til-stem-science-og-kreative-tavler","status":"publish","type":"product","link":"https:\/\/nordicmart.andreevmaster.com\/da\/vare\/masterkidz-traebeholder-med-gennemsigtig-vaeg-80-cm-til-stem-science-og-kreative-tavler\/","title":{"rendered":"MASTERKIDZ Tr\u00e6beholder med gennemsigtig v\u00e6g, 80 cm, til STEM Science og kreative tavler"},"content":{"rendered":"<p>En beholder, hvor du kan opbevare det tilbeh\u00f8r, der i \u00f8jeblikket bruges til Masterkidz STEM-tavlen, s\u00e5 det er ved h\u00e5nden, n\u00e5r du skaber nye billeder. Du kan l\u00e6gge alle Masterkidz-pinde, skruer eller snore i den, s\u00e5 du ikke beh\u00f8ver at r\u00e6kke ud efter hylden med beholdere med elementer hver gang.### Funktioner:<\/p>\n<p>* &#8211; Masterkidz STEM-videnskabs- og kreative tavler kan fyldes med en r\u00e6kke forskellige elementer, s\u00e5 for at undg\u00e5 rod er det en god id\u00e9 at anskaffe tilbeh\u00f8r, der hj\u00e6lper med at holde orden. Et af disse er en tr\u00e6beholder med gennemsigtig v\u00e6g.<br \/>\n* &#8211; Beholderen monteres direkte p\u00e5 STEM-v\u00e6ggen ved hj\u00e6lp af Masterkidz-skruer, s\u00e5 selv et barn kan montere den hvor som helst p\u00e5 tavlen.<br \/>\n* &#8211; Beholderen kan rumme pinde, skruer og snore, der er n\u00f8dvendige p\u00e5 et givet tidspunkt.<br \/>\n* &#8211; Beholderen er lavet af tr\u00e6. Ved at v\u00e6lge Masterkidz tr\u00e6produkter passer du p\u00e5 milj\u00f8et og reducerer plastikaffald.<\/p>\n<p>Masterkidz leget\u00f8j er h\u00f8jkvalitets, holdbart og sikkert tr\u00e6leget\u00f8j til undervisningsbrug. Designet og tilpasset til forskellige stadier af barnets udvikling. Kreativ, eventyrlig og p\u00e6dagogisk leg er de st\u00f8rste fordele ved dette brands leget\u00f8j. Uvurderlig st\u00f8tte til Montessori-metoden. Det bedste valg til dit hjem, b\u00f8rnehave, hotel eller restaurant. Skab det perfekte legehj\u00f8rne eller en stor p\u00e6dagogisk v\u00e6g. Tilbuddet omfatter v\u00e6gmonterede og mobile tavler, oplyste borde og paneler til leg med maling. Tema-p\u00e6dagogiske moduler og meget mere. Et utroligt stort udvalg af tilbeh\u00f8r og uendelige muligheder for kreativ leg.<\/p>\n","protected":false},"excerpt":{"rendered":"<p>En beholder, hvor du kan opbevare det tilbeh\u00f8r, der i \u00f8jeblikket bruges til Masterkidz STEM-tavlen, s\u00e5 det er ved h\u00e5nden, n\u00e5r du skaber nye billeder. Du kan l\u00e6gge alle Masterkidz-pinde, skruer eller snore i den, s\u00e5 du ikke beh\u00f8ver at r\u00e6kke ud efter hylden med beholdere med elementer hver gang.### Funktioner: * &#8211; Masterkidz STEM-videnskabs- [&hellip;]<\/p>\n","protected":false},"featured_media":0,"comment_status":"open","ping_status":"closed","template":"","meta":[],"product_brand":[],"product_cat":[31],"product_tag":[],"class_list":{"0":"post-26391","1":"product","2":"type-product","3":"status-publish","5":"product_cat-uncategorized-da","7":"first","8":"instock","9":"shipping-taxable","10":"purchasable","11":"product-type-simple"},"_links":{"self":[{"href":"https:\/\/nordicmart.andreevmaster.com\/da\/wp-json\/wp\/v2\/product\/26391","targetHints":{"allow":["GET"]}}],"collection":[{"href":"https:\/\/nordicmart.andreevmaster.com\/da\/wp-json\/wp\/v2\/product"}],"about":[{"href":"https:\/\/nordicmart.andreevmaster.com\/da\/wp-json\/wp\/v2\/types\/product"}],"replies":[{"embeddable":true,"href":"https:\/\/nordicmart.andreevmaster.com\/da\/wp-json\/wp\/v2\/comments?post=26391"}],"wp:attachment":[{"href":"https:\/\/nordicmart.andreevmaster.com\/da\/wp-json\/wp\/v2\/media?parent=26391"}],"wp:term":[{"taxonomy":"product_brand","embeddable":true,"href":"https:\/\/nordicmart.andreevmaster.com\/da\/wp-json\/wp\/v2\/product_brand?post=26391"},{"taxonomy":"product_cat","embeddable":true,"href":"https:\/\/nordicmart.andreevmaster.com\/da\/wp-json\/wp\/v2\/product_cat?post=26391"},{"taxonomy":"product_tag","embeddable":true,"href":"https:\/\/nordicmart.andreevmaster.com\/da\/wp-json\/wp\/v2\/product_tag?post=26391"}],"curies":[{"name":"wp","href":"https:\/\/api.w.org\/{rel}","templated":true}]}}