{"id":26390,"date":"2026-02-27T00:32:21","date_gmt":"2026-02-27T00:32:21","guid":{"rendered":"https:\/\/nordicmart.andreevmaster.com\/product\/masterkidz-oral-hygiene-wall-mounted-sensory-board-flex-montessori-2\/"},"modified":"2026-02-27T09:11:55","modified_gmt":"2026-02-27T09:11:55","slug":"masterkidz-oral-hygiene-wall-mounted-sensory-board-flex-montessori-2","status":"publish","type":"product","link":"https:\/\/nordicmart.andreevmaster.com\/da\/vare\/masterkidz-oral-hygiene-wall-mounted-sensory-board-flex-montessori-2\/","title":{"rendered":"MASTERKIDZ Oral Hygiene Wall-mounted Sensory Board Flex Montessori"},"content":{"rendered":"<p>V\u00e6gbr\u00e6ttet til mundhygiejne former grundl\u00e6ggende livsf\u00e6rdigheder. Det l\u00e6rer b\u00f8rn, hvordan de skal b\u00f8rste og pleje deres t\u00e6nder korrekt. Dette er en meget vigtig fase i ethvert barns udvikling. Br\u00e6ttet l\u00e6rer ikke kun korrekt tandb\u00f8rstning, men hj\u00e6lper ogs\u00e5 b\u00f8rn med at genkende smagsoplevelser som surt, bittert, s\u00f8dt og salt. <\/p>\n<p>Funktioner: <\/p>\n<p>* &#8211; Hj\u00e6lper b\u00f8rn med at \u00f8ve sig i at b\u00f8rste t\u00e6nder og bruge tandtr\u00e5d.* &#8211; Inkluderer en stor, bev\u00e6gelig tunge m\u00e6rket med forskellige smagsvarianter: s\u00f8d, salt, sur og bitter \u2013 hj\u00e6lper b\u00f8rn med at l\u00e6re at genkende smagsvarianter<br \/>\n* &#8211; Udstyret med tandb\u00f8rste, tandpasta og tandtr\u00e5d<br \/>\n* &#8211; Inkluderer f\u00f8devarer, der skal matches med den passende smag p\u00e5 tungen ved hj\u00e6lp af velcro.* &#8211; Tavlen er ideel til b\u00f8rnehaver eller andre uddannelses- og b\u00f8rnepasningsfaciliteter.<br \/>\n* &#8211; Kan monteres p\u00e5 en v\u00e6g, i Masterkidz Flex-systemet eller p\u00e5 STEM-tavler<br \/>\n* &#8211; Tilbuddet inkluderer en interaktiv mundhygiejnetavle.<\/p>\n<p>Tavlen udvikler:<\/p>\n<p>* &#8211; Logik<br \/>\n* &#8211; Motoriske f\u00e6rdigheder<br \/>\n* &#8211; Fantasi<br \/>\n* &#8211; Sundhedsbevidsthed og ansvar for egen sundhed.<\/p>\n<p>Tavlen er kompatibel med:<\/p>\n<p>* &#8211; FLEX ME09692 ME09777 ME08541 monteringsrammer<br \/>\n* &#8211; FLEX ME06479 ME06486 monteringsplader<\/p>\n<p>&#8211; FLEX monteringsrammer ME09692 ME09777 ME08541<\/p>\n<p>&#8211; FLEX monteringsplader ME06479 ME06486<\/p>\n","protected":false},"excerpt":{"rendered":"<p>V\u00e6gbr\u00e6ttet til mundhygiejne former grundl\u00e6ggende livsf\u00e6rdigheder. Det l\u00e6rer b\u00f8rn, hvordan de skal b\u00f8rste og pleje deres t\u00e6nder korrekt. Dette er en meget vigtig fase i ethvert barns udvikling. Br\u00e6ttet l\u00e6rer ikke kun korrekt tandb\u00f8rstning, men hj\u00e6lper ogs\u00e5 b\u00f8rn med at genkende smagsoplevelser som surt, bittert, s\u00f8dt og salt. Funktioner: * &#8211; Hj\u00e6lper b\u00f8rn med at [&hellip;]<\/p>\n","protected":false},"featured_media":0,"comment_status":"open","ping_status":"closed","template":"","meta":[],"product_brand":[],"product_cat":[31],"product_tag":[],"class_list":{"0":"post-26390","1":"product","2":"type-product","3":"status-publish","5":"product_cat-uncategorized-da","7":"first","8":"instock","9":"shipping-taxable","10":"purchasable","11":"product-type-simple"},"_links":{"self":[{"href":"https:\/\/nordicmart.andreevmaster.com\/da\/wp-json\/wp\/v2\/product\/26390","targetHints":{"allow":["GET"]}}],"collection":[{"href":"https:\/\/nordicmart.andreevmaster.com\/da\/wp-json\/wp\/v2\/product"}],"about":[{"href":"https:\/\/nordicmart.andreevmaster.com\/da\/wp-json\/wp\/v2\/types\/product"}],"replies":[{"embeddable":true,"href":"https:\/\/nordicmart.andreevmaster.com\/da\/wp-json\/wp\/v2\/comments?post=26390"}],"wp:attachment":[{"href":"https:\/\/nordicmart.andreevmaster.com\/da\/wp-json\/wp\/v2\/media?parent=26390"}],"wp:term":[{"taxonomy":"product_brand","embeddable":true,"href":"https:\/\/nordicmart.andreevmaster.com\/da\/wp-json\/wp\/v2\/product_brand?post=26390"},{"taxonomy":"product_cat","embeddable":true,"href":"https:\/\/nordicmart.andreevmaster.com\/da\/wp-json\/wp\/v2\/product_cat?post=26390"},{"taxonomy":"product_tag","embeddable":true,"href":"https:\/\/nordicmart.andreevmaster.com\/da\/wp-json\/wp\/v2\/product_tag?post=26390"}],"curies":[{"name":"wp","href":"https:\/\/api.w.org\/{rel}","templated":true}]}}