{"id":26389,"date":"2026-02-27T00:32:21","date_gmt":"2026-02-27T00:32:21","guid":{"rendered":"https:\/\/nordicmart.andreevmaster.com\/product\/masterkidz-traehylde-til-kokken-kokkenskab-mikroovn\/"},"modified":"2026-02-27T09:11:55","modified_gmt":"2026-02-27T09:11:55","slug":"masterkidz-traehylde-til-kokken-kokkenskab-mikroovn","status":"publish","type":"product","link":"https:\/\/nordicmart.andreevmaster.com\/da\/vare\/masterkidz-traehylde-til-kokken-kokkenskab-mikroovn\/","title":{"rendered":"MASTERKIDZ Tr\u00e6hylde til k\u00f8kken K\u00f8kkenskab + mikroovn"},"content":{"rendered":"<p>Dette store k\u00f8kkenskab i tr\u00e6 fra det kendte m\u00e6rke Masterkidz er en garanti for kvalitet og sikkerhed. Denne kombination g\u00f8r k\u00f8kkenet til et ideelt valg til b\u00f8rnehaver eller legerum.  Opm\u00e6rksomheden p\u00e5 b\u00e5de kvaliteten af h\u00e5ndv\u00e6rket og \u00e6stetikken samt de n\u00e6sten ubegr\u00e6nsede muligheder for at udvide s\u00e6ttet er unikke fordele ved dette produkt.<\/p>\n<p>Egenskaber:<\/p>\n<p>* \u2714\ufe0f Fremstillet af tr\u00e6 af h\u00f8j kvalitet, der garanterer holdbarhed og sikkerhed.<br \/>\n* \u2714\ufe0f Udstyret med et k\u00f8kkenskab, der kan \u00e5bnes, og en imiteret mikrob\u00f8lgeovn med et realistisk kontrolpanel og drejeknap<br \/>\n* \u2714\ufe0f Malet med giftfri maling, der er sikker for b\u00f8rn.<br \/>\n* \u2714\ufe0f \u00c6stetisk design, der tiltr\u00e6kker de yngste brugeres opm\u00e6rksomhed.* \u2714\ufe0f S\u00e6ttet kan udvides med ekstra k\u00f8kkenudstyr. * \u2714\ufe0f Ideelt til at l\u00e6re at organisere plads og rollespil. Leget\u00f8jet udvikler: * \u2b50 Fantasi * \u2b50 Kreativitet * \u2b50 Sociale f\u00e6rdigheder * \u2b50 Manuel fingerf\u00e6rdighed * \u2b50 Rumlig organisering<\/p>\n","protected":false},"excerpt":{"rendered":"<p>Dette store k\u00f8kkenskab i tr\u00e6 fra det kendte m\u00e6rke Masterkidz er en garanti for kvalitet og sikkerhed. Denne kombination g\u00f8r k\u00f8kkenet til et ideelt valg til b\u00f8rnehaver eller legerum. Opm\u00e6rksomheden p\u00e5 b\u00e5de kvaliteten af h\u00e5ndv\u00e6rket og \u00e6stetikken samt de n\u00e6sten ubegr\u00e6nsede muligheder for at udvide s\u00e6ttet er unikke fordele ved dette produkt. Egenskaber: * \u2714\ufe0f [&hellip;]<\/p>\n","protected":false},"featured_media":0,"comment_status":"open","ping_status":"closed","template":"","meta":[],"product_brand":[],"product_cat":[31],"product_tag":[],"class_list":{"0":"post-26389","1":"product","2":"type-product","3":"status-publish","5":"product_cat-uncategorized-da","7":"first","8":"instock","9":"shipping-taxable","10":"purchasable","11":"product-type-simple"},"_links":{"self":[{"href":"https:\/\/nordicmart.andreevmaster.com\/da\/wp-json\/wp\/v2\/product\/26389","targetHints":{"allow":["GET"]}}],"collection":[{"href":"https:\/\/nordicmart.andreevmaster.com\/da\/wp-json\/wp\/v2\/product"}],"about":[{"href":"https:\/\/nordicmart.andreevmaster.com\/da\/wp-json\/wp\/v2\/types\/product"}],"replies":[{"embeddable":true,"href":"https:\/\/nordicmart.andreevmaster.com\/da\/wp-json\/wp\/v2\/comments?post=26389"}],"wp:attachment":[{"href":"https:\/\/nordicmart.andreevmaster.com\/da\/wp-json\/wp\/v2\/media?parent=26389"}],"wp:term":[{"taxonomy":"product_brand","embeddable":true,"href":"https:\/\/nordicmart.andreevmaster.com\/da\/wp-json\/wp\/v2\/product_brand?post=26389"},{"taxonomy":"product_cat","embeddable":true,"href":"https:\/\/nordicmart.andreevmaster.com\/da\/wp-json\/wp\/v2\/product_cat?post=26389"},{"taxonomy":"product_tag","embeddable":true,"href":"https:\/\/nordicmart.andreevmaster.com\/da\/wp-json\/wp\/v2\/product_tag?post=26389"}],"curies":[{"name":"wp","href":"https:\/\/api.w.org\/{rel}","templated":true}]}}