{"id":26388,"date":"2026-02-27T00:32:21","date_gmt":"2026-02-27T00:32:21","guid":{"rendered":"https:\/\/nordicmart.andreevmaster.com\/product\/masterkidz-ovre-og-nedre-monteringsstaenger-til-1-flex-undervisningsplade\/"},"modified":"2026-02-27T09:11:55","modified_gmt":"2026-02-27T09:11:55","slug":"masterkidz-ovre-og-nedre-monteringsstaenger-til-1-flex-undervisningsplade","status":"publish","type":"product","link":"https:\/\/nordicmart.andreevmaster.com\/da\/vare\/masterkidz-ovre-og-nedre-monteringsstaenger-til-1-flex-undervisningsplade\/","title":{"rendered":"MASTERKIDZ \u00d8vre og nedre monteringsst\u00e6nger til 1 Flex-undervisningsplade"},"content":{"rendered":"<p>Masterkidz-monteringsbj\u00e6lker er en praktisk og solid l\u00f8sning til nem og sikker montering af undervisningsplader p\u00e5 v\u00e6ggen. De g\u00f8r installationen af manipulationsbr\u00e6dder hurtig, sikker og stabil. De er fremstillet af tr\u00e6 af h\u00f8j kvalitet, hvilket sikrer stabilitet og holdbarhed, og deres universelle design passer perfekt ind i ethvert p\u00e6dagogisk interi\u00f8r. De g\u00f8r det muligt at montere aktivitetsbr\u00e6dder p\u00e5 en \u00e6stetisk og ordentlig m\u00e5de, hvilket \u00f8ger brugerkomforten for b\u00f8rnene. <\/p>\n<p>Tilbuddet g\u00e6lder for de nederste og \u00f8verste monteringsbj\u00e6lker til et enkelt br\u00e6t. Det anbefales at k\u00f8be sidemonteringsbj\u00e6lker (ME08541).<\/p>\n<p>Egenskaber:<\/p>\n<p>* &#8211; Designet til montering af undervisningsplader p\u00e5 v\u00e6ggen<br \/>\n* &#8211; Takket v\u00e6re bj\u00e6lkerne er det hurtigt og praktisk at udskifte pladerne<br \/>\n* &#8211; Fremstillet af tr\u00e6 af h\u00f8j kvalitet<br \/>\n* &#8211; Glat overflade og afrundede kanter for b\u00f8rnenes sikkerhed<\/p>\n","protected":false},"excerpt":{"rendered":"<p>Masterkidz-monteringsbj\u00e6lker er en praktisk og solid l\u00f8sning til nem og sikker montering af undervisningsplader p\u00e5 v\u00e6ggen. De g\u00f8r installationen af manipulationsbr\u00e6dder hurtig, sikker og stabil. De er fremstillet af tr\u00e6 af h\u00f8j kvalitet, hvilket sikrer stabilitet og holdbarhed, og deres universelle design passer perfekt ind i ethvert p\u00e6dagogisk interi\u00f8r. De g\u00f8r det muligt at montere [&hellip;]<\/p>\n","protected":false},"featured_media":0,"comment_status":"open","ping_status":"closed","template":"","meta":[],"product_brand":[],"product_cat":[31],"product_tag":[],"class_list":{"0":"post-26388","1":"product","2":"type-product","3":"status-publish","5":"product_cat-uncategorized-da","7":"first","8":"instock","9":"shipping-taxable","10":"purchasable","11":"product-type-simple"},"_links":{"self":[{"href":"https:\/\/nordicmart.andreevmaster.com\/da\/wp-json\/wp\/v2\/product\/26388","targetHints":{"allow":["GET"]}}],"collection":[{"href":"https:\/\/nordicmart.andreevmaster.com\/da\/wp-json\/wp\/v2\/product"}],"about":[{"href":"https:\/\/nordicmart.andreevmaster.com\/da\/wp-json\/wp\/v2\/types\/product"}],"replies":[{"embeddable":true,"href":"https:\/\/nordicmart.andreevmaster.com\/da\/wp-json\/wp\/v2\/comments?post=26388"}],"wp:attachment":[{"href":"https:\/\/nordicmart.andreevmaster.com\/da\/wp-json\/wp\/v2\/media?parent=26388"}],"wp:term":[{"taxonomy":"product_brand","embeddable":true,"href":"https:\/\/nordicmart.andreevmaster.com\/da\/wp-json\/wp\/v2\/product_brand?post=26388"},{"taxonomy":"product_cat","embeddable":true,"href":"https:\/\/nordicmart.andreevmaster.com\/da\/wp-json\/wp\/v2\/product_cat?post=26388"},{"taxonomy":"product_tag","embeddable":true,"href":"https:\/\/nordicmart.andreevmaster.com\/da\/wp-json\/wp\/v2\/product_tag?post=26388"}],"curies":[{"name":"wp","href":"https:\/\/api.w.org\/{rel}","templated":true}]}}