{"id":26387,"date":"2026-02-27T00:32:20","date_gmt":"2026-02-27T00:32:20","guid":{"rendered":"https:\/\/nordicmart.andreevmaster.com\/product\/masterkidz-flex-frame-bottom-and-top-edge-2-boards-2\/"},"modified":"2026-02-27T09:11:54","modified_gmt":"2026-02-27T09:11:54","slug":"masterkidz-flex-frame-bottom-and-top-edge-2-boards-2","status":"publish","type":"product","link":"https:\/\/nordicmart.andreevmaster.com\/da\/vare\/masterkidz-flex-frame-bottom-and-top-edge-2-boards-2\/","title":{"rendered":"MASTERKIDZ Flex Frame Bottom and Top Edge 2 Boards"},"content":{"rendered":"<p>De \u00f8verste og nederste rammebj\u00e6lker, hver 2 Masterkidz Flex-undervisningsplader brede, er en fantastisk l\u00f8sning, der giver dig mulighed for nemt og hurtigt at udskifte op til 2 undervisningsplader p\u00e5 samme tid. Det tager mindre end et minut at fjerne de gamle br\u00e6dder og inds\u00e6tte de nye, og der kr\u00e6ves ingen v\u00e6rkt\u00f8j. S\u00e5 enkelt er det!<\/p>\n<p>Tidligere var det en lang og kedelig proces at udskifte br\u00e6dder, som skabte rod og beskadigede v\u00e6ggene. Det kan du nu glemme! Nu kan du hurtigt og bekvemt udskifte op til to tavler p\u00e5 samme tid uden un\u00f8dvendig boring, s\u00e5 dit barn altid kan l\u00e6re gennem leg med de fantastiske Masterkidz Flex-l\u00e6retavler. Du skal bare skrue skruen p\u00e5 den \u00f8verste stang ud, tr\u00e6kke de gamle tavler ud, inds\u00e6tte de nye, skrue skruen i igen, og s\u00e5 er du f\u00e6rdig! Det er s\u00e5 enkelt og frem for alt rent og sikkert.Masterkidz Flex-rammer er lavet af tr\u00e6. Ved at v\u00e6lge Masterkidz tr\u00e6produkter passer du p\u00e5 milj\u00f8et og reducerer plastikaffald. Tilbuddet inkluderer en \u00f8vre og nedre stang til montering af to Masterkidz Flex-l\u00e6seplader.<\/p>\n","protected":false},"excerpt":{"rendered":"<p>De \u00f8verste og nederste rammebj\u00e6lker, hver 2 Masterkidz Flex-undervisningsplader brede, er en fantastisk l\u00f8sning, der giver dig mulighed for nemt og hurtigt at udskifte op til 2 undervisningsplader p\u00e5 samme tid. Det tager mindre end et minut at fjerne de gamle br\u00e6dder og inds\u00e6tte de nye, og der kr\u00e6ves ingen v\u00e6rkt\u00f8j. S\u00e5 enkelt er det! [&hellip;]<\/p>\n","protected":false},"featured_media":0,"comment_status":"open","ping_status":"closed","template":"","meta":[],"product_brand":[],"product_cat":[31],"product_tag":[],"class_list":{"0":"post-26387","1":"product","2":"type-product","3":"status-publish","5":"product_cat-uncategorized-da","7":"first","8":"instock","9":"shipping-taxable","10":"purchasable","11":"product-type-simple"},"_links":{"self":[{"href":"https:\/\/nordicmart.andreevmaster.com\/da\/wp-json\/wp\/v2\/product\/26387","targetHints":{"allow":["GET"]}}],"collection":[{"href":"https:\/\/nordicmart.andreevmaster.com\/da\/wp-json\/wp\/v2\/product"}],"about":[{"href":"https:\/\/nordicmart.andreevmaster.com\/da\/wp-json\/wp\/v2\/types\/product"}],"replies":[{"embeddable":true,"href":"https:\/\/nordicmart.andreevmaster.com\/da\/wp-json\/wp\/v2\/comments?post=26387"}],"wp:attachment":[{"href":"https:\/\/nordicmart.andreevmaster.com\/da\/wp-json\/wp\/v2\/media?parent=26387"}],"wp:term":[{"taxonomy":"product_brand","embeddable":true,"href":"https:\/\/nordicmart.andreevmaster.com\/da\/wp-json\/wp\/v2\/product_brand?post=26387"},{"taxonomy":"product_cat","embeddable":true,"href":"https:\/\/nordicmart.andreevmaster.com\/da\/wp-json\/wp\/v2\/product_cat?post=26387"},{"taxonomy":"product_tag","embeddable":true,"href":"https:\/\/nordicmart.andreevmaster.com\/da\/wp-json\/wp\/v2\/product_tag?post=26387"}],"curies":[{"name":"wp","href":"https:\/\/api.w.org\/{rel}","templated":true}]}}