{"id":26386,"date":"2026-02-27T00:32:20","date_gmt":"2026-02-27T00:32:20","guid":{"rendered":"https:\/\/nordicmart.andreevmaster.com\/product\/masterkidz-laer-om-magnetisk-tiltraekning-flex-montessori-vaeg-laeringsbraet\/"},"modified":"2026-02-27T09:11:54","modified_gmt":"2026-02-27T09:11:54","slug":"masterkidz-laer-om-magnetisk-tiltraekning-flex-montessori-vaeg-laeringsbraet","status":"publish","type":"product","link":"https:\/\/nordicmart.andreevmaster.com\/da\/vare\/masterkidz-laer-om-magnetisk-tiltraekning-flex-montessori-vaeg-laeringsbraet\/","title":{"rendered":"MASTERKIDZ L\u00e6r om magnetisk tiltr\u00e6kning \u2013 Flex Montessori v\u00e6g-l\u00e6ringsbr\u00e6t"},"content":{"rendered":"<p>Magneter er fascinerende objekter, der tiltr\u00e6kker alle sm\u00e5b\u00f8rns opm\u00e6rksomhed. Takket v\u00e6re dette fantastiske p\u00e6dagogiske leget\u00f8j l\u00e6rer dit barn, hvordan magneter fungerer, hvad de kan og ikke kan tiltr\u00e6kke, og hvad poler og frast\u00f8dning g\u00e5r ud p\u00e5.<\/p>\n<p>Masterkidz-p\u00e6dagogisk tavle leveres med beholdere med forskellige materialer og magneter, der kan bruges til at teste, hvilke materialer der tiltr\u00e6kkes, og hvilke der ikke g\u00f8r. Gennem eksperimenter kan dit barn l\u00e6re, hvad magneter tiltr\u00e6kker.<\/p>\n<p>Et andet fantastisk element er stangen med magneter i top og bund, som holder magneten i midten sv\u00e6vende. Det ser ud, som om den sv\u00e6ver takket v\u00e6re en slags magisk trylleformular. Det er dog ren fysik.<\/p>\n<p>Tavlen har ogs\u00e5 et r\u00f8r fyldt med jernfilsp\u00e5ner. Filsp\u00e5nerne f\u00f8lger magneten p\u00e5 smukkeste vis, hvilket er meget behageligt for \u00f8jet. B\u00f8rn kan have det sjovt med at se filsp\u00e5nerne arrangere sig smukt.<\/p>\n<p>Masterkidz-leget\u00f8j er h\u00f8jkvalitets, holdbart og sikkert p\u00e6dagogisk leget\u00f8j af tr\u00e6. Designet og tilpasset forskellige stadier af barnets udvikling. Kreativ, eventyrlig og p\u00e6dagogisk leg er de st\u00f8rste fordele ved dette brands leget\u00f8j. Uvurderlig st\u00f8tte til Montessori-metoden. Det bedste valg til dit hjem, b\u00f8rnehave, hotel eller restaurant. Skab det perfekte legehj\u00f8rne eller en stor p\u00e6dagogisk v\u00e6g. Tilbuddet omfatter v\u00e6gmonterede og mobile tavler, oplyste borde og paneler til leg med maling. Tema-p\u00e6dagogiske moduler og meget mere. Et utroligt stort udvalg af tilbeh\u00f8r og uendelige muligheder for kreativ leg.<\/p>\n","protected":false},"excerpt":{"rendered":"<p>Magneter er fascinerende objekter, der tiltr\u00e6kker alle sm\u00e5b\u00f8rns opm\u00e6rksomhed. Takket v\u00e6re dette fantastiske p\u00e6dagogiske leget\u00f8j l\u00e6rer dit barn, hvordan magneter fungerer, hvad de kan og ikke kan tiltr\u00e6kke, og hvad poler og frast\u00f8dning g\u00e5r ud p\u00e5. Masterkidz-p\u00e6dagogisk tavle leveres med beholdere med forskellige materialer og magneter, der kan bruges til at teste, hvilke materialer der [&hellip;]<\/p>\n","protected":false},"featured_media":0,"comment_status":"open","ping_status":"closed","template":"","meta":[],"product_brand":[],"product_cat":[31],"product_tag":[],"class_list":{"0":"post-26386","1":"product","2":"type-product","3":"status-publish","5":"product_cat-uncategorized-da","7":"first","8":"instock","9":"shipping-taxable","10":"purchasable","11":"product-type-simple"},"_links":{"self":[{"href":"https:\/\/nordicmart.andreevmaster.com\/da\/wp-json\/wp\/v2\/product\/26386","targetHints":{"allow":["GET"]}}],"collection":[{"href":"https:\/\/nordicmart.andreevmaster.com\/da\/wp-json\/wp\/v2\/product"}],"about":[{"href":"https:\/\/nordicmart.andreevmaster.com\/da\/wp-json\/wp\/v2\/types\/product"}],"replies":[{"embeddable":true,"href":"https:\/\/nordicmart.andreevmaster.com\/da\/wp-json\/wp\/v2\/comments?post=26386"}],"wp:attachment":[{"href":"https:\/\/nordicmart.andreevmaster.com\/da\/wp-json\/wp\/v2\/media?parent=26386"}],"wp:term":[{"taxonomy":"product_brand","embeddable":true,"href":"https:\/\/nordicmart.andreevmaster.com\/da\/wp-json\/wp\/v2\/product_brand?post=26386"},{"taxonomy":"product_cat","embeddable":true,"href":"https:\/\/nordicmart.andreevmaster.com\/da\/wp-json\/wp\/v2\/product_cat?post=26386"},{"taxonomy":"product_tag","embeddable":true,"href":"https:\/\/nordicmart.andreevmaster.com\/da\/wp-json\/wp\/v2\/product_tag?post=26386"}],"curies":[{"name":"wp","href":"https:\/\/api.w.org\/{rel}","templated":true}]}}