{"id":26385,"date":"2026-02-27T00:32:20","date_gmt":"2026-02-27T00:32:20","guid":{"rendered":"https:\/\/nordicmart.andreevmaster.com\/product\/masterkidz-laer-om-tiden-laesning-af-klokkeslaet-paedagogisk-tavle\/"},"modified":"2026-02-27T09:11:54","modified_gmt":"2026-02-27T09:11:54","slug":"masterkidz-laer-om-tiden-laesning-af-klokkeslaet-paedagogisk-tavle","status":"publish","type":"product","link":"https:\/\/nordicmart.andreevmaster.com\/da\/vare\/masterkidz-laer-om-tiden-laesning-af-klokkeslaet-paedagogisk-tavle\/","title":{"rendered":"MASTERKIDZ L\u00e6r om tiden L\u00e6sning af klokkesl\u00e6t &#8211; P\u00e6dagogisk tavle"},"content":{"rendered":"<p>En fantastisk p\u00e6dagogisk tavle fra Masterkidz, der kan monteres direkte p\u00e5 v\u00e6ggen eller i Masterkidz Flex-systemet &#8211; b\u00e5de v\u00e6gmonteret og fritst\u00e5ende.Leget\u00f8jet bruges til at l\u00e6re at l\u00e6se tiden p\u00e5 klassiske ure. Tavlen har et urskive med visere, som barnet frit kan dreje. L\u00e6reren kan diktere tiden, og barnets opgave er at indstille viserne, s\u00e5 uret viser den dikterede tid. Barnet kan ogs\u00e5 lege selvst\u00e6ndigt, da s\u00e6ttet indeholder en notesbog med forskellige tidspunkter. Barnet bladrer siderne igennem og indstiller de tidspunkter, der st\u00e5r der.<\/p>\n<p>Tavlen beskriver ogs\u00e5 forholdet mellem tidsenheder \u2013 hvor mange sekunder der er i et minut, hvor mange minutter der er i et kvarter, hvor mange minutter der er i en time, hvor mange timer der er i en dag osv. Med denne information kan barnet l\u00e6re mange nyttige ting.<\/p>\n<p>Et andet element i leget\u00f8jet er to timeglas, takket v\u00e6re hvilke barnet kan forst\u00e5, hvor l\u00e6nge et minut og 5 minutter varer.<\/p>\n","protected":false},"excerpt":{"rendered":"<p>En fantastisk p\u00e6dagogisk tavle fra Masterkidz, der kan monteres direkte p\u00e5 v\u00e6ggen eller i Masterkidz Flex-systemet &#8211; b\u00e5de v\u00e6gmonteret og fritst\u00e5ende.Leget\u00f8jet bruges til at l\u00e6re at l\u00e6se tiden p\u00e5 klassiske ure. Tavlen har et urskive med visere, som barnet frit kan dreje. L\u00e6reren kan diktere tiden, og barnets opgave er at indstille viserne, s\u00e5 uret [&hellip;]<\/p>\n","protected":false},"featured_media":0,"comment_status":"open","ping_status":"closed","template":"","meta":[],"product_brand":[],"product_cat":[31],"product_tag":[],"class_list":{"0":"post-26385","1":"product","2":"type-product","3":"status-publish","5":"product_cat-uncategorized-da","7":"first","8":"instock","9":"shipping-taxable","10":"purchasable","11":"product-type-simple"},"_links":{"self":[{"href":"https:\/\/nordicmart.andreevmaster.com\/da\/wp-json\/wp\/v2\/product\/26385","targetHints":{"allow":["GET"]}}],"collection":[{"href":"https:\/\/nordicmart.andreevmaster.com\/da\/wp-json\/wp\/v2\/product"}],"about":[{"href":"https:\/\/nordicmart.andreevmaster.com\/da\/wp-json\/wp\/v2\/types\/product"}],"replies":[{"embeddable":true,"href":"https:\/\/nordicmart.andreevmaster.com\/da\/wp-json\/wp\/v2\/comments?post=26385"}],"wp:attachment":[{"href":"https:\/\/nordicmart.andreevmaster.com\/da\/wp-json\/wp\/v2\/media?parent=26385"}],"wp:term":[{"taxonomy":"product_brand","embeddable":true,"href":"https:\/\/nordicmart.andreevmaster.com\/da\/wp-json\/wp\/v2\/product_brand?post=26385"},{"taxonomy":"product_cat","embeddable":true,"href":"https:\/\/nordicmart.andreevmaster.com\/da\/wp-json\/wp\/v2\/product_cat?post=26385"},{"taxonomy":"product_tag","embeddable":true,"href":"https:\/\/nordicmart.andreevmaster.com\/da\/wp-json\/wp\/v2\/product_tag?post=26385"}],"curies":[{"name":"wp","href":"https:\/\/api.w.org\/{rel}","templated":true}]}}