{"id":26384,"date":"2026-02-27T00:32:20","date_gmt":"2026-02-27T00:32:20","guid":{"rendered":"https:\/\/nordicmart.andreevmaster.com\/product\/masterkidz-varmefolsomt-undervisningsbraet\/"},"modified":"2026-02-27T09:11:54","modified_gmt":"2026-02-27T09:11:54","slug":"masterkidz-varmefolsomt-undervisningsbraet","status":"publish","type":"product","link":"https:\/\/nordicmart.andreevmaster.com\/da\/vare\/masterkidz-varmefolsomt-undervisningsbraet\/","title":{"rendered":"MASTERKIDZ Varmef\u00f8lsomt undervisningsbr\u00e6t"},"content":{"rendered":"<p>Dette er et us\u00e6dvanligt leget\u00f8j, der gl\u00e6der b\u00f8rn med sine farver. N\u00e5r b\u00f8rn l\u00e6gger deres varme h\u00e6nder eller fingre p\u00e5 det, vises der farverige aftryk p\u00e5 overfladen, som forsvinder efter et par sekunder. Det er en interessant m\u00e5de at l\u00e6re om temperatur og menneskekroppen p\u00e5. B\u00f8rn kan tjekke, om deres h\u00e6nder er varmere eller koldere end andres, og tegne streger og m\u00f8nstre p\u00e5 tavlen. Br\u00e6ttet skifter farve, n\u00e5r det uds\u00e6ttes for varme, hvilket stimulerer b\u00f8rns synssans og nysgerrighed. <\/p>\n<p>### Egenskaber: <\/p>\n<p>* Interaktivt sjov: B\u00f8rnene kan observere og sammenligne de aftryk, der vises p\u00e5 br\u00e6ttet. De kan ogs\u00e5 tegne streger og m\u00f8nstre p\u00e5 det.<br \/>\n* St\u00f8rrelse: Br\u00e6ttet m\u00e5ler 46 x 46 cm og giver mulighed for, at flere b\u00f8rn kan lege p\u00e5 samme tid.<br \/>\n* P\u00e6dagogisk: Tavlen hj\u00e6lper b\u00f8rn med at l\u00e6re om temperatur og menneskekroppen gennem interaktiv leg. De kan tjekke, hvem der har varmere h\u00e6nder, og hvem der har koldere h\u00e6nder.<br \/>\n* Multifunktionel: Tavlen kan monteres p\u00e5 en v\u00e6g, Masterkidz Flex-systemet eller Masterkidz fritst\u00e5ende stativ.<br \/>\n* Milj\u00f8venlig: Tavlens ramme er lavet af tr\u00e6 af h\u00f8j kvalitet, som er milj\u00f8venligt og ikke genererer plastaffald.<\/p>\n<p>Masterkidz-leget\u00f8j er h\u00f8jkvalitets, holdbart og sikkert tr\u00e6leget\u00f8j til undervisningsbrug. Designet og tilpasset til forskellige stadier af barnets udvikling. Kreativt, eventyrlystent og p\u00e6dagogisk leg er de st\u00f8rste fordele ved dette brands leget\u00f8j. Uvurderlig st\u00f8tte til Montessori-metoden. Det bedste valg til dit hjem, b\u00f8rnehave, hotel eller restaurant. Skab det perfekte legehj\u00f8rne eller en stor p\u00e6dagogisk v\u00e6g. Tilbuddet omfatter v\u00e6gmonterede og mobile tavler, oplyste borde og paneler til leg med maling. Tema-l\u00e6remoduler og meget mere. Et utroligt stort udvalg af tilbeh\u00f8r og uendelige muligheder for kreativ leg.<\/p>\n","protected":false},"excerpt":{"rendered":"<p>Dette er et us\u00e6dvanligt leget\u00f8j, der gl\u00e6der b\u00f8rn med sine farver. N\u00e5r b\u00f8rn l\u00e6gger deres varme h\u00e6nder eller fingre p\u00e5 det, vises der farverige aftryk p\u00e5 overfladen, som forsvinder efter et par sekunder. Det er en interessant m\u00e5de at l\u00e6re om temperatur og menneskekroppen p\u00e5. B\u00f8rn kan tjekke, om deres h\u00e6nder er varmere eller koldere [&hellip;]<\/p>\n","protected":false},"featured_media":0,"comment_status":"open","ping_status":"closed","template":"","meta":[],"product_brand":[],"product_cat":[31],"product_tag":[],"class_list":{"0":"post-26384","1":"product","2":"type-product","3":"status-publish","5":"product_cat-uncategorized-da","7":"first","8":"instock","9":"shipping-taxable","10":"purchasable","11":"product-type-simple"},"_links":{"self":[{"href":"https:\/\/nordicmart.andreevmaster.com\/da\/wp-json\/wp\/v2\/product\/26384","targetHints":{"allow":["GET"]}}],"collection":[{"href":"https:\/\/nordicmart.andreevmaster.com\/da\/wp-json\/wp\/v2\/product"}],"about":[{"href":"https:\/\/nordicmart.andreevmaster.com\/da\/wp-json\/wp\/v2\/types\/product"}],"replies":[{"embeddable":true,"href":"https:\/\/nordicmart.andreevmaster.com\/da\/wp-json\/wp\/v2\/comments?post=26384"}],"wp:attachment":[{"href":"https:\/\/nordicmart.andreevmaster.com\/da\/wp-json\/wp\/v2\/media?parent=26384"}],"wp:term":[{"taxonomy":"product_brand","embeddable":true,"href":"https:\/\/nordicmart.andreevmaster.com\/da\/wp-json\/wp\/v2\/product_brand?post=26384"},{"taxonomy":"product_cat","embeddable":true,"href":"https:\/\/nordicmart.andreevmaster.com\/da\/wp-json\/wp\/v2\/product_cat?post=26384"},{"taxonomy":"product_tag","embeddable":true,"href":"https:\/\/nordicmart.andreevmaster.com\/da\/wp-json\/wp\/v2\/product_tag?post=26384"}],"curies":[{"name":"wp","href":"https:\/\/api.w.org\/{rel}","templated":true}]}}