{"id":26382,"date":"2026-02-27T00:32:19","date_gmt":"2026-02-27T00:32:19","guid":{"rendered":"https:\/\/nordicmart.andreevmaster.com\/product\/masterkidz-traefritstaende-stem-tavle\/"},"modified":"2026-02-27T09:11:53","modified_gmt":"2026-02-27T09:11:53","slug":"masterkidz-traefritstaende-stem-tavle","status":"publish","type":"product","link":"https:\/\/nordicmart.andreevmaster.com\/da\/vare\/masterkidz-traefritstaende-stem-tavle\/","title":{"rendered":"MASTERKIDZ Tr\u00e6fritst\u00e5ende STEM-tavle"},"content":{"rendered":"<p>STEM-aktivitetsbr\u00e6ttet er en multifunktionel, mobil aktivitetsv\u00e6g designet til b\u00f8rns uddannelse og leg. Det best\u00e5r af en robust tr\u00e6konstruktion med perforerede paneler, der g\u00f8r det nemt at fastg\u00f8re forskellige p\u00e6dagogiske og manipulerbare elementer.<\/p>\n<p>Produktfunktioner:<\/p>\n<p>&#8211; Fritst\u00e5ende design for maksimal fleksibilitet \u2013 tavlen kan flyttes og placeres hvor som helst &#8211; Plads til fri skabelse af m\u00f8nstre, kuglebane, tandhjulssystemer og andre strukturer &#8211; Dobbeltsidet design giver mulighed for gruppespil &#8211; Mobil base p\u00e5 hjul for nem flytning af tavlen &#8211; Kompatibel med alt STEM-tavletilbeh\u00f8r: tandhjul, hjul, remskiver, skruer, pinde og mere<\/p>\n<p>Tavlen udvikler:<\/p>\n<p>&#8211; Sociale f\u00e6rdigheder &#8211; Kreativitet &#8211; Fantasi &#8211; Finmotorik<\/p>\n<p>Komponenter, der er kompatible med br\u00e6ttet (s\u00e6lges separat):<\/p>\n<p>&#8211; Farverige pinde ME12746 ME14450 ME21113 ME21137 ME21120 ME21144 &#8211; Farverige krystaller ME13989 &#8211; Farverige snore til at forbinde pinde ME14467 &#8211; Farvede skruer ME20963 ME29911 &#8211; Byggeklodser ME29027 ME29010 ME29089 &#8211; Geometriske former ME14696 ME14702 ME14818 ME14825 ME31181 &#8211; Tandhjul og k\u00e6der ME13460 ME24343 ME31204 &#8211; Kugle- og vandbaner ME14788 ME14870 ME14665 ME15143 ME25043 &#8211; R\u00f8rsystem-bygges\u00e6t med pumpe ME13149 &#8211; Bogstav- og tals\u00e6t ME30412 ME30429 &#8211; Beholdere og tilbeh\u00f8r ME12845 ME16560 ME14672<\/p>\n","protected":false},"excerpt":{"rendered":"<p>STEM-aktivitetsbr\u00e6ttet er en multifunktionel, mobil aktivitetsv\u00e6g designet til b\u00f8rns uddannelse og leg. Det best\u00e5r af en robust tr\u00e6konstruktion med perforerede paneler, der g\u00f8r det nemt at fastg\u00f8re forskellige p\u00e6dagogiske og manipulerbare elementer. Produktfunktioner: &#8211; Fritst\u00e5ende design for maksimal fleksibilitet \u2013 tavlen kan flyttes og placeres hvor som helst &#8211; Plads til fri skabelse af m\u00f8nstre, [&hellip;]<\/p>\n","protected":false},"featured_media":0,"comment_status":"open","ping_status":"closed","template":"","meta":[],"product_brand":[],"product_cat":[31],"product_tag":[],"class_list":{"0":"post-26382","1":"product","2":"type-product","3":"status-publish","5":"product_cat-uncategorized-da","7":"first","8":"instock","9":"shipping-taxable","10":"purchasable","11":"product-type-simple"},"_links":{"self":[{"href":"https:\/\/nordicmart.andreevmaster.com\/da\/wp-json\/wp\/v2\/product\/26382","targetHints":{"allow":["GET"]}}],"collection":[{"href":"https:\/\/nordicmart.andreevmaster.com\/da\/wp-json\/wp\/v2\/product"}],"about":[{"href":"https:\/\/nordicmart.andreevmaster.com\/da\/wp-json\/wp\/v2\/types\/product"}],"replies":[{"embeddable":true,"href":"https:\/\/nordicmart.andreevmaster.com\/da\/wp-json\/wp\/v2\/comments?post=26382"}],"wp:attachment":[{"href":"https:\/\/nordicmart.andreevmaster.com\/da\/wp-json\/wp\/v2\/media?parent=26382"}],"wp:term":[{"taxonomy":"product_brand","embeddable":true,"href":"https:\/\/nordicmart.andreevmaster.com\/da\/wp-json\/wp\/v2\/product_brand?post=26382"},{"taxonomy":"product_cat","embeddable":true,"href":"https:\/\/nordicmart.andreevmaster.com\/da\/wp-json\/wp\/v2\/product_cat?post=26382"},{"taxonomy":"product_tag","embeddable":true,"href":"https:\/\/nordicmart.andreevmaster.com\/da\/wp-json\/wp\/v2\/product_tag?post=26382"}],"curies":[{"name":"wp","href":"https:\/\/api.w.org\/{rel}","templated":true}]}}