{"id":26381,"date":"2026-02-27T00:32:19","date_gmt":"2026-02-27T00:32:19","guid":{"rendered":"https:\/\/nordicmart.andreevmaster.com\/product\/masterkidz-learning-to-count-flex-montessori-sensory-wall-board-2\/"},"modified":"2026-02-27T09:11:53","modified_gmt":"2026-02-27T09:11:53","slug":"masterkidz-learning-to-count-flex-montessori-sensory-wall-board-2","status":"publish","type":"product","link":"https:\/\/nordicmart.andreevmaster.com\/da\/vare\/masterkidz-learning-to-count-flex-montessori-sensory-wall-board-2\/","title":{"rendered":"MASTERKIDZ Learning to Count Flex Montessori Sensory Wall Board"},"content":{"rendered":"<p>Det har aldrig v\u00e6ret s\u00e5 nemt at l\u00e6re at t\u00e6lle! Masterkidz manipulerende tavle hj\u00e6lper b\u00f8rn med at l\u00e6re at t\u00e6lle til 10 og udf\u00f8re grundl\u00e6ggende matematiske operationer. Tavlen bruges til at l\u00e6re matematik, men den udvikler ogs\u00e5 logiske t\u00e6nkeevner og former barnets generelle intellekt.### Funktioner:<\/p>\n<p>* &#8211; Takket v\u00e6re dets alsidighed og muligheden for at montere det p\u00e5 forskellige m\u00e5der er det perfekt til b\u00f8rnehaver, grundskoler og andre uddannelses- og b\u00f8rnepasningsfaciliteter samt til brug i hjemmet.<br \/>\n* &#8211; L\u00e6r at t\u00e6lle giver b\u00f8rn mulighed for at l\u00e6re tal p\u00e5 en nem og sjov m\u00e5de og hj\u00e6lper dem med at t\u00e6lle til 10 og udf\u00f8re grundl\u00e6ggende matematiske regnestykker. Regnestykkerne pr\u00e6senteres grafisk, hvilket g\u00f8r l\u00e6ringen nemmere. Tavlen indeholder mange forklaringer og diagrammer, der viser, hvordan man bruger fingrene til at l\u00e6re grundl\u00e6ggende matematik.<br \/>\n* &#8211; Tavlen kan monteres p\u00e5 tre m\u00e5der: p\u00e5 en v\u00e6g, p\u00e5 et specielt Masterkidz Flex-system eller p\u00e5 et Masterkidz fritst\u00e5ende stativ.* &#8211; Leget\u00f8jet er udelukkende fremstillet af tr\u00e6, hvilket g\u00f8r det milj\u00f8venligt. Ved at k\u00f8be Masterkidz-tr\u00e6plader tager du h\u00e5nd om vores planets sundhed. Masterkidz-leget\u00f8j er h\u00f8jkvalitets, holdbart og sikkert tr\u00e6leget\u00f8j til undervisningsbrug. Designet og tilpasset til forskellige stadier af b\u00f8rns udvikling. Kreativ, eventyrlig og l\u00e6rerig leg er de st\u00f8rste fordele ved dette brands leget\u00f8j. Uvurderlig st\u00f8tte til Montessori-metoden. Det bedste valg til dit hjem, b\u00f8rnehave, hotel eller restaurant. Skab det perfekte legehj\u00f8rne eller en stor p\u00e6dagogisk v\u00e6g. Tilbuddet omfatter v\u00e6gmonterede og mobile tavler, oplyste borde og paneler til leg med maling. Tema-p\u00e6dagogiske moduler og meget mere. Et utroligt stort udvalg af tilbeh\u00f8r og uendelige muligheder for kreativ leg.<\/p>\n","protected":false},"excerpt":{"rendered":"<p>Det har aldrig v\u00e6ret s\u00e5 nemt at l\u00e6re at t\u00e6lle! Masterkidz manipulerende tavle hj\u00e6lper b\u00f8rn med at l\u00e6re at t\u00e6lle til 10 og udf\u00f8re grundl\u00e6ggende matematiske operationer. Tavlen bruges til at l\u00e6re matematik, men den udvikler ogs\u00e5 logiske t\u00e6nkeevner og former barnets generelle intellekt.### Funktioner: * &#8211; Takket v\u00e6re dets alsidighed og muligheden for at [&hellip;]<\/p>\n","protected":false},"featured_media":0,"comment_status":"open","ping_status":"closed","template":"","meta":[],"product_brand":[],"product_cat":[31],"product_tag":[],"class_list":{"0":"post-26381","1":"product","2":"type-product","3":"status-publish","5":"product_cat-uncategorized-da","7":"first","8":"instock","9":"shipping-taxable","10":"purchasable","11":"product-type-simple"},"_links":{"self":[{"href":"https:\/\/nordicmart.andreevmaster.com\/da\/wp-json\/wp\/v2\/product\/26381","targetHints":{"allow":["GET"]}}],"collection":[{"href":"https:\/\/nordicmart.andreevmaster.com\/da\/wp-json\/wp\/v2\/product"}],"about":[{"href":"https:\/\/nordicmart.andreevmaster.com\/da\/wp-json\/wp\/v2\/types\/product"}],"replies":[{"embeddable":true,"href":"https:\/\/nordicmart.andreevmaster.com\/da\/wp-json\/wp\/v2\/comments?post=26381"}],"wp:attachment":[{"href":"https:\/\/nordicmart.andreevmaster.com\/da\/wp-json\/wp\/v2\/media?parent=26381"}],"wp:term":[{"taxonomy":"product_brand","embeddable":true,"href":"https:\/\/nordicmart.andreevmaster.com\/da\/wp-json\/wp\/v2\/product_brand?post=26381"},{"taxonomy":"product_cat","embeddable":true,"href":"https:\/\/nordicmart.andreevmaster.com\/da\/wp-json\/wp\/v2\/product_cat?post=26381"},{"taxonomy":"product_tag","embeddable":true,"href":"https:\/\/nordicmart.andreevmaster.com\/da\/wp-json\/wp\/v2\/product_tag?post=26381"}],"curies":[{"name":"wp","href":"https:\/\/api.w.org\/{rel}","templated":true}]}}