{"id":26380,"date":"2026-02-27T00:32:19","date_gmt":"2026-02-27T00:32:19","guid":{"rendered":"https:\/\/nordicmart.andreevmaster.com\/product\/masterkidz-dobbeltidet-tavle-og-magnetisk-skriveplade\/"},"modified":"2026-02-27T09:11:53","modified_gmt":"2026-02-27T09:11:53","slug":"masterkidz-dobbeltidet-tavle-og-magnetisk-skriveplade","status":"publish","type":"product","link":"https:\/\/nordicmart.andreevmaster.com\/da\/vare\/masterkidz-dobbeltidet-tavle-og-magnetisk-skriveplade\/","title":{"rendered":"MASTERKIDZ Dobbeltidet tavle og magnetisk skriveplade"},"content":{"rendered":"<p>Masterkidz dobbeltsidet magnetisk tavle er en fremragende l\u00f8sning til undervisningslokaler, hvor den underst\u00f8tter b\u00f8rns kreativitet, l\u00e6ring og leg. Den solide konstruktion af naturligt tr\u00e6, muligheden for at bruge to forskellige overflader og den lette h\u00e5ndtering g\u00f8r tavlen ideel til b\u00e5de hjemmet og undervisningsinstitutioner. Det enkle og funktionelle design giver b\u00f8rnene mulighed for at tegne, skrive og lege sammen uden begr\u00e6nsninger.<\/p>\n<p>Egenskaber:<\/p>\n<p>* &#8211; Til b\u00f8rn fra 3 \u00e5r<br \/>\n* &#8211; Fremstillet af h\u00f8jkvalitets birkekrydsfiner<br \/>\n* &#8211; Dobbeltsidet \u2013 sort magnetisk tavle og hvid tavle, der kan t\u00f8rres af<br \/>\n* &#8211; Indbyggede hjul med l\u00e5se g\u00f8r det nemt at flytte tavlen, hvilket sikrer brugervenlighed<br \/>\n* &#8211; Plads under tavlen til opbevaring af kridt, tuschpenne og magneter<br \/>\n* &#8211; Plads til beholdere (s\u00e6lges separat)<\/p>\n<p>* &#8211; Kreativitet<br \/>\n* &#8211; Fantasi<br \/>\n* &#8211; Logik<br \/>\n* &#8211; H\u00e5nd-\u00f8je-koordination<br \/>\n* &#8211; Kunstneriske evner<\/p>\n","protected":false},"excerpt":{"rendered":"<p>Masterkidz dobbeltsidet magnetisk tavle er en fremragende l\u00f8sning til undervisningslokaler, hvor den underst\u00f8tter b\u00f8rns kreativitet, l\u00e6ring og leg. Den solide konstruktion af naturligt tr\u00e6, muligheden for at bruge to forskellige overflader og den lette h\u00e5ndtering g\u00f8r tavlen ideel til b\u00e5de hjemmet og undervisningsinstitutioner. Det enkle og funktionelle design giver b\u00f8rnene mulighed for at tegne, skrive [&hellip;]<\/p>\n","protected":false},"featured_media":0,"comment_status":"open","ping_status":"closed","template":"","meta":[],"product_brand":[],"product_cat":[31],"product_tag":[],"class_list":{"0":"post-26380","1":"product","2":"type-product","3":"status-publish","5":"product_cat-uncategorized-da","7":"first","8":"instock","9":"shipping-taxable","10":"purchasable","11":"product-type-simple"},"_links":{"self":[{"href":"https:\/\/nordicmart.andreevmaster.com\/da\/wp-json\/wp\/v2\/product\/26380","targetHints":{"allow":["GET"]}}],"collection":[{"href":"https:\/\/nordicmart.andreevmaster.com\/da\/wp-json\/wp\/v2\/product"}],"about":[{"href":"https:\/\/nordicmart.andreevmaster.com\/da\/wp-json\/wp\/v2\/types\/product"}],"replies":[{"embeddable":true,"href":"https:\/\/nordicmart.andreevmaster.com\/da\/wp-json\/wp\/v2\/comments?post=26380"}],"wp:attachment":[{"href":"https:\/\/nordicmart.andreevmaster.com\/da\/wp-json\/wp\/v2\/media?parent=26380"}],"wp:term":[{"taxonomy":"product_brand","embeddable":true,"href":"https:\/\/nordicmart.andreevmaster.com\/da\/wp-json\/wp\/v2\/product_brand?post=26380"},{"taxonomy":"product_cat","embeddable":true,"href":"https:\/\/nordicmart.andreevmaster.com\/da\/wp-json\/wp\/v2\/product_cat?post=26380"},{"taxonomy":"product_tag","embeddable":true,"href":"https:\/\/nordicmart.andreevmaster.com\/da\/wp-json\/wp\/v2\/product_tag?post=26380"}],"curies":[{"name":"wp","href":"https:\/\/api.w.org\/{rel}","templated":true}]}}