{"id":26379,"date":"2026-02-27T00:32:18","date_gmt":"2026-02-27T00:32:18","guid":{"rendered":"https:\/\/nordicmart.andreevmaster.com\/product\/masterkidz-gennemsigtige-geometriske-former\/"},"modified":"2026-02-27T09:11:53","modified_gmt":"2026-02-27T09:11:53","slug":"masterkidz-gennemsigtige-geometriske-former","status":"publish","type":"product","link":"https:\/\/nordicmart.andreevmaster.com\/da\/vare\/masterkidz-gennemsigtige-geometriske-former\/","title":{"rendered":"MASTERKIDZ Gennemsigtige geometriske former"},"content":{"rendered":"<p>En enkel og genial id\u00e9 til at l\u00e6re former og farver. Et s\u00e6t rektangul\u00e6re gennemsigtige former g\u00f8r det nemmere at l\u00e6re figurer og regler for farvekombinationer. Produktet giver b\u00f8rn mulighed for at udforske verden i forskellige farver og er et fantastisk eksperimentelt felt for kreative sm\u00e5. <\/p>\n<p>Et s\u00e6t gennemsigtige farvede fliser i forskellige former, der g\u00f8r det nemt og enkelt at undervise i geometriske former. Brikkerne er lavet af holdbart akryl i pr\u00e6cise farver, s\u00e5 b\u00f8rnene ogs\u00e5 kan l\u00e6re om at blande farver, f.eks. r\u00f8d + gul = orange. Den perfekte kombination med Masterkidz Education LED-lyspanels\u00e6ttet. S\u00e6ttet leveres i en robust tr\u00e6kasse, der er nem at opbevare.<\/p>\n<p>Egenskaber<\/p>\n<p>&#8211; til b\u00f8rn fra 3 \u00e5r &#8211; l\u00e6rer geometriske former &#8211; l\u00e6rer farveblanding &#8211; lavet af materialer af h\u00f8j kvalitet<\/p>\n","protected":false},"excerpt":{"rendered":"<p>En enkel og genial id\u00e9 til at l\u00e6re former og farver. Et s\u00e6t rektangul\u00e6re gennemsigtige former g\u00f8r det nemmere at l\u00e6re figurer og regler for farvekombinationer. Produktet giver b\u00f8rn mulighed for at udforske verden i forskellige farver og er et fantastisk eksperimentelt felt for kreative sm\u00e5. Et s\u00e6t gennemsigtige farvede fliser i forskellige former, der [&hellip;]<\/p>\n","protected":false},"featured_media":0,"comment_status":"open","ping_status":"closed","template":"","meta":[],"product_brand":[],"product_cat":[31],"product_tag":[],"class_list":{"0":"post-26379","1":"product","2":"type-product","3":"status-publish","5":"product_cat-uncategorized-da","7":"first","8":"instock","9":"shipping-taxable","10":"purchasable","11":"product-type-simple"},"_links":{"self":[{"href":"https:\/\/nordicmart.andreevmaster.com\/da\/wp-json\/wp\/v2\/product\/26379","targetHints":{"allow":["GET"]}}],"collection":[{"href":"https:\/\/nordicmart.andreevmaster.com\/da\/wp-json\/wp\/v2\/product"}],"about":[{"href":"https:\/\/nordicmart.andreevmaster.com\/da\/wp-json\/wp\/v2\/types\/product"}],"replies":[{"embeddable":true,"href":"https:\/\/nordicmart.andreevmaster.com\/da\/wp-json\/wp\/v2\/comments?post=26379"}],"wp:attachment":[{"href":"https:\/\/nordicmart.andreevmaster.com\/da\/wp-json\/wp\/v2\/media?parent=26379"}],"wp:term":[{"taxonomy":"product_brand","embeddable":true,"href":"https:\/\/nordicmart.andreevmaster.com\/da\/wp-json\/wp\/v2\/product_brand?post=26379"},{"taxonomy":"product_cat","embeddable":true,"href":"https:\/\/nordicmart.andreevmaster.com\/da\/wp-json\/wp\/v2\/product_cat?post=26379"},{"taxonomy":"product_tag","embeddable":true,"href":"https:\/\/nordicmart.andreevmaster.com\/da\/wp-json\/wp\/v2\/product_tag?post=26379"}],"curies":[{"name":"wp","href":"https:\/\/api.w.org\/{rel}","templated":true}]}}