{"id":26378,"date":"2026-02-27T00:32:18","date_gmt":"2026-02-27T00:32:18","guid":{"rendered":"https:\/\/nordicmart.andreevmaster.com\/product\/masterkidz-laer-om-temperatur-vaegmonteret-paedagogisk-tavle-flex\/"},"modified":"2026-02-27T09:11:52","modified_gmt":"2026-02-27T09:11:52","slug":"masterkidz-laer-om-temperatur-vaegmonteret-paedagogisk-tavle-flex","status":"publish","type":"product","link":"https:\/\/nordicmart.andreevmaster.com\/da\/vare\/masterkidz-laer-om-temperatur-vaegmonteret-paedagogisk-tavle-flex\/","title":{"rendered":"MASTERKIDZ L\u00e6r om temperatur V\u00e6gmonteret p\u00e6dagogisk tavle Flex"},"content":{"rendered":"<p>Det er meget vigtigt for b\u00f8rn at forst\u00e5 temperatur og forskellen mellem varmt og koldt. Sm\u00e5 b\u00f8rn er ofte ikke klar over, at noget kan v\u00e6re s\u00e5 koldt eller s\u00e5 varmt, at det kan br\u00e6nde dem. Derfor skal du holde \u00f8je med dit barn og overv\u00e5ge det, hvis det endnu ikke forst\u00e5r disse begreber.<\/p>\n<p>Det p\u00e6dagogiske tavle til at l\u00e6re om temperaturer er et fantastisk undervisningsredskab, der hj\u00e6lper b\u00f8rn med at forst\u00e5 p\u00e5 en nem og sjov m\u00e5de, at noget kan v\u00e6re varmt og ikke b\u00f8r r\u00f8res. Leget\u00f8jet har tre felter med forskellige temperaturer: varm, neutral og kold. Ved at r\u00f8re ved dem oplever b\u00f8rnene selv forskellen. Leget\u00f8jet er sjovt takket v\u00e6re det varmef\u00f8lsomme tavle, men det har ogs\u00e5 stor p\u00e6dagogisk v\u00e6rdi. Det sorte varmef\u00f8lsomme br\u00e6t er designet til at blive r\u00f8rt ved med en kold eller varm h\u00e5nd. Jo varmere h\u00e5nden er, jo r\u00f8dere og tydeligere bliver aftrykket p\u00e5 den sorte overflade. <\/p>\n<p>At l\u00e6re om temperatur er meget vigtigt i et barns udvikling, is\u00e6r for b\u00f8rn med SI-forstyrrelser, Aspergers eller autisme. At forst\u00e5, at noget er varmt og ikke b\u00f8r r\u00f8res, vil hj\u00e6lpe dem til at forts\u00e6tte med at fungere selvst\u00e6ndigt blandt andre mennesker.<\/p>\n<p>Br\u00e6ttet kan monteres p\u00e5 tre m\u00e5der:<\/p>\n<p>&#8211; v\u00e6gmontering,<\/p>\n<p>&#8211; montering p\u00e5 det specielle Masterkidz Flex-system,<\/p>\n<p>&#8211; montering p\u00e5 et Masterkidz fritst\u00e5ende stativ.<\/p>\n<p>Br\u00e6ttets ramme er lavet af tr\u00e6 af h\u00f8j kvalitet, hvilket g\u00f8r det holdbart og milj\u00f8venligt \u2013 du producerer ikke noget plastaffald.<\/p>\n<p>Tilbuddet omfatter et undervisningsbr\u00e6t: L\u00e6re om temperatur: Skelne mellem varmt og koldt.<\/p>\n<p>Masterkidz-leget\u00f8j er h\u00f8jkvalitets, holdbart og sikkert tr\u00e6leget\u00f8j til undervisningsbrug. Designet og tilpasset forskellige stadier af barnets udvikling. Kreativ, eventyrlig og l\u00e6rerig leg \u2013 det er de st\u00f8rste fordele ved dette brands leget\u00f8j. Uvurderlig st\u00f8tte til Montessori-metoden. Det bedste valg til dit hjem, b\u00f8rnehave, hotel eller restaurant. Skab det perfekte legehj\u00f8rne eller en stor p\u00e6dagogisk v\u00e6g. Tilbuddet omfatter v\u00e6gmonterede og mobile tavler, oplyste borde og paneler til leg med maling. Tema-p\u00e6dagogiske moduler og meget mere. Et utroligt stort udvalg af tilbeh\u00f8r og uendelige muligheder for kreativ leg.<\/p>\n","protected":false},"excerpt":{"rendered":"<p>Det er meget vigtigt for b\u00f8rn at forst\u00e5 temperatur og forskellen mellem varmt og koldt. Sm\u00e5 b\u00f8rn er ofte ikke klar over, at noget kan v\u00e6re s\u00e5 koldt eller s\u00e5 varmt, at det kan br\u00e6nde dem. Derfor skal du holde \u00f8je med dit barn og overv\u00e5ge det, hvis det endnu ikke forst\u00e5r disse begreber. Det [&hellip;]<\/p>\n","protected":false},"featured_media":0,"comment_status":"open","ping_status":"closed","template":"","meta":[],"product_brand":[],"product_cat":[31],"product_tag":[],"class_list":{"0":"post-26378","1":"product","2":"type-product","3":"status-publish","5":"product_cat-uncategorized-da","7":"first","8":"instock","9":"shipping-taxable","10":"purchasable","11":"product-type-simple"},"_links":{"self":[{"href":"https:\/\/nordicmart.andreevmaster.com\/da\/wp-json\/wp\/v2\/product\/26378","targetHints":{"allow":["GET"]}}],"collection":[{"href":"https:\/\/nordicmart.andreevmaster.com\/da\/wp-json\/wp\/v2\/product"}],"about":[{"href":"https:\/\/nordicmart.andreevmaster.com\/da\/wp-json\/wp\/v2\/types\/product"}],"replies":[{"embeddable":true,"href":"https:\/\/nordicmart.andreevmaster.com\/da\/wp-json\/wp\/v2\/comments?post=26378"}],"wp:attachment":[{"href":"https:\/\/nordicmart.andreevmaster.com\/da\/wp-json\/wp\/v2\/media?parent=26378"}],"wp:term":[{"taxonomy":"product_brand","embeddable":true,"href":"https:\/\/nordicmart.andreevmaster.com\/da\/wp-json\/wp\/v2\/product_brand?post=26378"},{"taxonomy":"product_cat","embeddable":true,"href":"https:\/\/nordicmart.andreevmaster.com\/da\/wp-json\/wp\/v2\/product_cat?post=26378"},{"taxonomy":"product_tag","embeddable":true,"href":"https:\/\/nordicmart.andreevmaster.com\/da\/wp-json\/wp\/v2\/product_tag?post=26378"}],"curies":[{"name":"wp","href":"https:\/\/api.w.org\/{rel}","templated":true}]}}