{"id":26377,"date":"2026-02-27T00:32:18","date_gmt":"2026-02-27T00:32:18","guid":{"rendered":"https:\/\/nordicmart.andreevmaster.com\/product\/masterkidz-ramme-til-montering-af-tavler-sidekanter-2-stk\/"},"modified":"2026-02-27T09:11:52","modified_gmt":"2026-02-27T09:11:52","slug":"masterkidz-ramme-til-montering-af-tavler-sidekanter-2-stk","status":"publish","type":"product","link":"https:\/\/nordicmart.andreevmaster.com\/da\/vare\/masterkidz-ramme-til-montering-af-tavler-sidekanter-2-stk\/","title":{"rendered":"MASTERKIDZ Ramme til montering af tavler Sidekanter 2 stk."},"content":{"rendered":"<p>Sidekanter til montering af rammen p\u00e5 Masterkidz Flex-v\u00e6gplader er en fantastisk l\u00f8sning, der g\u00f8r det nemt og hurtigt at udskifte Masterkidz-undervisningsplader. Det tager mindre end et minut at fjerne det gamle leget\u00f8j og inds\u00e6tte et nyt, og der kr\u00e6ves ingen v\u00e6rkt\u00f8j. Du skal blot skrue skruen \u00f8verst p\u00e5 rammen ud for at fjerne leget\u00f8jet og skrue den ind igen, n\u00e5r du har indsat det nye. Og s\u00e5 er du f\u00e6rdig!<\/p>\n<p>### Funktioner:<\/p>\n<p>* &#8211; Hver gang du ville installere en ny tavle, var du n\u00f8dt til at bore i v\u00e6ggen. Udskiftningen tog lang tid, skabte rod og beskadigede v\u00e6ggene, men det er slut nu! Nu kan du drage fordel af det fantastiske Masterkidz Flex-monteringssystem til sidekanter, der er designet specielt til undervisningstavler.* &#8211; Masterkidz Flex er et v\u00e6gmonteringssystem til leget\u00f8j, der g\u00f8r det hurtigt og nemt at udskifte. Panelets l\u00e6ngde kan justeres efter dine behov: Du kan bygge en ramme til 1 eller 2 tavler eller endda til et vilk\u00e5rligt antal tavler. Det er op til dig!* &#8211; N\u00e5r du bygger rammen, skal du k\u00f8be det \u00f8nskede antal enkelt- og dobbeltmonteringsenheder og et s\u00e6t sidekanter.* &#8211; Masterkidz Flex-rammer er lavet af tr\u00e6. Ved at v\u00e6lge Masterkidz tr\u00e6produkter passer du p\u00e5 milj\u00f8et og reducerer plastikaffald. * &#8211; Tilbuddet inkluderer 2 sidebj\u00e6lker til montering af Masterkidz Flex-undervisningstavler. Masterkidz-leget\u00f8j er h\u00f8jkvalitets, holdbart og sikkert tr\u00e6leget\u00f8j til undervisningsbrug. Designet og tilpasset til forskellige stadier af b\u00f8rns udvikling. Kreativ, eventyrlig og p\u00e6dagogisk leg er de st\u00f8rste fordele ved dette brands leget\u00f8j. Uvurderlig st\u00f8tte til Montessori-metoden. Det bedste valg til dit hjem, b\u00f8rnehave, hotel eller restaurant. Skab det perfekte legehj\u00f8rne eller en stor p\u00e6dagogisk v\u00e6g. Tilbuddet omfatter v\u00e6gmonterede og mobile tavler, oplyste borde og paneler til leg med maling. Tema-p\u00e6dagogiske moduler og meget mere. Et utroligt stort udvalg af tilbeh\u00f8r og uendelige muligheder for kreativ leg.<\/p>\n","protected":false},"excerpt":{"rendered":"<p>Sidekanter til montering af rammen p\u00e5 Masterkidz Flex-v\u00e6gplader er en fantastisk l\u00f8sning, der g\u00f8r det nemt og hurtigt at udskifte Masterkidz-undervisningsplader. Det tager mindre end et minut at fjerne det gamle leget\u00f8j og inds\u00e6tte et nyt, og der kr\u00e6ves ingen v\u00e6rkt\u00f8j. Du skal blot skrue skruen \u00f8verst p\u00e5 rammen ud for at fjerne leget\u00f8jet og [&hellip;]<\/p>\n","protected":false},"featured_media":0,"comment_status":"open","ping_status":"closed","template":"","meta":[],"product_brand":[],"product_cat":[31],"product_tag":[],"class_list":{"0":"post-26377","1":"product","2":"type-product","3":"status-publish","5":"product_cat-uncategorized-da","7":"first","8":"instock","9":"shipping-taxable","10":"purchasable","11":"product-type-simple"},"_links":{"self":[{"href":"https:\/\/nordicmart.andreevmaster.com\/da\/wp-json\/wp\/v2\/product\/26377","targetHints":{"allow":["GET"]}}],"collection":[{"href":"https:\/\/nordicmart.andreevmaster.com\/da\/wp-json\/wp\/v2\/product"}],"about":[{"href":"https:\/\/nordicmart.andreevmaster.com\/da\/wp-json\/wp\/v2\/types\/product"}],"replies":[{"embeddable":true,"href":"https:\/\/nordicmart.andreevmaster.com\/da\/wp-json\/wp\/v2\/comments?post=26377"}],"wp:attachment":[{"href":"https:\/\/nordicmart.andreevmaster.com\/da\/wp-json\/wp\/v2\/media?parent=26377"}],"wp:term":[{"taxonomy":"product_brand","embeddable":true,"href":"https:\/\/nordicmart.andreevmaster.com\/da\/wp-json\/wp\/v2\/product_brand?post=26377"},{"taxonomy":"product_cat","embeddable":true,"href":"https:\/\/nordicmart.andreevmaster.com\/da\/wp-json\/wp\/v2\/product_cat?post=26377"},{"taxonomy":"product_tag","embeddable":true,"href":"https:\/\/nordicmart.andreevmaster.com\/da\/wp-json\/wp\/v2\/product_tag?post=26377"}],"curies":[{"name":"wp","href":"https:\/\/api.w.org\/{rel}","templated":true}]}}