{"id":26375,"date":"2026-02-27T00:32:17","date_gmt":"2026-02-27T00:32:17","guid":{"rendered":"https:\/\/nordicmart.andreevmaster.com\/product\/masterkidz-sandramme-tilbehor\/"},"modified":"2026-02-27T09:11:52","modified_gmt":"2026-02-27T09:11:52","slug":"masterkidz-sandramme-tilbehor","status":"publish","type":"product","link":"https:\/\/nordicmart.andreevmaster.com\/da\/vare\/masterkidz-sandramme-tilbehor\/","title":{"rendered":"MASTERKIDZ Sandramme + tilbeh\u00f8r"},"content":{"rendered":"<p>N\u00e5r det kommer til b\u00f8rns udvikling, lever Masterkidz-m\u00e6rket op til forventningerne. Hvert element i den p\u00e6dagogiske st\u00f8tte er gennemt\u00e6nkt og udvikler specifikke f\u00e6rdigheder hos de unge.<\/p>\n<p>Det, vi \u00f8ver:<\/p>\n<p>&#8211; finmotorik<\/p>\n<p>&#8211; koncentration<\/p>\n<p>&#8211; kreativitet<\/p>\n<p>&#8211; rumlig fantasi<\/p>\n<p>&#8211; kunstneriske evner<\/p>\n<p>&#8211; former<\/p>\n<p>&#8211; farver<\/p>\n<p>Rammen kan suppleres med et let og praktisk LED-lyspanel, der er designet til at passe perfekt til det multifunktionelle Masterkidz-bord p\u00e5 hjul. Takket v\u00e6re hjulene kan bordet nemt placeres hvor som helst.<\/p>\n<p>En ekstra bekvemmelighed er Micro USB-str\u00f8mforsyningen til panelet. De fleste standard telefonopladere fungerer korrekt med lyspanelet, s\u00e5 der er aldrig noget problem med str\u00f8mforsyningen.Lyset fra panelet kan styres med en fjernbetjening. Det er muligt at justere hver af de farver, der udg\u00f8r farven: r\u00f8d, gr\u00f8n og bl\u00e5, eller v\u00e6lge en farve blandt de forprogrammerede. Du kan v\u00e6lge mellem 3 visningstilstande: regnbuefarver i loop, tordenvejrstilstand og beroligende farver i loop. Lyspanelet kombineret med en sandmaleramme er den perfekte m\u00e5de at have det sjovt p\u00e5. Takket v\u00e6re rammen spildes sandet ikke uden for bordet. Masterkidz-leget\u00f8j er h\u00f8jkvalitets, holdbart og sikkert tr\u00e6leget\u00f8j til undervisningsbrug. Designet og tilpasset til forskellige stadier af barnets udvikling. Kreativt, eventyrlystent og p\u00e6dagogisk leg er de st\u00f8rste fordele ved dette brands leget\u00f8j. Uvurderlig st\u00f8tte til Montessori-metoden. Det bedste valg til dit hjem, b\u00f8rnehave, hotel eller restaurant. Skab det perfekte legehj\u00f8rne eller en stor p\u00e6dagogisk v\u00e6g. Tilbuddet omfatter v\u00e6gmonterede og mobile tavler, oplyste borde og paneler til leg med maling. Tema-p\u00e6dagogiske moduler og meget mere. Et utroligt stort udvalg af tilbeh\u00f8r og uendelige muligheder for kreativ leg.<\/p>\n","protected":false},"excerpt":{"rendered":"<p>N\u00e5r det kommer til b\u00f8rns udvikling, lever Masterkidz-m\u00e6rket op til forventningerne. Hvert element i den p\u00e6dagogiske st\u00f8tte er gennemt\u00e6nkt og udvikler specifikke f\u00e6rdigheder hos de unge. Det, vi \u00f8ver: &#8211; finmotorik &#8211; koncentration &#8211; kreativitet &#8211; rumlig fantasi &#8211; kunstneriske evner &#8211; former &#8211; farver Rammen kan suppleres med et let og praktisk LED-lyspanel, der [&hellip;]<\/p>\n","protected":false},"featured_media":0,"comment_status":"open","ping_status":"closed","template":"","meta":[],"product_brand":[],"product_cat":[31],"product_tag":[],"class_list":{"0":"post-26375","1":"product","2":"type-product","3":"status-publish","5":"product_cat-uncategorized-da","7":"first","8":"instock","9":"shipping-taxable","10":"purchasable","11":"product-type-simple"},"_links":{"self":[{"href":"https:\/\/nordicmart.andreevmaster.com\/da\/wp-json\/wp\/v2\/product\/26375","targetHints":{"allow":["GET"]}}],"collection":[{"href":"https:\/\/nordicmart.andreevmaster.com\/da\/wp-json\/wp\/v2\/product"}],"about":[{"href":"https:\/\/nordicmart.andreevmaster.com\/da\/wp-json\/wp\/v2\/types\/product"}],"replies":[{"embeddable":true,"href":"https:\/\/nordicmart.andreevmaster.com\/da\/wp-json\/wp\/v2\/comments?post=26375"}],"wp:attachment":[{"href":"https:\/\/nordicmart.andreevmaster.com\/da\/wp-json\/wp\/v2\/media?parent=26375"}],"wp:term":[{"taxonomy":"product_brand","embeddable":true,"href":"https:\/\/nordicmart.andreevmaster.com\/da\/wp-json\/wp\/v2\/product_brand?post=26375"},{"taxonomy":"product_cat","embeddable":true,"href":"https:\/\/nordicmart.andreevmaster.com\/da\/wp-json\/wp\/v2\/product_cat?post=26375"},{"taxonomy":"product_tag","embeddable":true,"href":"https:\/\/nordicmart.andreevmaster.com\/da\/wp-json\/wp\/v2\/product_tag?post=26375"}],"curies":[{"name":"wp","href":"https:\/\/api.w.org\/{rel}","templated":true}]}}