{"id":26374,"date":"2026-02-27T00:32:17","date_gmt":"2026-02-27T00:32:17","guid":{"rendered":"https:\/\/nordicmart.andreevmaster.com\/product\/masterkidz-sensorisk-vaegplade-overfladestrukturgenkendelse\/"},"modified":"2026-02-27T09:11:52","modified_gmt":"2026-02-27T09:11:52","slug":"masterkidz-sensorisk-vaegplade-overfladestrukturgenkendelse","status":"publish","type":"product","link":"https:\/\/nordicmart.andreevmaster.com\/da\/vare\/masterkidz-sensorisk-vaegplade-overfladestrukturgenkendelse\/","title":{"rendered":"MASTERKIDZ Sensorisk v\u00e6gplade Overfladestrukturgenkendelse"},"content":{"rendered":"<p>Sensoriske plader er fantastiske leget\u00f8j, der stimulerer b\u00f8rns sanser. Pladen til strukturgenkendelse udvikler f\u00f8lesansen, som senere kan bruges mere effektivt til at udforske omgivelserne. Spillet g\u00e5r ud p\u00e5 at finde par af brikker med matchende teksturer med lukkede \u00f8jne. Opgaven er ikke s\u00e5 let, som den ser ud til, og barnet skal koncentrere sig meget og bruge sine sanser. <\/p>\n<p>Leget\u00f8jet best\u00e5r af 9 par brikker. \u00d8verst er der sm\u00e5 brikker, som man f\u00f8rst r\u00f8rer ved for at l\u00e6re teksturen og m\u00f8nsteret p\u00e5 brikken at kende, og derefter skal barnet finde den samme brik blandt de 9 store brikker.<\/p>\n<p>Br\u00e6ttet kan samles p\u00e5 3 m\u00e5der:<\/p>\n<p>* V\u00e6gmontering<br \/>\n* Montering p\u00e5 det specielle Masterkidz Flex-system<br \/>\n* Montering p\u00e5 et Masterkidz fritst\u00e5ende stativ<\/p>\n<p>Leget\u00f8jet er udelukkende lavet af tr\u00e6. Ved at v\u00e6lge Masterkidz tr\u00e6br\u00e6tter passer du p\u00e5 milj\u00f8et ved at reducere plastikaffald.<\/p>\n","protected":false},"excerpt":{"rendered":"<p>Sensoriske plader er fantastiske leget\u00f8j, der stimulerer b\u00f8rns sanser. Pladen til strukturgenkendelse udvikler f\u00f8lesansen, som senere kan bruges mere effektivt til at udforske omgivelserne. Spillet g\u00e5r ud p\u00e5 at finde par af brikker med matchende teksturer med lukkede \u00f8jne. Opgaven er ikke s\u00e5 let, som den ser ud til, og barnet skal koncentrere sig meget [&hellip;]<\/p>\n","protected":false},"featured_media":0,"comment_status":"open","ping_status":"closed","template":"","meta":[],"product_brand":[],"product_cat":[31],"product_tag":[],"class_list":{"0":"post-26374","1":"product","2":"type-product","3":"status-publish","5":"product_cat-uncategorized-da","7":"first","8":"instock","9":"shipping-taxable","10":"purchasable","11":"product-type-simple"},"_links":{"self":[{"href":"https:\/\/nordicmart.andreevmaster.com\/da\/wp-json\/wp\/v2\/product\/26374","targetHints":{"allow":["GET"]}}],"collection":[{"href":"https:\/\/nordicmart.andreevmaster.com\/da\/wp-json\/wp\/v2\/product"}],"about":[{"href":"https:\/\/nordicmart.andreevmaster.com\/da\/wp-json\/wp\/v2\/types\/product"}],"replies":[{"embeddable":true,"href":"https:\/\/nordicmart.andreevmaster.com\/da\/wp-json\/wp\/v2\/comments?post=26374"}],"wp:attachment":[{"href":"https:\/\/nordicmart.andreevmaster.com\/da\/wp-json\/wp\/v2\/media?parent=26374"}],"wp:term":[{"taxonomy":"product_brand","embeddable":true,"href":"https:\/\/nordicmart.andreevmaster.com\/da\/wp-json\/wp\/v2\/product_brand?post=26374"},{"taxonomy":"product_cat","embeddable":true,"href":"https:\/\/nordicmart.andreevmaster.com\/da\/wp-json\/wp\/v2\/product_cat?post=26374"},{"taxonomy":"product_tag","embeddable":true,"href":"https:\/\/nordicmart.andreevmaster.com\/da\/wp-json\/wp\/v2\/product_tag?post=26374"}],"curies":[{"name":"wp","href":"https:\/\/api.w.org\/{rel}","templated":true}]}}