{"id":26373,"date":"2026-02-27T00:32:17","date_gmt":"2026-02-27T00:32:17","guid":{"rendered":"https:\/\/nordicmart.andreevmaster.com\/product\/masterkidz-balance-training-wooden-boards-2\/"},"modified":"2026-02-27T09:11:52","modified_gmt":"2026-02-27T09:11:52","slug":"masterkidz-balance-training-wooden-boards-2","status":"publish","type":"product","link":"https:\/\/nordicmart.andreevmaster.com\/da\/vare\/masterkidz-balance-training-wooden-boards-2\/","title":{"rendered":"MASTERKIDZ Balance Training Wooden Boards"},"content":{"rendered":"<p>Et fantastisk leget\u00f8j til b\u00f8rn, der hj\u00e6lper med at udvikle mange f\u00e6rdigheder hos dine b\u00f8rn! S\u00e6ttet med tr\u00e6plader til at \u00f8ve balance best\u00e5r af 10 bj\u00e6lker, som b\u00f8rnene kan g\u00e5 p\u00e5. De kan arrangeres i enhver r\u00e6kkef\u00f8lge eller kombination, s\u00e5 legen altid vil v\u00e6re interessant og unik. H\u00f8jden er lille, og pladernes kanter er afrundede, hvilket g\u00f8r legen helt sikker.Takket v\u00e6re muligheden for at arrangere s\u00e6ttet p\u00e5 mange forskellige m\u00e5der kan b\u00f8rn udvikle deres kreativitet ved at pr\u00f8ve at finde p\u00e5 de mest interessante stier at g\u00e5 p\u00e5. Ved at pr\u00f8ve at g\u00e5 den udpegede rute \u00f8ver b\u00f8rnene deres balance, hvilket har en stor indvirkning p\u00e5 udviklingen af det vestibul\u00e6re system. Dette er yderst vigtigt i den tidlige udvikling.<\/p>\n<p>B\u00f8rnene kan ogs\u00e5 udvikle deres f\u00f8lesans, da br\u00e6dderne har forskellige m\u00f8nstre og former indsk\u00e5ret i sig. N\u00e5r de g\u00e5r barfodet, kan b\u00f8rnene m\u00e6rke dem p\u00e5 deres f\u00f8dder. De kan g\u00e6tte, hvilket m\u00f8nster de st\u00e5r p\u00e5 i et givet \u00f8jeblik, hvilket g\u00f8r legen endnu sjovere.<\/p>\n<p>S\u00e6ttet best\u00e5r af 10 forskellige typer br\u00e6dder og elementer til montering p\u00e5 en platform.<\/p>\n<p>Leget\u00f8jet er lavet af tr\u00e6. Ved at v\u00e6lge Masterkidz tr\u00e6leget\u00f8j passer du p\u00e5 milj\u00f8et og reducerer plastikaffaldet.<\/p>\n<p>Masterkidz leget\u00f8j er h\u00f8jkvalitets, holdbart og sikkert tr\u00e6leget\u00f8j. Designet og tilpasset til forskellige stadier af barnets udvikling. Kreativt, eventyrligt og l\u00e6rerigt leg \u2013 det er de st\u00f8rste fordele ved dette brands leget\u00f8j. Uvurderlig st\u00f8tte til Montessori-metoden. Det bedste valg til dit hjem, b\u00f8rnehave, hotel eller restaurant. Skab det perfekte legehj\u00f8rne eller en stor p\u00e6dagogisk v\u00e6g. Tilbuddet omfatter v\u00e6gmonterede og mobile tavler, oplyste borde og paneler til leg med maling. Tema-p\u00e6dagogiske moduler og meget mere. Et utroligt stort udvalg af tilbeh\u00f8r og uendelige muligheder for kreativ leg.<\/p>\n","protected":false},"excerpt":{"rendered":"<p>Et fantastisk leget\u00f8j til b\u00f8rn, der hj\u00e6lper med at udvikle mange f\u00e6rdigheder hos dine b\u00f8rn! S\u00e6ttet med tr\u00e6plader til at \u00f8ve balance best\u00e5r af 10 bj\u00e6lker, som b\u00f8rnene kan g\u00e5 p\u00e5. De kan arrangeres i enhver r\u00e6kkef\u00f8lge eller kombination, s\u00e5 legen altid vil v\u00e6re interessant og unik. H\u00f8jden er lille, og pladernes kanter er afrundede, [&hellip;]<\/p>\n","protected":false},"featured_media":0,"comment_status":"open","ping_status":"closed","template":"","meta":[],"product_brand":[],"product_cat":[31],"product_tag":[],"class_list":{"0":"post-26373","1":"product","2":"type-product","3":"status-publish","5":"product_cat-uncategorized-da","7":"first","8":"instock","9":"shipping-taxable","10":"purchasable","11":"product-type-simple"},"_links":{"self":[{"href":"https:\/\/nordicmart.andreevmaster.com\/da\/wp-json\/wp\/v2\/product\/26373","targetHints":{"allow":["GET"]}}],"collection":[{"href":"https:\/\/nordicmart.andreevmaster.com\/da\/wp-json\/wp\/v2\/product"}],"about":[{"href":"https:\/\/nordicmart.andreevmaster.com\/da\/wp-json\/wp\/v2\/types\/product"}],"replies":[{"embeddable":true,"href":"https:\/\/nordicmart.andreevmaster.com\/da\/wp-json\/wp\/v2\/comments?post=26373"}],"wp:attachment":[{"href":"https:\/\/nordicmart.andreevmaster.com\/da\/wp-json\/wp\/v2\/media?parent=26373"}],"wp:term":[{"taxonomy":"product_brand","embeddable":true,"href":"https:\/\/nordicmart.andreevmaster.com\/da\/wp-json\/wp\/v2\/product_brand?post=26373"},{"taxonomy":"product_cat","embeddable":true,"href":"https:\/\/nordicmart.andreevmaster.com\/da\/wp-json\/wp\/v2\/product_cat?post=26373"},{"taxonomy":"product_tag","embeddable":true,"href":"https:\/\/nordicmart.andreevmaster.com\/da\/wp-json\/wp\/v2\/product_tag?post=26373"}],"curies":[{"name":"wp","href":"https:\/\/api.w.org\/{rel}","templated":true}]}}