{"id":26372,"date":"2026-02-27T00:32:17","date_gmt":"2026-02-27T00:32:17","guid":{"rendered":"https:\/\/nordicmart.andreevmaster.com\/product\/masterkidz-paedagogisk-tavle-til-genkendelse-af-teksturer-og-folesansen\/"},"modified":"2026-02-27T09:11:51","modified_gmt":"2026-02-27T09:11:51","slug":"masterkidz-paedagogisk-tavle-til-genkendelse-af-teksturer-og-folesansen","status":"publish","type":"product","link":"https:\/\/nordicmart.andreevmaster.com\/da\/vare\/masterkidz-paedagogisk-tavle-til-genkendelse-af-teksturer-og-folesansen\/","title":{"rendered":"MASTERKIDZ P\u00e6dagogisk tavle til genkendelse af teksturer og f\u00f8lesansen"},"content":{"rendered":"<p>Det sensoriske br\u00e6t til tr\u00e6ning af f\u00f8lesansen er et fantastisk p\u00e6dagogisk leget\u00f8j, der underst\u00f8tter udviklingen af barnets sanser, men ogs\u00e5 et uvurderligt undervisningsredskab, der med succes kan bruges i b\u00f8rnehaver, skoler og ogs\u00e5 p\u00e5 klinikker for b\u00f8rn med autisme, Aspergers syndrom og SI-forstyrrelser.<\/p>\n<p>Opgaven for de legende b\u00f8rn er at finde matchende par af brikker, mens de har bind for \u00f8jnene. De m\u00e5 kun bruge deres f\u00f8lesans til at hj\u00e6lpe sig. L\u00e6reren eller for\u00e6ldrene kan g\u00f8re spillet mere interessant ved at bede barnet beskrive de overflader, det r\u00f8rer ved, og fors\u00f8ge at navngive dem. Dette vil bedre forberede barnet p\u00e5 at udforske verden og l\u00e6re det om egenskaberne ved materialer som tr\u00e6 eller stof. Det er ogs\u00e5 et meget vigtigt element i udviklingen af blinde b\u00f8rn.<\/p>\n<p>Tavlen kan samles p\u00e5 tre m\u00e5der:<\/p>\n<p>&#8211; V\u00e6gmontering,<\/p>\n<p>&#8211; Installation i et specielt Masterkidz Flex-system,<\/p>\n<p>&#8211; Installation i et fritst\u00e5ende Masterkidz-stativ.<\/p>\n<p>Tavlens ramme er udelukkende lavet af tr\u00e6, hvilket g\u00f8r leget\u00f8jet milj\u00f8venligt.<\/p>\n<p>Tilbuddet omfatter en sensorisk tavle: Strukturgenkendelse<\/p>\n","protected":false},"excerpt":{"rendered":"<p>Det sensoriske br\u00e6t til tr\u00e6ning af f\u00f8lesansen er et fantastisk p\u00e6dagogisk leget\u00f8j, der underst\u00f8tter udviklingen af barnets sanser, men ogs\u00e5 et uvurderligt undervisningsredskab, der med succes kan bruges i b\u00f8rnehaver, skoler og ogs\u00e5 p\u00e5 klinikker for b\u00f8rn med autisme, Aspergers syndrom og SI-forstyrrelser. Opgaven for de legende b\u00f8rn er at finde matchende par af brikker, [&hellip;]<\/p>\n","protected":false},"featured_media":0,"comment_status":"open","ping_status":"closed","template":"","meta":[],"product_brand":[],"product_cat":[31],"product_tag":[],"class_list":{"0":"post-26372","1":"product","2":"type-product","3":"status-publish","5":"product_cat-uncategorized-da","7":"first","8":"instock","9":"shipping-taxable","10":"purchasable","11":"product-type-simple"},"_links":{"self":[{"href":"https:\/\/nordicmart.andreevmaster.com\/da\/wp-json\/wp\/v2\/product\/26372","targetHints":{"allow":["GET"]}}],"collection":[{"href":"https:\/\/nordicmart.andreevmaster.com\/da\/wp-json\/wp\/v2\/product"}],"about":[{"href":"https:\/\/nordicmart.andreevmaster.com\/da\/wp-json\/wp\/v2\/types\/product"}],"replies":[{"embeddable":true,"href":"https:\/\/nordicmart.andreevmaster.com\/da\/wp-json\/wp\/v2\/comments?post=26372"}],"wp:attachment":[{"href":"https:\/\/nordicmart.andreevmaster.com\/da\/wp-json\/wp\/v2\/media?parent=26372"}],"wp:term":[{"taxonomy":"product_brand","embeddable":true,"href":"https:\/\/nordicmart.andreevmaster.com\/da\/wp-json\/wp\/v2\/product_brand?post=26372"},{"taxonomy":"product_cat","embeddable":true,"href":"https:\/\/nordicmart.andreevmaster.com\/da\/wp-json\/wp\/v2\/product_cat?post=26372"},{"taxonomy":"product_tag","embeddable":true,"href":"https:\/\/nordicmart.andreevmaster.com\/da\/wp-json\/wp\/v2\/product_tag?post=26372"}],"curies":[{"name":"wp","href":"https:\/\/api.w.org\/{rel}","templated":true}]}}