{"id":26371,"date":"2026-02-27T00:32:16","date_gmt":"2026-02-27T00:32:16","guid":{"rendered":"https:\/\/nordicmart.andreevmaster.com\/product\/masterkidz-monteringssystem-til-5-masterkidz-flex-tavler-tog\/"},"modified":"2026-02-27T09:11:51","modified_gmt":"2026-02-27T09:11:51","slug":"masterkidz-monteringssystem-til-5-masterkidz-flex-tavler-tog","status":"publish","type":"product","link":"https:\/\/nordicmart.andreevmaster.com\/da\/vare\/masterkidz-monteringssystem-til-5-masterkidz-flex-tavler-tog\/","title":{"rendered":"MASTERKIDZ Monteringssystem til 5 Masterkidz Flex-tavler &#8211; Tog"},"content":{"rendered":"<p>Er du tr\u00e6t af de samme v\u00e6gplader til b\u00f8rn, der har h\u00e6ngt i \u00e5revis? Ved du ikke, hvad du skal g\u00f8re, n\u00e5r et af tavlerne bliver beskadiget, og v\u00e6ggen nedenunder \u00f8del\u00e6gges af boringen? Her er l\u00f8sningen: Masterkidz Flex-monteringssystem til v\u00e6gbr\u00e6tter. Der kr\u00e6ves ingen v\u00e6rkt\u00f8j for at udskifte et br\u00e6t, og installation og fjernelse af individuelle leget\u00f8j er utroligt enkelt og hurtigt. <\/p>\n<p>Systemet har 5 rammer til br\u00e6tter. Det tager mindre end et minut at fjerne et og inds\u00e6tte et andet. L\u00e6rerne kan frit udskifte hj\u00e6lpemidler mellem timerne og f.eks. v\u00e6lge leget\u00f8j fra en bestemt kategori: sensorisk, fingerf\u00e6rdighed, matematik osv. Det togformede design er charmerende og fungerer ogs\u00e5 godt som en enkel dekoration. Leget\u00f8jet er lavet af tr\u00e6. Ved at v\u00e6lge Masterkidz tr\u00e6leget\u00f8j passer du p\u00e5 milj\u00f8et og reducerer plastikaffald.<\/p>\n","protected":false},"excerpt":{"rendered":"<p>Er du tr\u00e6t af de samme v\u00e6gplader til b\u00f8rn, der har h\u00e6ngt i \u00e5revis? Ved du ikke, hvad du skal g\u00f8re, n\u00e5r et af tavlerne bliver beskadiget, og v\u00e6ggen nedenunder \u00f8del\u00e6gges af boringen? Her er l\u00f8sningen: Masterkidz Flex-monteringssystem til v\u00e6gbr\u00e6tter. Der kr\u00e6ves ingen v\u00e6rkt\u00f8j for at udskifte et br\u00e6t, og installation og fjernelse af individuelle [&hellip;]<\/p>\n","protected":false},"featured_media":0,"comment_status":"open","ping_status":"closed","template":"","meta":[],"product_brand":[],"product_cat":[31],"product_tag":[],"class_list":{"0":"post-26371","1":"product","2":"type-product","3":"status-publish","5":"product_cat-uncategorized-da","7":"first","8":"instock","9":"shipping-taxable","10":"purchasable","11":"product-type-simple"},"_links":{"self":[{"href":"https:\/\/nordicmart.andreevmaster.com\/da\/wp-json\/wp\/v2\/product\/26371","targetHints":{"allow":["GET"]}}],"collection":[{"href":"https:\/\/nordicmart.andreevmaster.com\/da\/wp-json\/wp\/v2\/product"}],"about":[{"href":"https:\/\/nordicmart.andreevmaster.com\/da\/wp-json\/wp\/v2\/types\/product"}],"replies":[{"embeddable":true,"href":"https:\/\/nordicmart.andreevmaster.com\/da\/wp-json\/wp\/v2\/comments?post=26371"}],"wp:attachment":[{"href":"https:\/\/nordicmart.andreevmaster.com\/da\/wp-json\/wp\/v2\/media?parent=26371"}],"wp:term":[{"taxonomy":"product_brand","embeddable":true,"href":"https:\/\/nordicmart.andreevmaster.com\/da\/wp-json\/wp\/v2\/product_brand?post=26371"},{"taxonomy":"product_cat","embeddable":true,"href":"https:\/\/nordicmart.andreevmaster.com\/da\/wp-json\/wp\/v2\/product_cat?post=26371"},{"taxonomy":"product_tag","embeddable":true,"href":"https:\/\/nordicmart.andreevmaster.com\/da\/wp-json\/wp\/v2\/product_tag?post=26371"}],"curies":[{"name":"wp","href":"https:\/\/api.w.org\/{rel}","templated":true}]}}