{"id":26370,"date":"2026-02-27T00:32:16","date_gmt":"2026-02-27T00:32:16","guid":{"rendered":"https:\/\/nordicmart.andreevmaster.com\/product\/masterkidz-flex-5-wall-educational-board-mounting-system-caterpillar-2\/"},"modified":"2026-02-27T09:11:51","modified_gmt":"2026-02-27T09:11:51","slug":"masterkidz-flex-5-wall-educational-board-mounting-system-caterpillar-2","status":"publish","type":"product","link":"https:\/\/nordicmart.andreevmaster.com\/da\/vare\/masterkidz-flex-5-wall-educational-board-mounting-system-caterpillar-2\/","title":{"rendered":"MASTERKIDZ Flex 5-Wall Educational Board Mounting System &#8211; Caterpillar"},"content":{"rendered":"<p>Er du tr\u00e6t af de samme v\u00e6gplader til b\u00f8rn, der har h\u00e6ngt i \u00e5revis? Ved du ikke, hvad du skal g\u00f8re, n\u00e5r en af pladerne bliver beskadiget, og der er en beskadiget v\u00e6g nedenunder? Vi har den perfekte l\u00f8sning: Masterkidz Flex v\u00e6gplademonteringssystem i form af en smuk og farverig Caterpillar. Der kr\u00e6ves ingen v\u00e6rkt\u00f8j for at udskifte tavlen, og installation og fjernelse af individuelle leget\u00f8j er utroligt enkelt og hurtigt. Det tager mindre end et minut at fjerne et og inds\u00e6tte et andet. L\u00e6rere kan frit bytte hj\u00e6lpemidler mellem klasserne og v\u00e6lge tavler fra en bestemt kategori: sensorisk, fingerf\u00e6rdighed, matematik osv. <\/p>\n<p>Systemet har 5 rammer til Masterkidz Flex-undervisningstavler og farverige tr\u00e6puder i form af Caterpillars torso. Det er ideelt til brug i b\u00f8rnehaver, men ogs\u00e5 i legerum, klinikker og ergoterapi-centre for b\u00f8rn med autisme, Aspergers syndrom og SI-forstyrrelser. Husk! Du beh\u00f8ver kun at k\u00f8be monteringssystemet \u00e9n gang, og antallet af anvendelsesmuligheder er ubegr\u00e6nset, da du hele tiden kan udskifte tavlerne med nye. Det larveformede design er charmerende og fungerer ogs\u00e5 godt som en enkel v\u00e6gdekoration.<\/p>\n<p>Leget\u00f8jet er lavet af tr\u00e6. Ved at v\u00e6lge Masterkidz tr\u00e6leget\u00f8j passer du p\u00e5 milj\u00f8et og reducerer plastikaffald.<\/p>\n","protected":false},"excerpt":{"rendered":"<p>Er du tr\u00e6t af de samme v\u00e6gplader til b\u00f8rn, der har h\u00e6ngt i \u00e5revis? Ved du ikke, hvad du skal g\u00f8re, n\u00e5r en af pladerne bliver beskadiget, og der er en beskadiget v\u00e6g nedenunder? Vi har den perfekte l\u00f8sning: Masterkidz Flex v\u00e6gplademonteringssystem i form af en smuk og farverig Caterpillar. Der kr\u00e6ves ingen v\u00e6rkt\u00f8j for [&hellip;]<\/p>\n","protected":false},"featured_media":0,"comment_status":"open","ping_status":"closed","template":"","meta":[],"product_brand":[],"product_cat":[31],"product_tag":[],"class_list":{"0":"post-26370","1":"product","2":"type-product","3":"status-publish","5":"product_cat-uncategorized-da","7":"first","8":"instock","9":"shipping-taxable","10":"purchasable","11":"product-type-simple"},"_links":{"self":[{"href":"https:\/\/nordicmart.andreevmaster.com\/da\/wp-json\/wp\/v2\/product\/26370","targetHints":{"allow":["GET"]}}],"collection":[{"href":"https:\/\/nordicmart.andreevmaster.com\/da\/wp-json\/wp\/v2\/product"}],"about":[{"href":"https:\/\/nordicmart.andreevmaster.com\/da\/wp-json\/wp\/v2\/types\/product"}],"replies":[{"embeddable":true,"href":"https:\/\/nordicmart.andreevmaster.com\/da\/wp-json\/wp\/v2\/comments?post=26370"}],"wp:attachment":[{"href":"https:\/\/nordicmart.andreevmaster.com\/da\/wp-json\/wp\/v2\/media?parent=26370"}],"wp:term":[{"taxonomy":"product_brand","embeddable":true,"href":"https:\/\/nordicmart.andreevmaster.com\/da\/wp-json\/wp\/v2\/product_brand?post=26370"},{"taxonomy":"product_cat","embeddable":true,"href":"https:\/\/nordicmart.andreevmaster.com\/da\/wp-json\/wp\/v2\/product_cat?post=26370"},{"taxonomy":"product_tag","embeddable":true,"href":"https:\/\/nordicmart.andreevmaster.com\/da\/wp-json\/wp\/v2\/product_tag?post=26370"}],"curies":[{"name":"wp","href":"https:\/\/api.w.org\/{rel}","templated":true}]}}