{"id":26369,"date":"2026-02-27T00:32:16","date_gmt":"2026-02-27T00:32:16","guid":{"rendered":"https:\/\/nordicmart.andreevmaster.com\/product\/masterkidz-vinduesmaleri-dobbeltsidet-staffeli\/"},"modified":"2026-02-27T09:11:51","modified_gmt":"2026-02-27T09:11:51","slug":"masterkidz-vinduesmaleri-dobbeltsidet-staffeli","status":"publish","type":"product","link":"https:\/\/nordicmart.andreevmaster.com\/da\/vare\/masterkidz-vinduesmaleri-dobbeltsidet-staffeli\/","title":{"rendered":"MASTERKIDZ Vinduesmaleri dobbeltsidet staffeli"},"content":{"rendered":"<p>Et dobbeltsidet malerstativ er et fremragende valg, der ikke kun giver timevis af sjov, men ogs\u00e5 hj\u00e6lper med at udvikle fantasi, kreativitet og manuelle f\u00e6rdigheder! Vores staffeli skiller sig ud takket v\u00e6re sin gennemsigtige akryloverflade, som giver b\u00f8rnene mulighed for ikke kun at male det, deres fantasi fort\u00e6ller dem, men ogs\u00e5 at lade sig inspirere af deres omgivelser og male objekter og mennesker p\u00e5 den anden side. Det er den perfekte l\u00f8sning til at lege alene, parvis eller endda i en lille gruppe!<\/p>\n<p>KOPPS\u00c6TET ME32287 ER KOMPATIBELT MED TAVLEN.<\/p>\n<p>Funktioner:<\/p>\n<p>&#8211; Inkluderer en stor gennemsigtig akryloverflade til maling. &#8211; R\u00e6kker helt ned til gulvet, s\u00e5 b\u00f8rn i alle aldre kan arbejde komfortabelt &#8211; Staffeliet er let at flytte og kan stilles op hvor som helst &#8211; T\u00f8r blot overfladen af med en fugtig klud, og du er klar til at begynde igen!<\/p>\n<p>Leget\u00f8jet udvikler:<\/p>\n<p>&#8211; Kreativitet og fantasi &#8211; Eksperimentering med farver og maleteknikker &#8211; Visuel perception og motorisk koordination &#8211; Samarbejde og leg sammen<\/p>\n","protected":false},"excerpt":{"rendered":"<p>Et dobbeltsidet malerstativ er et fremragende valg, der ikke kun giver timevis af sjov, men ogs\u00e5 hj\u00e6lper med at udvikle fantasi, kreativitet og manuelle f\u00e6rdigheder! Vores staffeli skiller sig ud takket v\u00e6re sin gennemsigtige akryloverflade, som giver b\u00f8rnene mulighed for ikke kun at male det, deres fantasi fort\u00e6ller dem, men ogs\u00e5 at lade sig inspirere [&hellip;]<\/p>\n","protected":false},"featured_media":0,"comment_status":"open","ping_status":"closed","template":"","meta":[],"product_brand":[],"product_cat":[31],"product_tag":[],"class_list":{"0":"post-26369","1":"product","2":"type-product","3":"status-publish","5":"product_cat-uncategorized-da","7":"first","8":"instock","9":"shipping-taxable","10":"purchasable","11":"product-type-simple"},"_links":{"self":[{"href":"https:\/\/nordicmart.andreevmaster.com\/da\/wp-json\/wp\/v2\/product\/26369","targetHints":{"allow":["GET"]}}],"collection":[{"href":"https:\/\/nordicmart.andreevmaster.com\/da\/wp-json\/wp\/v2\/product"}],"about":[{"href":"https:\/\/nordicmart.andreevmaster.com\/da\/wp-json\/wp\/v2\/types\/product"}],"replies":[{"embeddable":true,"href":"https:\/\/nordicmart.andreevmaster.com\/da\/wp-json\/wp\/v2\/comments?post=26369"}],"wp:attachment":[{"href":"https:\/\/nordicmart.andreevmaster.com\/da\/wp-json\/wp\/v2\/media?parent=26369"}],"wp:term":[{"taxonomy":"product_brand","embeddable":true,"href":"https:\/\/nordicmart.andreevmaster.com\/da\/wp-json\/wp\/v2\/product_brand?post=26369"},{"taxonomy":"product_cat","embeddable":true,"href":"https:\/\/nordicmart.andreevmaster.com\/da\/wp-json\/wp\/v2\/product_cat?post=26369"},{"taxonomy":"product_tag","embeddable":true,"href":"https:\/\/nordicmart.andreevmaster.com\/da\/wp-json\/wp\/v2\/product_tag?post=26369"}],"curies":[{"name":"wp","href":"https:\/\/api.w.org\/{rel}","templated":true}]}}