{"id":26368,"date":"2026-02-27T00:32:16","date_gmt":"2026-02-27T00:32:16","guid":{"rendered":"https:\/\/nordicmart.andreevmaster.com\/product\/masterkidz-touch-and-guess-shape-recognition-set-12-stykker\/"},"modified":"2026-02-27T09:11:51","modified_gmt":"2026-02-27T09:11:51","slug":"masterkidz-touch-and-guess-shape-recognition-set-12-stykker","status":"publish","type":"product","link":"https:\/\/nordicmart.andreevmaster.com\/da\/vare\/masterkidz-touch-and-guess-shape-recognition-set-12-stykker\/","title":{"rendered":"MASTERKIDZ Touch and Guess Shape Recognition Set, 12 stykker"},"content":{"rendered":"<p>Masterkidz Wooden Sensory Set er et p\u00e6dagogisk leget\u00f8j, der hj\u00e6lper b\u00f8rn med at udvikle deres f\u00f8lesans og styrke deres viden om geometriske former. S\u00e6ttet best\u00e5r af 12 tr\u00e6klodser i forskellige former. Barnets opgave er at g\u00e6tte, hvilken form de holder i h\u00e5nden, ved kun at bruge deres f\u00f8lesans, uden at se p\u00e5 den. Det er en fantastisk m\u00e5de at \u00f8ve formgenkendelse og l\u00e6re gennem leg. Leget\u00f8jet er pakket i en praktisk tr\u00e6kasse, der er nem at opbevare. S\u00e6ttet fungerer bedst i kombination med Guess by Touch-spil\u00e6sken (ME04055).<\/p>\n<p>\u2705 Egenskaber:<\/p>\n<p>\u2714\ufe0f S\u00e6ttet indeholder 12 geometriske former af tr\u00e6.<\/p>\n<p>\u2714\ufe0f Fremstillet af tr\u00e6 af h\u00f8j kvalitet.<\/p>\n<p>\u2714\ufe0f Leveres med en praktisk opbevaringskasse af tr\u00e6.<\/p>\n<p>\u2705 Leget\u00f8jet udvikler:<\/p>\n<p>\u2714\ufe0f Manuelle f\u00e6rdigheder og motorisk koordination<\/p>\n<p>\u2714\ufe0f Kendskab til geometriske former<\/p>\n<p>\u2714\ufe0f Logisk t\u00e6nkning og koncentration<\/p>\n<p>[img-47173-left-thickbox_default]<\/p>\n","protected":false},"excerpt":{"rendered":"<p>Masterkidz Wooden Sensory Set er et p\u00e6dagogisk leget\u00f8j, der hj\u00e6lper b\u00f8rn med at udvikle deres f\u00f8lesans og styrke deres viden om geometriske former. S\u00e6ttet best\u00e5r af 12 tr\u00e6klodser i forskellige former. Barnets opgave er at g\u00e6tte, hvilken form de holder i h\u00e5nden, ved kun at bruge deres f\u00f8lesans, uden at se p\u00e5 den. Det er [&hellip;]<\/p>\n","protected":false},"featured_media":0,"comment_status":"open","ping_status":"closed","template":"","meta":[],"product_brand":[],"product_cat":[31],"product_tag":[],"class_list":{"0":"post-26368","1":"product","2":"type-product","3":"status-publish","5":"product_cat-uncategorized-da","7":"first","8":"instock","9":"shipping-taxable","10":"purchasable","11":"product-type-simple"},"_links":{"self":[{"href":"https:\/\/nordicmart.andreevmaster.com\/da\/wp-json\/wp\/v2\/product\/26368","targetHints":{"allow":["GET"]}}],"collection":[{"href":"https:\/\/nordicmart.andreevmaster.com\/da\/wp-json\/wp\/v2\/product"}],"about":[{"href":"https:\/\/nordicmart.andreevmaster.com\/da\/wp-json\/wp\/v2\/types\/product"}],"replies":[{"embeddable":true,"href":"https:\/\/nordicmart.andreevmaster.com\/da\/wp-json\/wp\/v2\/comments?post=26368"}],"wp:attachment":[{"href":"https:\/\/nordicmart.andreevmaster.com\/da\/wp-json\/wp\/v2\/media?parent=26368"}],"wp:term":[{"taxonomy":"product_brand","embeddable":true,"href":"https:\/\/nordicmart.andreevmaster.com\/da\/wp-json\/wp\/v2\/product_brand?post=26368"},{"taxonomy":"product_cat","embeddable":true,"href":"https:\/\/nordicmart.andreevmaster.com\/da\/wp-json\/wp\/v2\/product_cat?post=26368"},{"taxonomy":"product_tag","embeddable":true,"href":"https:\/\/nordicmart.andreevmaster.com\/da\/wp-json\/wp\/v2\/product_tag?post=26368"}],"curies":[{"name":"wp","href":"https:\/\/api.w.org\/{rel}","templated":true}]}}