{"id":26367,"date":"2026-02-27T00:32:15","date_gmt":"2026-02-27T00:32:15","guid":{"rendered":"https:\/\/nordicmart.andreevmaster.com\/product\/masterkidz-timeglassaet-laer-om-tid\/"},"modified":"2026-02-27T09:11:51","modified_gmt":"2026-02-27T09:11:51","slug":"masterkidz-timeglassaet-laer-om-tid","status":"publish","type":"product","link":"https:\/\/nordicmart.andreevmaster.com\/da\/vare\/masterkidz-timeglassaet-laer-om-tid\/","title":{"rendered":"MASTERKIDZ Timeglass\u00e6t \u2013 L\u00e6r om tid"},"content":{"rendered":"<p>Det er fascinerende at l\u00e6re om tid! Timeglas v\u00e6kker ogs\u00e5 utrolige f\u00f8lelser hos b\u00f8rn, s\u00e5 det er den bedste l\u00f8sning at kombinere l\u00e6ring og leg.S\u00e6ttet best\u00e5r af 4 timeglas. Hvert timeglas har sand i en anden farve og t\u00e6ller ned i forskellig tid.<\/p>\n<p>Timeglas kan bruges til at l\u00e6re b\u00f8rn, hvordan tiden g\u00e5r, og hvad tidsenhederne er, samt til at udf\u00f8re tidsbaserede aktiviteter. De g\u00f8r l\u00e6ring meget sjovere.<\/p>\n","protected":false},"excerpt":{"rendered":"<p>Det er fascinerende at l\u00e6re om tid! Timeglas v\u00e6kker ogs\u00e5 utrolige f\u00f8lelser hos b\u00f8rn, s\u00e5 det er den bedste l\u00f8sning at kombinere l\u00e6ring og leg.S\u00e6ttet best\u00e5r af 4 timeglas. Hvert timeglas har sand i en anden farve og t\u00e6ller ned i forskellig tid. Timeglas kan bruges til at l\u00e6re b\u00f8rn, hvordan tiden g\u00e5r, og hvad [&hellip;]<\/p>\n","protected":false},"featured_media":0,"comment_status":"open","ping_status":"closed","template":"","meta":[],"product_brand":[],"product_cat":[31],"product_tag":[],"class_list":{"0":"post-26367","1":"product","2":"type-product","3":"status-publish","5":"product_cat-uncategorized-da","7":"first","8":"instock","9":"shipping-taxable","10":"purchasable","11":"product-type-simple"},"_links":{"self":[{"href":"https:\/\/nordicmart.andreevmaster.com\/da\/wp-json\/wp\/v2\/product\/26367","targetHints":{"allow":["GET"]}}],"collection":[{"href":"https:\/\/nordicmart.andreevmaster.com\/da\/wp-json\/wp\/v2\/product"}],"about":[{"href":"https:\/\/nordicmart.andreevmaster.com\/da\/wp-json\/wp\/v2\/types\/product"}],"replies":[{"embeddable":true,"href":"https:\/\/nordicmart.andreevmaster.com\/da\/wp-json\/wp\/v2\/comments?post=26367"}],"wp:attachment":[{"href":"https:\/\/nordicmart.andreevmaster.com\/da\/wp-json\/wp\/v2\/media?parent=26367"}],"wp:term":[{"taxonomy":"product_brand","embeddable":true,"href":"https:\/\/nordicmart.andreevmaster.com\/da\/wp-json\/wp\/v2\/product_brand?post=26367"},{"taxonomy":"product_cat","embeddable":true,"href":"https:\/\/nordicmart.andreevmaster.com\/da\/wp-json\/wp\/v2\/product_cat?post=26367"},{"taxonomy":"product_tag","embeddable":true,"href":"https:\/\/nordicmart.andreevmaster.com\/da\/wp-json\/wp\/v2\/product_tag?post=26367"}],"curies":[{"name":"wp","href":"https:\/\/api.w.org\/{rel}","templated":true}]}}