{"id":26366,"date":"2026-02-27T00:32:15","date_gmt":"2026-02-27T00:32:15","guid":{"rendered":"https:\/\/nordicmart.andreevmaster.com\/product\/masterkidz-stort-traestaffeli-til-maling\/"},"modified":"2026-02-27T09:11:50","modified_gmt":"2026-02-27T09:11:50","slug":"masterkidz-stort-traestaffeli-til-maling","status":"publish","type":"product","link":"https:\/\/nordicmart.andreevmaster.com\/da\/vare\/masterkidz-stort-traestaffeli-til-maling\/","title":{"rendered":"MASTERKIDZ Stort tr\u00e6staffeli til maling"},"content":{"rendered":"<p>Masterkidz-malervinduet er et fantastisk kreativt leget\u00f8j, der giver dit barn mulighed for at udvikle sine kunstneriske evner. Staffeliet har plads til opbevaring af yndlingsmaling, tuschpenne og pensler, s\u00e5 de altid er lige ved h\u00e5nden. Vinduet kan males p\u00e5 begge sider, s\u00e5 to b\u00f8rn kan lege p\u00e5 samme tid. Akrylglas er meget let at reng\u00f8re, s\u00e5 b\u00f8rnene kan starte forfra og male forskellige motiver, n\u00e5r de vil.Vinduet kan udstyres med en rulle papir, s\u00e5 dit barn kan lege ved at male p\u00e5 papir eller glas, som det \u00f8nsker. Vinduet er stort nok til, at op til 4 b\u00f8rn kan lege p\u00e5 samme tid. Leget\u00f8jet er lavet af tr\u00e6. Ved at v\u00e6lge Masterkidz tr\u00e6leget\u00f8j passer du p\u00e5 milj\u00f8et og reducerer plastikaffald.<\/p>\n<p>Masterkidz-leget\u00f8j er h\u00f8jkvalitets, holdbart og sikkert tr\u00e6leget\u00f8j til l\u00e6ring. Designet og tilpasset forskellige stadier af barnets udvikling. Kreativ, eventyrlig og l\u00e6rerig leg er de st\u00f8rste fordele ved dette brands leget\u00f8j. Uvurderlig st\u00f8tte til Montessori-metoden. Det bedste valg til dit hjem, b\u00f8rnehave, hotel eller restaurant. Skab det perfekte legehj\u00f8rne eller en stor l\u00e6rerig v\u00e6g. Tilbuddet omfatter v\u00e6gmonterede og mobile tavler, oplyste borde og paneler til leg med maling. Tema-l\u00e6remoduler og meget mere. Et utroligt stort udvalg af tilbeh\u00f8r og uendelige muligheder for kreativ leg.<\/p>\n","protected":false},"excerpt":{"rendered":"<p>Masterkidz-malervinduet er et fantastisk kreativt leget\u00f8j, der giver dit barn mulighed for at udvikle sine kunstneriske evner. Staffeliet har plads til opbevaring af yndlingsmaling, tuschpenne og pensler, s\u00e5 de altid er lige ved h\u00e5nden. Vinduet kan males p\u00e5 begge sider, s\u00e5 to b\u00f8rn kan lege p\u00e5 samme tid. Akrylglas er meget let at reng\u00f8re, s\u00e5 [&hellip;]<\/p>\n","protected":false},"featured_media":0,"comment_status":"open","ping_status":"closed","template":"","meta":[],"product_brand":[],"product_cat":[31],"product_tag":[],"class_list":{"0":"post-26366","1":"product","2":"type-product","3":"status-publish","5":"product_cat-uncategorized-da","7":"first","8":"instock","9":"shipping-taxable","10":"purchasable","11":"product-type-simple"},"_links":{"self":[{"href":"https:\/\/nordicmart.andreevmaster.com\/da\/wp-json\/wp\/v2\/product\/26366","targetHints":{"allow":["GET"]}}],"collection":[{"href":"https:\/\/nordicmart.andreevmaster.com\/da\/wp-json\/wp\/v2\/product"}],"about":[{"href":"https:\/\/nordicmart.andreevmaster.com\/da\/wp-json\/wp\/v2\/types\/product"}],"replies":[{"embeddable":true,"href":"https:\/\/nordicmart.andreevmaster.com\/da\/wp-json\/wp\/v2\/comments?post=26366"}],"wp:attachment":[{"href":"https:\/\/nordicmart.andreevmaster.com\/da\/wp-json\/wp\/v2\/media?parent=26366"}],"wp:term":[{"taxonomy":"product_brand","embeddable":true,"href":"https:\/\/nordicmart.andreevmaster.com\/da\/wp-json\/wp\/v2\/product_brand?post=26366"},{"taxonomy":"product_cat","embeddable":true,"href":"https:\/\/nordicmart.andreevmaster.com\/da\/wp-json\/wp\/v2\/product_cat?post=26366"},{"taxonomy":"product_tag","embeddable":true,"href":"https:\/\/nordicmart.andreevmaster.com\/da\/wp-json\/wp\/v2\/product_tag?post=26366"}],"curies":[{"name":"wp","href":"https:\/\/api.w.org\/{rel}","templated":true}]}}