{"id":26365,"date":"2026-02-27T00:32:15","date_gmt":"2026-02-27T00:32:15","guid":{"rendered":"https:\/\/nordicmart.andreevmaster.com\/product\/masterkidz-2-i-1-skrivebordsmaleri-vinduesstativ-til-tavler\/"},"modified":"2026-02-27T09:11:50","modified_gmt":"2026-02-27T09:11:50","slug":"masterkidz-2-i-1-skrivebordsmaleri-vinduesstativ-til-tavler","status":"publish","type":"product","link":"https:\/\/nordicmart.andreevmaster.com\/da\/vare\/masterkidz-2-i-1-skrivebordsmaleri-vinduesstativ-til-tavler\/","title":{"rendered":"MASTERKIDZ 2-i-1 skrivebordsmaleri vinduesstativ til tavler"},"content":{"rendered":"<p>Masterkidz vinduesstaffeli er et unikt leget\u00f8j, der vil v\u00e6kke dine sm\u00e5s kreativitet. Den dobbeltsidede glasoverflade p\u00e5 vinduet g\u00f8r det muligt for to b\u00f8rn at male p\u00e5 samme tid. Akrylglaset kan vaskes, s\u00e5 legen kan vare i timevis, og b\u00f8rnene kan skabe nye billeder i det uendelige. Maleri er en vigtig fase i udviklingen af alle b\u00f8rn, is\u00e6r b\u00f8rn med autisme, Aspergers syndrom og SI-forstyrrelser. Det giver dem mulighed for at kommunikere lettere med deres omgivelser. <\/p>\n<p>Staffeliet er monteret p\u00e5 et kort stativ, der kan fastg\u00f8res til et skrivebord. Dette er en praktisk l\u00f8sning, der giver barnet mulighed for at have alt sit malertilbeh\u00f8r inden for r\u00e6kkevidde. Stativet har ogs\u00e5 et s\u00e6rligt sted til opbevaring af maling og pensler, s\u00e5 alt har sin plads, og det er lettere at holde orden.<\/p>\n<p>Vinduesstaffeliets anden funktion er som stativ til Masterkidz-v\u00e6gplader. Dette er en fantastisk l\u00f8sning, der g\u00f8r pladerne mere mobile og betyder, at de ikke beh\u00f8ver at blive monteret p\u00e5 v\u00e6ggen. Takket v\u00e6re denne l\u00f8sning kan b\u00f8rnene tage deres yndlingsplader med ud for at lege i den friske luft.<\/p>\n<p>Leget\u00f8jet er lavet af tr\u00e6. Ved at v\u00e6lge Masterkidz tr\u00e6leget\u00f8j til b\u00f8rn passer du p\u00e5 milj\u00f8et og reducerer plastikaffaldet.<\/p>\n<p>Tilbuddet inkluderer et vinduesstaffeli og et Masterkidz Flex 2-i-1 bordstativ.<\/p>\n<p>Masterkidz leget\u00f8j er h\u00f8jkvalitets, holdbart og sikkert tr\u00e6leget\u00f8j. Designet og tilpasset til forskellige stadier af barnets udvikling. Kreativ, eventyrlig og p\u00e6dagogisk leg er de st\u00f8rste fordele ved dette brands leget\u00f8j. Uvurderlig st\u00f8tte til Montessori-metoden. Det bedste valg til dit hjem, b\u00f8rnehave, hotel eller restaurant. Skab det perfekte legehj\u00f8rne eller en stor p\u00e6dagogisk v\u00e6g. Tilbuddet omfatter v\u00e6gmonterede og mobile tavler, oplyste borde og paneler til leg med maling. Tema-p\u00e6dagogiske moduler og meget mere. Et utroligt stort udvalg af tilbeh\u00f8r og uendelige muligheder for kreativ leg.<\/p>\n","protected":false},"excerpt":{"rendered":"<p>Masterkidz vinduesstaffeli er et unikt leget\u00f8j, der vil v\u00e6kke dine sm\u00e5s kreativitet. Den dobbeltsidede glasoverflade p\u00e5 vinduet g\u00f8r det muligt for to b\u00f8rn at male p\u00e5 samme tid. Akrylglaset kan vaskes, s\u00e5 legen kan vare i timevis, og b\u00f8rnene kan skabe nye billeder i det uendelige. Maleri er en vigtig fase i udviklingen af alle [&hellip;]<\/p>\n","protected":false},"featured_media":0,"comment_status":"open","ping_status":"closed","template":"","meta":[],"product_brand":[],"product_cat":[31],"product_tag":[],"class_list":{"0":"post-26365","1":"product","2":"type-product","3":"status-publish","5":"product_cat-uncategorized-da","7":"first","8":"instock","9":"shipping-taxable","10":"purchasable","11":"product-type-simple"},"_links":{"self":[{"href":"https:\/\/nordicmart.andreevmaster.com\/da\/wp-json\/wp\/v2\/product\/26365","targetHints":{"allow":["GET"]}}],"collection":[{"href":"https:\/\/nordicmart.andreevmaster.com\/da\/wp-json\/wp\/v2\/product"}],"about":[{"href":"https:\/\/nordicmart.andreevmaster.com\/da\/wp-json\/wp\/v2\/types\/product"}],"replies":[{"embeddable":true,"href":"https:\/\/nordicmart.andreevmaster.com\/da\/wp-json\/wp\/v2\/comments?post=26365"}],"wp:attachment":[{"href":"https:\/\/nordicmart.andreevmaster.com\/da\/wp-json\/wp\/v2\/media?parent=26365"}],"wp:term":[{"taxonomy":"product_brand","embeddable":true,"href":"https:\/\/nordicmart.andreevmaster.com\/da\/wp-json\/wp\/v2\/product_brand?post=26365"},{"taxonomy":"product_cat","embeddable":true,"href":"https:\/\/nordicmart.andreevmaster.com\/da\/wp-json\/wp\/v2\/product_cat?post=26365"},{"taxonomy":"product_tag","embeddable":true,"href":"https:\/\/nordicmart.andreevmaster.com\/da\/wp-json\/wp\/v2\/product_tag?post=26365"}],"curies":[{"name":"wp","href":"https:\/\/api.w.org\/{rel}","templated":true}]}}