{"id":26364,"date":"2026-02-27T00:32:14","date_gmt":"2026-02-27T00:32:14","guid":{"rendered":"https:\/\/nordicmart.andreevmaster.com\/product\/masterkidz-sensorisk-led-panelkasse\/"},"modified":"2026-02-27T09:11:50","modified_gmt":"2026-02-27T09:11:50","slug":"masterkidz-sensorisk-led-panelkasse","status":"publish","type":"product","link":"https:\/\/nordicmart.andreevmaster.com\/da\/vare\/masterkidz-sensorisk-led-panelkasse\/","title":{"rendered":"MASTERKIDZ Sensorisk LED-panelkasse"},"content":{"rendered":"<p>MASTERKIDZ LED-sensorisk panelkasse. En robust LED-kasse i tr\u00e6 med hvidt lys fra det kendte firma Masterkidz. Den muligg\u00f8r forskellige typer aktiviteter, der underst\u00f8tter udviklingen af kreativitet, f.eks. blanding af farver og andre STEM-l\u00e6ringsmetoder. Der kan opn\u00e5s smukke effekter, n\u00e5r lyset skinner gennem forskellige materialer, s\u00e5som blade, papir, en bakke med sand osv. Fungerer perfekt sammen med Masterkidz firkantede sandbakke eller Masterkidz gennemsigtige vandbakke.<\/p>\n<p>Lysboksen er IKKE vandt\u00e6t. Fremstillet af europ\u00e6isk b\u00f8getr\u00e6 og russisk birkekrydsfiner. Kabell\u00e6ngden er 1,5 m.<\/p>\n<p>Masterkidz-leget\u00f8j er h\u00f8jkvalitets, holdbart og sikkert tr\u00e6leget\u00f8j til undervisningsbrug. Designet og tilpasset forskellige stadier af b\u00f8rns udvikling. Kreativ, eventyrlig og l\u00e6rerig leg er de st\u00f8rste fordele ved dette brands leget\u00f8j. Uvurderlig st\u00f8tte til Montessori-metoden. Det bedste valg til dit hjem, b\u00f8rnehave, hotel eller restaurant. Skab det perfekte legehj\u00f8rne eller en stor p\u00e6dagogisk v\u00e6g. Tilbuddet omfatter v\u00e6gmonterede og mobile tavler, oplyste borde og paneler til leg med maling. Tema-p\u00e6dagogiske moduler og meget mere. Et utroligt stort udvalg af tilbeh\u00f8r og uendelige muligheder for kreativ leg.<\/p>\n","protected":false},"excerpt":{"rendered":"<p>MASTERKIDZ LED-sensorisk panelkasse. En robust LED-kasse i tr\u00e6 med hvidt lys fra det kendte firma Masterkidz. Den muligg\u00f8r forskellige typer aktiviteter, der underst\u00f8tter udviklingen af kreativitet, f.eks. blanding af farver og andre STEM-l\u00e6ringsmetoder. Der kan opn\u00e5s smukke effekter, n\u00e5r lyset skinner gennem forskellige materialer, s\u00e5som blade, papir, en bakke med sand osv. Fungerer perfekt sammen [&hellip;]<\/p>\n","protected":false},"featured_media":0,"comment_status":"open","ping_status":"closed","template":"","meta":[],"product_brand":[],"product_cat":[31],"product_tag":[],"class_list":{"0":"post-26364","1":"product","2":"type-product","3":"status-publish","5":"product_cat-uncategorized-da","7":"first","8":"instock","9":"shipping-taxable","10":"purchasable","11":"product-type-simple"},"_links":{"self":[{"href":"https:\/\/nordicmart.andreevmaster.com\/da\/wp-json\/wp\/v2\/product\/26364","targetHints":{"allow":["GET"]}}],"collection":[{"href":"https:\/\/nordicmart.andreevmaster.com\/da\/wp-json\/wp\/v2\/product"}],"about":[{"href":"https:\/\/nordicmart.andreevmaster.com\/da\/wp-json\/wp\/v2\/types\/product"}],"replies":[{"embeddable":true,"href":"https:\/\/nordicmart.andreevmaster.com\/da\/wp-json\/wp\/v2\/comments?post=26364"}],"wp:attachment":[{"href":"https:\/\/nordicmart.andreevmaster.com\/da\/wp-json\/wp\/v2\/media?parent=26364"}],"wp:term":[{"taxonomy":"product_brand","embeddable":true,"href":"https:\/\/nordicmart.andreevmaster.com\/da\/wp-json\/wp\/v2\/product_brand?post=26364"},{"taxonomy":"product_cat","embeddable":true,"href":"https:\/\/nordicmart.andreevmaster.com\/da\/wp-json\/wp\/v2\/product_cat?post=26364"},{"taxonomy":"product_tag","embeddable":true,"href":"https:\/\/nordicmart.andreevmaster.com\/da\/wp-json\/wp\/v2\/product_tag?post=26364"}],"curies":[{"name":"wp","href":"https:\/\/api.w.org\/{rel}","templated":true}]}}