{"id":26362,"date":"2026-02-27T00:32:14","date_gmt":"2026-02-27T00:32:14","guid":{"rendered":"https:\/\/nordicmart.andreevmaster.com\/product\/masterkidz-skab-til-opbevaring-af-laererige-braetter-og-spil-10-stykker-hjul\/"},"modified":"2026-02-27T09:11:50","modified_gmt":"2026-02-27T09:11:50","slug":"masterkidz-skab-til-opbevaring-af-laererige-braetter-og-spil-10-stykker-hjul","status":"publish","type":"product","link":"https:\/\/nordicmart.andreevmaster.com\/da\/vare\/masterkidz-skab-til-opbevaring-af-laererige-braetter-og-spil-10-stykker-hjul\/","title":{"rendered":"MASTERKIDZ Skab til opbevaring af l\u00e6rerige br\u00e6tter og spil 10 stykker Hjul"},"content":{"rendered":"<p>Opbevaring af l\u00e6rerige br\u00e6tter og spil til Masterkidz-b\u00f8rn kan v\u00e6re problematisk. Heldigvis g\u00f8r skabe, der er specielt designet til dette form\u00e5l, det lettere at holde orden og organisere tingene. <\/p>\n<p>Det specielle skab kan rumme op til 10 tavler p\u00e5 38 x 28 cm, som altid vil v\u00e6re lige ved h\u00e5nden. S\u00e6ttet indeholder ogs\u00e5 et stativ p\u00e5 hjul, som g\u00f8r det nemt at flytte alle tavlerne. Det er ogs\u00e5 v\u00e6rd at bem\u00e6rke, at toppen af skabet er et specielt sted, hvor en af tavlerne kan placeres. Dette g\u00f8r det praktisk at bruge.Det er meget nemt at samle skabet \u2013 instruktioner medf\u00f8lger i pakken. Fremstillet af russisk birketr\u00e6. Masterkidz-leget\u00f8j er h\u00f8jkvalitets, holdbart og sikkert tr\u00e6leget\u00f8j til undervisningsbrug. Designet og tilpasset forskellige stadier af barnets udvikling. Kreativ, eventyrlig og l\u00e6rerig leg \u2013 det er de st\u00f8rste fordele ved dette brands leget\u00f8j. Uvurderlig st\u00f8tte til Montessori-metoden. Det bedste valg til dit hjem, b\u00f8rnehave, hotel eller restaurant. Skab det perfekte legehj\u00f8rne eller en stor p\u00e6dagogisk v\u00e6g. Tilbuddet omfatter v\u00e6gmonterede og mobile tavler, oplyste borde og paneler til leg med maling. Tema-p\u00e6dagogiske moduler og meget mere. Et utroligt stort udvalg af tilbeh\u00f8r og uendelige muligheder for kreativ leg.<\/p>\n","protected":false},"excerpt":{"rendered":"<p>Opbevaring af l\u00e6rerige br\u00e6tter og spil til Masterkidz-b\u00f8rn kan v\u00e6re problematisk. Heldigvis g\u00f8r skabe, der er specielt designet til dette form\u00e5l, det lettere at holde orden og organisere tingene. Det specielle skab kan rumme op til 10 tavler p\u00e5 38 x 28 cm, som altid vil v\u00e6re lige ved h\u00e5nden. S\u00e6ttet indeholder ogs\u00e5 et stativ [&hellip;]<\/p>\n","protected":false},"featured_media":0,"comment_status":"open","ping_status":"closed","template":"","meta":[],"product_brand":[],"product_cat":[31],"product_tag":[],"class_list":{"0":"post-26362","1":"product","2":"type-product","3":"status-publish","5":"product_cat-uncategorized-da","7":"first","8":"instock","9":"shipping-taxable","10":"purchasable","11":"product-type-simple"},"_links":{"self":[{"href":"https:\/\/nordicmart.andreevmaster.com\/da\/wp-json\/wp\/v2\/product\/26362","targetHints":{"allow":["GET"]}}],"collection":[{"href":"https:\/\/nordicmart.andreevmaster.com\/da\/wp-json\/wp\/v2\/product"}],"about":[{"href":"https:\/\/nordicmart.andreevmaster.com\/da\/wp-json\/wp\/v2\/types\/product"}],"replies":[{"embeddable":true,"href":"https:\/\/nordicmart.andreevmaster.com\/da\/wp-json\/wp\/v2\/comments?post=26362"}],"wp:attachment":[{"href":"https:\/\/nordicmart.andreevmaster.com\/da\/wp-json\/wp\/v2\/media?parent=26362"}],"wp:term":[{"taxonomy":"product_brand","embeddable":true,"href":"https:\/\/nordicmart.andreevmaster.com\/da\/wp-json\/wp\/v2\/product_brand?post=26362"},{"taxonomy":"product_cat","embeddable":true,"href":"https:\/\/nordicmart.andreevmaster.com\/da\/wp-json\/wp\/v2\/product_cat?post=26362"},{"taxonomy":"product_tag","embeddable":true,"href":"https:\/\/nordicmart.andreevmaster.com\/da\/wp-json\/wp\/v2\/product_tag?post=26362"}],"curies":[{"name":"wp","href":"https:\/\/api.w.org\/{rel}","templated":true}]}}