{"id":26361,"date":"2026-02-27T00:32:14","date_gmt":"2026-02-27T00:32:14","guid":{"rendered":"https:\/\/nordicmart.andreevmaster.com\/product\/masterkidz-paedagogisk-braet-til-sortering-af-former-og-farver\/"},"modified":"2026-02-27T09:11:49","modified_gmt":"2026-02-27T09:11:49","slug":"masterkidz-paedagogisk-braet-til-sortering-af-former-og-farver","status":"publish","type":"product","link":"https:\/\/nordicmart.andreevmaster.com\/da\/vare\/masterkidz-paedagogisk-braet-til-sortering-af-former-og-farver\/","title":{"rendered":"MASTERKIDZ P\u00e6dagogisk br\u00e6t til sortering af former og farver"},"content":{"rendered":"<p>Form- og farvesorteringsbr\u00e6ttet fra Masterkidz er et fantastisk leget\u00f8j, der hj\u00e6lper med at udvikle b\u00f8rns tidlige logiske t\u00e6nkeevner. S\u00e6ttet indeholder et tr\u00e6br\u00e6t og 6 par klodser i forskellige farver og former, hvilket g\u00f8r br\u00e6ttet ekstra nyttigt til at l\u00e6re at genkende former og farver. Leget\u00f8jet er lavet af tr\u00e6.<\/p>\n<p>Egenskaber:<\/p>\n<p>* &#8211; leget\u00f8j til b\u00f8rn fra 2 \u00e5r<br \/>\n* &#8211; 6 par klodser i forskellige farver og former<br \/>\n* &#8211; base med passende fordybninger til klodserne<br \/>\n* &#8211; br\u00e6t lavet af tr\u00e6<\/p>\n<p>Leget\u00f8jet udvikler:<\/p>\n<p>* &#8211; logisk t\u00e6nkning<br \/>\n* &#8211; motoriske f\u00e6rdigheder<br \/>\n* &#8211; genkendelse af former og farver<\/p>\n","protected":false},"excerpt":{"rendered":"<p>Form- og farvesorteringsbr\u00e6ttet fra Masterkidz er et fantastisk leget\u00f8j, der hj\u00e6lper med at udvikle b\u00f8rns tidlige logiske t\u00e6nkeevner. S\u00e6ttet indeholder et tr\u00e6br\u00e6t og 6 par klodser i forskellige farver og former, hvilket g\u00f8r br\u00e6ttet ekstra nyttigt til at l\u00e6re at genkende former og farver. Leget\u00f8jet er lavet af tr\u00e6. Egenskaber: * &#8211; leget\u00f8j til b\u00f8rn [&hellip;]<\/p>\n","protected":false},"featured_media":0,"comment_status":"open","ping_status":"closed","template":"","meta":[],"product_brand":[],"product_cat":[31],"product_tag":[],"class_list":{"0":"post-26361","1":"product","2":"type-product","3":"status-publish","5":"product_cat-uncategorized-da","7":"first","8":"instock","9":"shipping-taxable","10":"purchasable","11":"product-type-simple"},"_links":{"self":[{"href":"https:\/\/nordicmart.andreevmaster.com\/da\/wp-json\/wp\/v2\/product\/26361","targetHints":{"allow":["GET"]}}],"collection":[{"href":"https:\/\/nordicmart.andreevmaster.com\/da\/wp-json\/wp\/v2\/product"}],"about":[{"href":"https:\/\/nordicmart.andreevmaster.com\/da\/wp-json\/wp\/v2\/types\/product"}],"replies":[{"embeddable":true,"href":"https:\/\/nordicmart.andreevmaster.com\/da\/wp-json\/wp\/v2\/comments?post=26361"}],"wp:attachment":[{"href":"https:\/\/nordicmart.andreevmaster.com\/da\/wp-json\/wp\/v2\/media?parent=26361"}],"wp:term":[{"taxonomy":"product_brand","embeddable":true,"href":"https:\/\/nordicmart.andreevmaster.com\/da\/wp-json\/wp\/v2\/product_brand?post=26361"},{"taxonomy":"product_cat","embeddable":true,"href":"https:\/\/nordicmart.andreevmaster.com\/da\/wp-json\/wp\/v2\/product_cat?post=26361"},{"taxonomy":"product_tag","embeddable":true,"href":"https:\/\/nordicmart.andreevmaster.com\/da\/wp-json\/wp\/v2\/product_tag?post=26361"}],"curies":[{"name":"wp","href":"https:\/\/api.w.org\/{rel}","templated":true}]}}