{"id":26358,"date":"2026-02-27T00:32:13","date_gmt":"2026-02-27T00:32:13","guid":{"rendered":"https:\/\/nordicmart.andreevmaster.com\/product\/masterkidz-montessori-butterfly-shape-sliding-board-2\/"},"modified":"2026-02-27T09:11:49","modified_gmt":"2026-02-27T09:11:49","slug":"masterkidz-montessori-butterfly-shape-sliding-board-2","status":"publish","type":"product","link":"https:\/\/nordicmart.andreevmaster.com\/da\/vare\/masterkidz-montessori-butterfly-shape-sliding-board-2\/","title":{"rendered":"MASTERKIDZ Montessori Butterfly Shape Sliding Board"},"content":{"rendered":"<p>L\u00e6ringsbr\u00e6dder fra Masterkidz giver b\u00f8rn mulighed for at udvikle mange f\u00e6rdigheder p\u00e5 samme tid. Hvert br\u00e6t l\u00e6rer b\u00f8rn gennem forskellige interessante emner, hvordan man fungerer i samfundet, og giver dem mulighed for at l\u00e6re om verden omkring os. Vi kan have flere br\u00e6dder og nemt skifte dem, og specielle rammer holder br\u00e6ttet perfekt mod v\u00e6ggen.<\/p>\n<p>Egenskaber:<\/p>\n<p>* &#8211; Du kan have flere tavler og nemt skifte mellem dem, og de specielle rammer holder tavlen perfekt fast p\u00e5 v\u00e6ggen.<br \/>\n* &#8211; Tavlen kan ogs\u00e5 bruges uden rammer, f.eks. p\u00e5 et bord eller gulvet<br \/>\n* &#8211; Den glidende labyrint er formet som en sommerfugl, hvilket hj\u00e6lper b\u00f8rnene med at l\u00e6re at koordinere deres venstre og h\u00f8jre side.* &#8211; Takket v\u00e6re de farverige h\u00e5ndtag kan b\u00f8rnene ogs\u00e5 l\u00e6re farver. Leget\u00f8jet udvikler:* &#8211; motoriske f\u00e6rdigheder* &#8211; sensoriske f\u00e6rdigheder* &#8211; h\u00e5nd-\u00f8je-koordination* &#8211; fantasi* &#8211; koncentration* &#8211; nysgerrighed<\/p>\n","protected":false},"excerpt":{"rendered":"<p>L\u00e6ringsbr\u00e6dder fra Masterkidz giver b\u00f8rn mulighed for at udvikle mange f\u00e6rdigheder p\u00e5 samme tid. Hvert br\u00e6t l\u00e6rer b\u00f8rn gennem forskellige interessante emner, hvordan man fungerer i samfundet, og giver dem mulighed for at l\u00e6re om verden omkring os. Vi kan have flere br\u00e6dder og nemt skifte dem, og specielle rammer holder br\u00e6ttet perfekt mod v\u00e6ggen. [&hellip;]<\/p>\n","protected":false},"featured_media":0,"comment_status":"open","ping_status":"closed","template":"","meta":[],"product_brand":[],"product_cat":[31],"product_tag":[],"class_list":{"0":"post-26358","1":"product","2":"type-product","3":"status-publish","5":"product_cat-uncategorized-da","7":"first","8":"instock","9":"shipping-taxable","10":"purchasable","11":"product-type-simple"},"_links":{"self":[{"href":"https:\/\/nordicmart.andreevmaster.com\/da\/wp-json\/wp\/v2\/product\/26358","targetHints":{"allow":["GET"]}}],"collection":[{"href":"https:\/\/nordicmart.andreevmaster.com\/da\/wp-json\/wp\/v2\/product"}],"about":[{"href":"https:\/\/nordicmart.andreevmaster.com\/da\/wp-json\/wp\/v2\/types\/product"}],"replies":[{"embeddable":true,"href":"https:\/\/nordicmart.andreevmaster.com\/da\/wp-json\/wp\/v2\/comments?post=26358"}],"wp:attachment":[{"href":"https:\/\/nordicmart.andreevmaster.com\/da\/wp-json\/wp\/v2\/media?parent=26358"}],"wp:term":[{"taxonomy":"product_brand","embeddable":true,"href":"https:\/\/nordicmart.andreevmaster.com\/da\/wp-json\/wp\/v2\/product_brand?post=26358"},{"taxonomy":"product_cat","embeddable":true,"href":"https:\/\/nordicmart.andreevmaster.com\/da\/wp-json\/wp\/v2\/product_cat?post=26358"},{"taxonomy":"product_tag","embeddable":true,"href":"https:\/\/nordicmart.andreevmaster.com\/da\/wp-json\/wp\/v2\/product_tag?post=26358"}],"curies":[{"name":"wp","href":"https:\/\/api.w.org\/{rel}","templated":true}]}}