{"id":26356,"date":"2026-02-27T00:32:13","date_gmt":"2026-02-27T00:32:13","guid":{"rendered":"https:\/\/nordicmart.andreevmaster.com\/product\/masterkidz-traemikrobolgeovn\/"},"modified":"2026-02-27T09:11:48","modified_gmt":"2026-02-27T09:11:48","slug":"masterkidz-traemikrobolgeovn","status":"publish","type":"product","link":"https:\/\/nordicmart.andreevmaster.com\/da\/vare\/masterkidz-traemikrobolgeovn\/","title":{"rendered":"MASTERKIDZ Tr\u00e6mikrob\u00f8lgeovn"},"content":{"rendered":"<p>Denne kompakte mikrob\u00f8lgeovn med et moderne design passer perfekt ind i k\u00f8kkens\u00e6ttet og tilf\u00f8jer variation til madlavningslegen. D\u00f8ren, der \u00e5bnes i siden, kontrolknappen, det digitale display og det gennemsigtige vindue g\u00f8r den endnu sjovere. Tilskynd til rolleleg og social og f\u00f8lelsesm\u00e6ssig udvikling. S\u00e6ttet kan kombineres med andre produkter fra denne kollektion for at skabe et komplet k\u00f8kken eller bruges alene. For nem reng\u00f8ring skal du blot t\u00f8rre det af med en fugtig klud og lade det t\u00f8rre. <\/p>\n<p>Funktioner:<\/p>\n<p>* &#8211; Fremstillet af tr\u00e6 af h\u00f8j kvalitet<br \/>\n* &#8211; Bev\u00e6gelig d\u00f8r med praktisk h\u00e5ndtag<br \/>\n* &#8211; Stort drejeknap til indstilling af &#8220;tilberedningstid&#8221;<br \/>\n* &#8211; Gennemsigtigt &#8220;vindue&#8221;, s\u00e5 man kan se ind<\/p>\n<p>Leget\u00f8jet udvikler:<\/p>\n<p>* &#8211; Fantasi<br \/>\n* &#8211; Kreativitet<br \/>\n* &#8211; Sociale f\u00e6rdigheder<br \/>\n* &#8211; Manuel fingerf\u00e6rdighed<\/p>\n","protected":false},"excerpt":{"rendered":"<p>Denne kompakte mikrob\u00f8lgeovn med et moderne design passer perfekt ind i k\u00f8kkens\u00e6ttet og tilf\u00f8jer variation til madlavningslegen. D\u00f8ren, der \u00e5bnes i siden, kontrolknappen, det digitale display og det gennemsigtige vindue g\u00f8r den endnu sjovere. Tilskynd til rolleleg og social og f\u00f8lelsesm\u00e6ssig udvikling. S\u00e6ttet kan kombineres med andre produkter fra denne kollektion for at skabe et [&hellip;]<\/p>\n","protected":false},"featured_media":0,"comment_status":"open","ping_status":"closed","template":"","meta":[],"product_brand":[],"product_cat":[31],"product_tag":[],"class_list":{"0":"post-26356","1":"product","2":"type-product","3":"status-publish","5":"product_cat-uncategorized-da","7":"first","8":"instock","9":"shipping-taxable","10":"purchasable","11":"product-type-simple"},"_links":{"self":[{"href":"https:\/\/nordicmart.andreevmaster.com\/da\/wp-json\/wp\/v2\/product\/26356","targetHints":{"allow":["GET"]}}],"collection":[{"href":"https:\/\/nordicmart.andreevmaster.com\/da\/wp-json\/wp\/v2\/product"}],"about":[{"href":"https:\/\/nordicmart.andreevmaster.com\/da\/wp-json\/wp\/v2\/types\/product"}],"replies":[{"embeddable":true,"href":"https:\/\/nordicmart.andreevmaster.com\/da\/wp-json\/wp\/v2\/comments?post=26356"}],"wp:attachment":[{"href":"https:\/\/nordicmart.andreevmaster.com\/da\/wp-json\/wp\/v2\/media?parent=26356"}],"wp:term":[{"taxonomy":"product_brand","embeddable":true,"href":"https:\/\/nordicmart.andreevmaster.com\/da\/wp-json\/wp\/v2\/product_brand?post=26356"},{"taxonomy":"product_cat","embeddable":true,"href":"https:\/\/nordicmart.andreevmaster.com\/da\/wp-json\/wp\/v2\/product_cat?post=26356"},{"taxonomy":"product_tag","embeddable":true,"href":"https:\/\/nordicmart.andreevmaster.com\/da\/wp-json\/wp\/v2\/product_tag?post=26356"}],"curies":[{"name":"wp","href":"https:\/\/api.w.org\/{rel}","templated":true}]}}