{"id":26355,"date":"2026-02-27T00:32:12","date_gmt":"2026-02-27T00:32:12","guid":{"rendered":"https:\/\/nordicmart.andreevmaster.com\/product\/masterkidz-traehjornekokkenskab-til-born\/"},"modified":"2026-02-27T09:11:48","modified_gmt":"2026-02-27T09:11:48","slug":"masterkidz-traehjornekokkenskab-til-born","status":"publish","type":"product","link":"https:\/\/nordicmart.andreevmaster.com\/da\/vare\/masterkidz-traehjornekokkenskab-til-born\/","title":{"rendered":"MASTERKIDZ Tr\u00e6hj\u00f8rnek\u00f8kkenskab til b\u00f8rn"},"content":{"rendered":"<p>Masterkidz tr\u00e6hj\u00f8rneskab til k\u00f8kken er et fremragende valg til b\u00f8rn, da det kombinerer funktionalitet, \u00e6stetik og sikkerhed. Dette produkt er ideelt til b\u00f8rnehaver, legerum og hjemmel\u00e6ringsrum og giver mange muligheder for kreativ leg.<\/p>\n<p>Egenskaber:<\/p>\n<p>&#8211; Fremstillet af tr\u00e6 af h\u00f8j kvalitet, der garanterer holdbarhed og sikkerhed.<\/p>\n<p>&#8211; Malet med giftfri maling, der er sikker for b\u00f8rn.<\/p>\n<p>&#8211; \u00c6stetisk design, der tiltr\u00e6kker de yngste brugeres opm\u00e6rksomhed.<\/p>\n<p>&#8211; S\u00e6ttet kan udvides med ekstra k\u00f8kkenudstyr.<\/p>\n<p>&#8211; Ideelt til at l\u00e6re at organisere plads og rollespil.<\/p>\n","protected":false},"excerpt":{"rendered":"<p>Masterkidz tr\u00e6hj\u00f8rneskab til k\u00f8kken er et fremragende valg til b\u00f8rn, da det kombinerer funktionalitet, \u00e6stetik og sikkerhed. Dette produkt er ideelt til b\u00f8rnehaver, legerum og hjemmel\u00e6ringsrum og giver mange muligheder for kreativ leg. Egenskaber: &#8211; Fremstillet af tr\u00e6 af h\u00f8j kvalitet, der garanterer holdbarhed og sikkerhed. &#8211; Malet med giftfri maling, der er sikker for [&hellip;]<\/p>\n","protected":false},"featured_media":0,"comment_status":"open","ping_status":"closed","template":"","meta":[],"product_brand":[],"product_cat":[31],"product_tag":[],"class_list":{"0":"post-26355","1":"product","2":"type-product","3":"status-publish","5":"product_cat-uncategorized-da","7":"first","8":"instock","9":"shipping-taxable","10":"purchasable","11":"product-type-simple"},"_links":{"self":[{"href":"https:\/\/nordicmart.andreevmaster.com\/da\/wp-json\/wp\/v2\/product\/26355","targetHints":{"allow":["GET"]}}],"collection":[{"href":"https:\/\/nordicmart.andreevmaster.com\/da\/wp-json\/wp\/v2\/product"}],"about":[{"href":"https:\/\/nordicmart.andreevmaster.com\/da\/wp-json\/wp\/v2\/types\/product"}],"replies":[{"embeddable":true,"href":"https:\/\/nordicmart.andreevmaster.com\/da\/wp-json\/wp\/v2\/comments?post=26355"}],"wp:attachment":[{"href":"https:\/\/nordicmart.andreevmaster.com\/da\/wp-json\/wp\/v2\/media?parent=26355"}],"wp:term":[{"taxonomy":"product_brand","embeddable":true,"href":"https:\/\/nordicmart.andreevmaster.com\/da\/wp-json\/wp\/v2\/product_brand?post=26355"},{"taxonomy":"product_cat","embeddable":true,"href":"https:\/\/nordicmart.andreevmaster.com\/da\/wp-json\/wp\/v2\/product_cat?post=26355"},{"taxonomy":"product_tag","embeddable":true,"href":"https:\/\/nordicmart.andreevmaster.com\/da\/wp-json\/wp\/v2\/product_tag?post=26355"}],"curies":[{"name":"wp","href":"https:\/\/api.w.org\/{rel}","templated":true}]}}