{"id":26354,"date":"2026-02-27T00:32:12","date_gmt":"2026-02-27T00:32:12","guid":{"rendered":"https:\/\/nordicmart.andreevmaster.com\/product\/masterkidz-pastel-kokkenskab-sidebord\/"},"modified":"2026-02-27T09:11:48","modified_gmt":"2026-02-27T09:11:48","slug":"masterkidz-pastel-kokkenskab-sidebord","status":"publish","type":"product","link":"https:\/\/nordicmart.andreevmaster.com\/da\/vare\/masterkidz-pastel-kokkenskab-sidebord\/","title":{"rendered":"MASTERKIDZ Pastel K\u00f8kkenskab Sidebord"},"content":{"rendered":"<p>Det store k\u00f8kkenskab i tr\u00e6 fra Masterkidz er et fremragende valg til b\u00f8rn, der kombinerer funktionalitet, \u00e6stetik og sikkerhed. Dette produkt er ideelt til b\u00f8rnehaver, legerum og hjemmel\u00e6ringsmilj\u00f8er og tilbyder mange muligheder for kreativ leg.<\/p>\n<p>Funktioner:<\/p>\n<p>* &#8211; Fremstillet af tr\u00e6 af h\u00f8j kvalitet, der garanterer holdbarhed og sikkerhed.<br \/>\n* &#8211; Malet med ugiftige malinger, der er sikre for b\u00f8rn.<br \/>\n* &#8211; \u00c6stetisk design, der tiltr\u00e6kker de yngste brugeres opm\u00e6rksomhed.<br \/>\n* &#8211; S\u00e6ttet kan udvides med yderligere k\u00f8kkentilbeh\u00f8r.<br \/>\n* &#8211; Ideelt til at l\u00e6re om rumorganisering og rollespil.<\/p>\n<p>Leget\u00f8jet udvikler:<\/p>\n<p>* &#8211; Fantasi<br \/>\n* &#8211; Kreativitet<br \/>\n* &#8211; Sociale kompetencer<br \/>\n* &#8211; Finmotorik<br \/>\n* &#8211; Praktisk viden om indk\u00f8b og sortering af produkter<\/p>\n","protected":false},"excerpt":{"rendered":"<p>Det store k\u00f8kkenskab i tr\u00e6 fra Masterkidz er et fremragende valg til b\u00f8rn, der kombinerer funktionalitet, \u00e6stetik og sikkerhed. Dette produkt er ideelt til b\u00f8rnehaver, legerum og hjemmel\u00e6ringsmilj\u00f8er og tilbyder mange muligheder for kreativ leg. Funktioner: * &#8211; Fremstillet af tr\u00e6 af h\u00f8j kvalitet, der garanterer holdbarhed og sikkerhed. * &#8211; Malet med ugiftige malinger, [&hellip;]<\/p>\n","protected":false},"featured_media":0,"comment_status":"open","ping_status":"closed","template":"","meta":[],"product_brand":[],"product_cat":[31],"product_tag":[],"class_list":{"0":"post-26354","1":"product","2":"type-product","3":"status-publish","5":"product_cat-uncategorized-da","7":"first","8":"instock","9":"shipping-taxable","10":"purchasable","11":"product-type-simple"},"_links":{"self":[{"href":"https:\/\/nordicmart.andreevmaster.com\/da\/wp-json\/wp\/v2\/product\/26354","targetHints":{"allow":["GET"]}}],"collection":[{"href":"https:\/\/nordicmart.andreevmaster.com\/da\/wp-json\/wp\/v2\/product"}],"about":[{"href":"https:\/\/nordicmart.andreevmaster.com\/da\/wp-json\/wp\/v2\/types\/product"}],"replies":[{"embeddable":true,"href":"https:\/\/nordicmart.andreevmaster.com\/da\/wp-json\/wp\/v2\/comments?post=26354"}],"wp:attachment":[{"href":"https:\/\/nordicmart.andreevmaster.com\/da\/wp-json\/wp\/v2\/media?parent=26354"}],"wp:term":[{"taxonomy":"product_brand","embeddable":true,"href":"https:\/\/nordicmart.andreevmaster.com\/da\/wp-json\/wp\/v2\/product_brand?post=26354"},{"taxonomy":"product_cat","embeddable":true,"href":"https:\/\/nordicmart.andreevmaster.com\/da\/wp-json\/wp\/v2\/product_cat?post=26354"},{"taxonomy":"product_tag","embeddable":true,"href":"https:\/\/nordicmart.andreevmaster.com\/da\/wp-json\/wp\/v2\/product_tag?post=26354"}],"curies":[{"name":"wp","href":"https:\/\/api.w.org\/{rel}","templated":true}]}}