{"id":26353,"date":"2026-02-27T00:32:12","date_gmt":"2026-02-27T00:32:12","guid":{"rendered":"https:\/\/nordicmart.andreevmaster.com\/product\/masterkidz-pastelskab-med-vask\/"},"modified":"2026-02-27T09:11:48","modified_gmt":"2026-02-27T09:11:48","slug":"masterkidz-pastelskab-med-vask","status":"publish","type":"product","link":"https:\/\/nordicmart.andreevmaster.com\/da\/vare\/masterkidz-pastelskab-med-vask\/","title":{"rendered":"MASTERKIDZ Pastelskab med vask"},"content":{"rendered":"<p>Dette store tr\u00e6skab med vask fra det kendte m\u00e6rke Masterkidz opfylder alle kvalitets- og sikkerhedskrav. Denne kombination g\u00f8r dette b\u00f8rnem\u00f8bel ideelt til b\u00f8rnehaver eller legerum. Opm\u00e6rksomheden p\u00e5 b\u00e5de kvalitet og \u00e6stetik samt de n\u00e6sten ubegr\u00e6nsede muligheder for at udvide s\u00e6ttet er unikke fordele ved dette produkt. <\/p>\n<p>Masterkidz-leget\u00f8j er h\u00f8jkvalitets, holdbart og sikkert tr\u00e6leget\u00f8j med p\u00e6dagogisk v\u00e6rdi. Designet og tilpasset til forskellige stadier af barnets udvikling. Kreativ, eventyrlig og p\u00e6dagogisk leg er de st\u00f8rste fordele ved dette brands leget\u00f8j. Uvurderlig st\u00f8tte til Montessori-metoden. Det bedste valg til dit hjem, din b\u00f8rnehave, dit hotel eller din restaurant. Skab det perfekte legehj\u00f8rne eller en stor p\u00e6dagogisk v\u00e6g. Sortimentet omfatter v\u00e6gmonterede og mobile tavler, oplyste borde og paneler til leg med maling. Tema-p\u00e6dagogiske moduler og meget mere. Et utroligt stort udvalg af tilbeh\u00f8r og uendelige muligheder for kreativ leg.<\/p>\n","protected":false},"excerpt":{"rendered":"<p>Dette store tr\u00e6skab med vask fra det kendte m\u00e6rke Masterkidz opfylder alle kvalitets- og sikkerhedskrav. Denne kombination g\u00f8r dette b\u00f8rnem\u00f8bel ideelt til b\u00f8rnehaver eller legerum. Opm\u00e6rksomheden p\u00e5 b\u00e5de kvalitet og \u00e6stetik samt de n\u00e6sten ubegr\u00e6nsede muligheder for at udvide s\u00e6ttet er unikke fordele ved dette produkt. Masterkidz-leget\u00f8j er h\u00f8jkvalitets, holdbart og sikkert tr\u00e6leget\u00f8j med p\u00e6dagogisk [&hellip;]<\/p>\n","protected":false},"featured_media":0,"comment_status":"open","ping_status":"closed","template":"","meta":[],"product_brand":[],"product_cat":[31],"product_tag":[],"class_list":{"0":"post-26353","1":"product","2":"type-product","3":"status-publish","5":"product_cat-uncategorized-da","7":"first","8":"instock","9":"shipping-taxable","10":"purchasable","11":"product-type-simple"},"_links":{"self":[{"href":"https:\/\/nordicmart.andreevmaster.com\/da\/wp-json\/wp\/v2\/product\/26353","targetHints":{"allow":["GET"]}}],"collection":[{"href":"https:\/\/nordicmart.andreevmaster.com\/da\/wp-json\/wp\/v2\/product"}],"about":[{"href":"https:\/\/nordicmart.andreevmaster.com\/da\/wp-json\/wp\/v2\/types\/product"}],"replies":[{"embeddable":true,"href":"https:\/\/nordicmart.andreevmaster.com\/da\/wp-json\/wp\/v2\/comments?post=26353"}],"wp:attachment":[{"href":"https:\/\/nordicmart.andreevmaster.com\/da\/wp-json\/wp\/v2\/media?parent=26353"}],"wp:term":[{"taxonomy":"product_brand","embeddable":true,"href":"https:\/\/nordicmart.andreevmaster.com\/da\/wp-json\/wp\/v2\/product_brand?post=26353"},{"taxonomy":"product_cat","embeddable":true,"href":"https:\/\/nordicmart.andreevmaster.com\/da\/wp-json\/wp\/v2\/product_cat?post=26353"},{"taxonomy":"product_tag","embeddable":true,"href":"https:\/\/nordicmart.andreevmaster.com\/da\/wp-json\/wp\/v2\/product_tag?post=26353"}],"curies":[{"name":"wp","href":"https:\/\/api.w.org\/{rel}","templated":true}]}}