{"id":26350,"date":"2026-02-27T00:32:11","date_gmt":"2026-02-27T00:32:11","guid":{"rendered":"https:\/\/nordicmart.andreevmaster.com\/product\/madras-til-up-seng\/"},"modified":"2026-02-27T09:11:47","modified_gmt":"2026-02-27T09:11:47","slug":"madras-til-up-seng","status":"publish","type":"product","link":"https:\/\/nordicmart.andreevmaster.com\/da\/vare\/madras-til-up-seng\/","title":{"rendered":"Madras til UP! seng"},"content":{"rendered":"<p>Madras 70&#215;120 + 40&#215;70 Madras specielt fremstillet til UP! Den f\u00f8rste del (i st\u00f8rrelsen 70&#215;120) passer til st\u00f8rrelsen p\u00e5 den grundl\u00e6ggende version af sengen \u2013 til sm\u00e5 b\u00f8rn.<br \/>\nN\u00e5r sengen omdannes til en seng til st\u00f8rre b\u00f8rn, tilf\u00f8jes en mindre del i st\u00f8rrelsen 40&#215;70 til den grundl\u00e6ggende madras. Begge dele passer til hinanden og til sengen. ** Madrassens vigtigste egenskaber:**<br \/>\n &#8211; fremstillet af allergivenligt polyurethanskum med en densitet p\u00e5 18,28 kg\/m3 (s\u00e5kaldt medium h\u00e5rdhed), som takket v\u00e6re sin struktur har en h\u00f8j modstandsdygtighed over for deformationer<br \/>\n -madrassens passende (medium) h\u00e5rdhed har den rette virkning p\u00e5 den lille rygs\u00f8jle, der er under udvikling Madrassen er udstyret med et quiltet betr\u00e6k med antiallergiske egenskaber.<br \/>\nDen er yderst hygiejnisk og holdbar.<br \/>\nStoffet, den er fremstillet af, er holdbart og samtidig meget behageligt at r\u00f8re ved.<br \/>\nBetr\u00e6kket kan vaskes ved 40 grader, hvilket holder det rent og friskt og samtidig effektivt fjerner mider og mikroorganismer. Det er quiltet med h\u00f8jfyldt fiber, der giver det en us\u00e6dvanlig bl\u00f8dhed. <\/p>\n<p>**Betr\u00e6kkets parametre:**<br \/>\n &#8211; jersey-strik<br \/>\n &#8211; alle kanter p\u00e5 betr\u00e6kket er kantet, hvilket forhindrer materialet i at flosse<br \/>\n -lynl\u00e5s (p\u00e5 tre sider), der g\u00f8r det nemmere at tage betr\u00e6kket af<br \/>\n -betr\u00e6kket kan vaskes gentagne gange ved 40 grader<\/p>\n<p>Betr\u00e6kket er udelukkende fremstillet af materialer af h\u00f8j kvalitet med antibakterielle og antiallergiske egenskaber, der er bekr\u00e6ftet af Oeko-tex-certifikater. <\/p>\n<p>Madrasens m\u00e5l: <\/p>\n<p>**til barneseng 70&#215;120:**<br \/>\nbredde \u2013 70 cm<br \/>\n l\u00e6ngde \u2013 120 cm<br \/>\nh\u00f8jde \u2013 10 cm<br \/>\n**til juniorseng 70&#215;160:**bredde \u2013 70 cm<br \/>\n l\u00e6ngde &#8211; 40 cm<br \/>\nh\u00f8jde \u2013 10 cm <\/p>\n<p>Yderligere oplysninger:<br \/>\nMadrassen kan sendes sammen med sengen.<\/p>\n","protected":false},"excerpt":{"rendered":"<p>Madras 70&#215;120 + 40&#215;70 Madras specielt fremstillet til UP! Den f\u00f8rste del (i st\u00f8rrelsen 70&#215;120) passer til st\u00f8rrelsen p\u00e5 den grundl\u00e6ggende version af sengen \u2013 til sm\u00e5 b\u00f8rn. N\u00e5r sengen omdannes til en seng til st\u00f8rre b\u00f8rn, tilf\u00f8jes en mindre del i st\u00f8rrelsen 40&#215;70 til den grundl\u00e6ggende madras. Begge dele passer til hinanden og til [&hellip;]<\/p>\n","protected":false},"featured_media":0,"comment_status":"open","ping_status":"closed","template":"","meta":[],"product_brand":[],"product_cat":[31],"product_tag":[],"class_list":{"0":"post-26350","1":"product","2":"type-product","3":"status-publish","5":"product_cat-uncategorized-da","7":"first","8":"instock","9":"shipping-taxable","10":"purchasable","11":"product-type-simple"},"_links":{"self":[{"href":"https:\/\/nordicmart.andreevmaster.com\/da\/wp-json\/wp\/v2\/product\/26350","targetHints":{"allow":["GET"]}}],"collection":[{"href":"https:\/\/nordicmart.andreevmaster.com\/da\/wp-json\/wp\/v2\/product"}],"about":[{"href":"https:\/\/nordicmart.andreevmaster.com\/da\/wp-json\/wp\/v2\/types\/product"}],"replies":[{"embeddable":true,"href":"https:\/\/nordicmart.andreevmaster.com\/da\/wp-json\/wp\/v2\/comments?post=26350"}],"wp:attachment":[{"href":"https:\/\/nordicmart.andreevmaster.com\/da\/wp-json\/wp\/v2\/media?parent=26350"}],"wp:term":[{"taxonomy":"product_brand","embeddable":true,"href":"https:\/\/nordicmart.andreevmaster.com\/da\/wp-json\/wp\/v2\/product_brand?post=26350"},{"taxonomy":"product_cat","embeddable":true,"href":"https:\/\/nordicmart.andreevmaster.com\/da\/wp-json\/wp\/v2\/product_cat?post=26350"},{"taxonomy":"product_tag","embeddable":true,"href":"https:\/\/nordicmart.andreevmaster.com\/da\/wp-json\/wp\/v2\/product_tag?post=26350"}],"curies":[{"name":"wp","href":"https:\/\/api.w.org\/{rel}","templated":true}]}}