{"id":26348,"date":"2026-02-27T00:32:11","date_gmt":"2026-02-27T00:32:11","guid":{"rendered":"https:\/\/nordicmart.andreevmaster.com\/product\/madras-70x140-70x20-til-so-sixty-og-pinette\/"},"modified":"2026-02-27T09:11:47","modified_gmt":"2026-02-27T09:11:47","slug":"madras-70x140-70x20-til-so-sixty-og-pinette","status":"publish","type":"product","link":"https:\/\/nordicmart.andreevmaster.com\/da\/vare\/madras-70x140-70x20-til-so-sixty-og-pinette\/","title":{"rendered":"Madras 70&#215;140+ 70&#215;20 til So sixty og Pinette"},"content":{"rendered":"<p>Madras 70&#215;140+ 70&#215;20 <\/p>\n<p>Madras specielt fremstillet til So sixty og Pinette barneseng<br \/>\nDen f\u00f8rste del (st\u00f8rrelse 70&#215;140) er tilpasset st\u00f8rrelsen p\u00e5 barnesengen i basisversionen &#8211; til en baby.<br \/>\nN\u00e5r barnesengen omdannes til en seng til sm\u00e5b\u00f8rn, tilf\u00f8jes en mindre del p\u00e5 20&#215;70 til den grundl\u00e6ggende madras.<br \/>\nBegge dele passer til hinanden og til barnesengen. <\/p>\n<p>Madrassens vigtigste egenskaber:<br \/>\n&#8211; fremstillet af antiallergisk polyurethanskum med en densitet p\u00e5 18,28 kg\/m3 (s\u00e5kaldt medium h\u00e5rdhed), som takket v\u00e6re sin struktur har h\u00f8j modstandsdygtighed over for deformation<br \/>\n&#8211; madrassens rigtige (medium) h\u00e5rdhed har den rette effekt p\u00e5 den lille rygs\u00f8jle, der er under udvikling<br \/>\nMadrassen er udstyret med et quiltet betr\u00e6k med antiallergiske egenskaber.Det er yderst hygiejnisk og holdbart. Stoffet, det er fremstillet af, er holdbart og samtidig meget behageligt at r\u00f8re ved.<br \/>\nBetr\u00e6kket kan vaskes ved 40 \u00b0C, hvilket g\u00f8r det muligt at holde det rent og friskt og samtidig effektivt fjerne mider og mikroorganismer.<br \/>\nDet er quiltet med et meget fluffy ikke-v\u00e6vet stof, der giver det en ekstraordin\u00e6r bl\u00f8dhed. <\/p>\n<p>Betr\u00e6ksparametre:<br \/>\n&#8211; jersey-stof &#8211; 100 % polyester<br \/>\n&#8211; alle kanter p\u00e5 betr\u00e6kket er kantet, hvilket forhindrer, at materialet trevler<br \/>\n&#8211; lynl\u00e5s (p\u00e5 tre sider) for nem fjernelse af betr\u00e6kket<br \/>\n&#8211; betr\u00e6kket kan vaskes flere gange ved 40 \u00b0C <\/p>\n<p>Betr\u00e6kket er udelukkende fremstillet af materialer af h\u00f8j kvalitet med antibakterielle og antiallergiske egenskaber, som er bekr\u00e6ftet af Oeko-Tex-certifikater.<br \/>\nMadrasm\u00e5l:<br \/>\ntil en seng 70&#215;160:<br \/>\nbredde &#8211; 70 cm<br \/>\nl\u00e6ngde &#8211; 160 cm<br \/>\nh\u00f8jde &#8211; 10 cm <\/p>\n<p>Yderligere oplysninger:<br \/>\nMadrassen kan sendes sammen med barnesengen.<\/p>\n","protected":false},"excerpt":{"rendered":"<p>Madras 70&#215;140+ 70&#215;20 Madras specielt fremstillet til So sixty og Pinette barneseng Den f\u00f8rste del (st\u00f8rrelse 70&#215;140) er tilpasset st\u00f8rrelsen p\u00e5 barnesengen i basisversionen &#8211; til en baby. N\u00e5r barnesengen omdannes til en seng til sm\u00e5b\u00f8rn, tilf\u00f8jes en mindre del p\u00e5 20&#215;70 til den grundl\u00e6ggende madras. Begge dele passer til hinanden og til barnesengen. Madrassens [&hellip;]<\/p>\n","protected":false},"featured_media":0,"comment_status":"open","ping_status":"closed","template":"","meta":[],"product_brand":[],"product_cat":[31],"product_tag":[],"class_list":{"0":"post-26348","1":"product","2":"type-product","3":"status-publish","5":"product_cat-uncategorized-da","7":"first","8":"instock","9":"shipping-taxable","10":"purchasable","11":"product-type-simple"},"_links":{"self":[{"href":"https:\/\/nordicmart.andreevmaster.com\/da\/wp-json\/wp\/v2\/product\/26348","targetHints":{"allow":["GET"]}}],"collection":[{"href":"https:\/\/nordicmart.andreevmaster.com\/da\/wp-json\/wp\/v2\/product"}],"about":[{"href":"https:\/\/nordicmart.andreevmaster.com\/da\/wp-json\/wp\/v2\/types\/product"}],"replies":[{"embeddable":true,"href":"https:\/\/nordicmart.andreevmaster.com\/da\/wp-json\/wp\/v2\/comments?post=26348"}],"wp:attachment":[{"href":"https:\/\/nordicmart.andreevmaster.com\/da\/wp-json\/wp\/v2\/media?parent=26348"}],"wp:term":[{"taxonomy":"product_brand","embeddable":true,"href":"https:\/\/nordicmart.andreevmaster.com\/da\/wp-json\/wp\/v2\/product_brand?post=26348"},{"taxonomy":"product_cat","embeddable":true,"href":"https:\/\/nordicmart.andreevmaster.com\/da\/wp-json\/wp\/v2\/product_cat?post=26348"},{"taxonomy":"product_tag","embeddable":true,"href":"https:\/\/nordicmart.andreevmaster.com\/da\/wp-json\/wp\/v2\/product_tag?post=26348"}],"curies":[{"name":"wp","href":"https:\/\/api.w.org\/{rel}","templated":true}]}}