{"id":26347,"date":"2026-02-27T00:32:10","date_gmt":"2026-02-27T00:32:10","guid":{"rendered":"https:\/\/nordicmart.andreevmaster.com\/product\/madras-dream-nest-80x160\/"},"modified":"2026-02-27T09:11:47","modified_gmt":"2026-02-27T09:11:47","slug":"madras-dream-nest-80x160","status":"publish","type":"product","link":"https:\/\/nordicmart.andreevmaster.com\/da\/vare\/madras-dream-nest-80x160\/","title":{"rendered":"Madras  Dream Nest 80&#215;160"},"content":{"rendered":"<p>En madras specielt fremstillet til Dream Nest<\/p>\n<p>Madrassens vigtigste egenskaber:<br \/>\n&#8211; fremstillet af antiallergisk polyurethanskum med en densitet p\u00e5 18,28 kg\/m3 (s\u00e5kaldt medium h\u00e5rdhed), som takket v\u00e6re sin struktur har en h\u00f8j modstandsdygtighed over for deformation<br \/>\n&#8211; madrassens passende (medium) h\u00e5rdhed har den rette effekt p\u00e5 formningen af en lille rygs\u00f8jle<\/p>\n<p>Madrassen er udstyret med et quiltet betr\u00e6k med antiallergiske egenskaber.Det er yderst hygiejnisk og holdbart. Det strikkede stof er holdbart og samtidig meget behageligt at r\u00f8re ved.<br \/>\nBetr\u00e6kket kan vaskes ved 40 \u00b0C, hvilket g\u00f8r det muligt at holde det rent og friskt og samtidig effektivt fjerne mider og mikroorganismer.<br \/>\nDet er quiltet med et meget fluffy ikke-v\u00e6vet stof, hvilket giver det en ekstraordin\u00e6r bl\u00f8dhed. <\/p>\n<p>Betr\u00e6ksparametre:<br \/>\n&#8211; jersey-strik &#8211; 100 % polyester<br \/>\n&#8211; alle kanter p\u00e5 betr\u00e6kket er kantet, hvilket forhindrer materialet i at trevle<br \/>\n&#8211; lynl\u00e5s (p\u00e5 tre sider) for nem fjernelse af betr\u00e6kket<br \/>\n-mulighed for at vaske betr\u00e6kket flere gange ved 40 \u00b0C <\/p>\n<p>Betr\u00e6kket er udelukkende fremstillet af materialer af h\u00f8j kvalitet med antibakterielle og antiallergiske egenskaber, som er bekr\u00e6ftet af Oeko-tex-certifikater. <\/p>\n<p>Madrasm\u00e5l:<\/p>\n<p>til barneseng 80&#215;160:<br \/>\nbredde &#8211; 80 cm<br \/>\nl\u00e6ngde &#8211; 160 cm<br \/>\nh\u00f8jde &#8211; 10 cm<\/p>\n","protected":false},"excerpt":{"rendered":"<p>En madras specielt fremstillet til Dream Nest Madrassens vigtigste egenskaber: &#8211; fremstillet af antiallergisk polyurethanskum med en densitet p\u00e5 18,28 kg\/m3 (s\u00e5kaldt medium h\u00e5rdhed), som takket v\u00e6re sin struktur har en h\u00f8j modstandsdygtighed over for deformation &#8211; madrassens passende (medium) h\u00e5rdhed har den rette effekt p\u00e5 formningen af en lille rygs\u00f8jle Madrassen er udstyret med [&hellip;]<\/p>\n","protected":false},"featured_media":0,"comment_status":"open","ping_status":"closed","template":"","meta":[],"product_brand":[],"product_cat":[31],"product_tag":[],"class_list":{"0":"post-26347","1":"product","2":"type-product","3":"status-publish","5":"product_cat-uncategorized-da","7":"first","8":"instock","9":"shipping-taxable","10":"purchasable","11":"product-type-simple"},"_links":{"self":[{"href":"https:\/\/nordicmart.andreevmaster.com\/da\/wp-json\/wp\/v2\/product\/26347","targetHints":{"allow":["GET"]}}],"collection":[{"href":"https:\/\/nordicmart.andreevmaster.com\/da\/wp-json\/wp\/v2\/product"}],"about":[{"href":"https:\/\/nordicmart.andreevmaster.com\/da\/wp-json\/wp\/v2\/types\/product"}],"replies":[{"embeddable":true,"href":"https:\/\/nordicmart.andreevmaster.com\/da\/wp-json\/wp\/v2\/comments?post=26347"}],"wp:attachment":[{"href":"https:\/\/nordicmart.andreevmaster.com\/da\/wp-json\/wp\/v2\/media?parent=26347"}],"wp:term":[{"taxonomy":"product_brand","embeddable":true,"href":"https:\/\/nordicmart.andreevmaster.com\/da\/wp-json\/wp\/v2\/product_brand?post=26347"},{"taxonomy":"product_cat","embeddable":true,"href":"https:\/\/nordicmart.andreevmaster.com\/da\/wp-json\/wp\/v2\/product_cat?post=26347"},{"taxonomy":"product_tag","embeddable":true,"href":"https:\/\/nordicmart.andreevmaster.com\/da\/wp-json\/wp\/v2\/product_tag?post=26347"}],"curies":[{"name":"wp","href":"https:\/\/api.w.org\/{rel}","templated":true}]}}