{"id":26346,"date":"2026-02-27T00:32:10","date_gmt":"2026-02-27T00:32:10","guid":{"rendered":"https:\/\/nordicmart.andreevmaster.com\/product\/marylou-snow-bliss-3-dors-garderobe\/"},"modified":"2026-02-27T09:11:47","modified_gmt":"2026-02-27T09:11:47","slug":"marylou-snow-bliss-3-dors-garderobe","status":"publish","type":"product","link":"https:\/\/nordicmart.andreevmaster.com\/da\/vare\/marylou-snow-bliss-3-dors-garderobe\/","title":{"rendered":"Marylou snow bliss 3-d\u00f8rs garderobe"},"content":{"rendered":"<p>Den meget rummelige 3-d\u00f8rs garderobe er et vigtigt element i s\u00f8skendegruppen. Skabet er designet i to dele: en bredere og en smallere. Den bredere del med to d\u00f8re er udstyret med en b\u00f8jlestang og to rummelige hylder (der d\u00e6kker hele bredden af denne del af skabet).Den smallere del er udstyret med hylder, hvoraf tre kan justeres. Den er udstyret med to skuffer: en bredere og en smallere, som er udstyret med Hafele-skinner med soft close-funktion. Garderobeskabet er fremstillet af MDF-plader af h\u00f8j kvalitet, malet med hvid b\u00f8rnesikker maling, og m\u00f8belplader (sider og indvendige dele). For at \u00f8ge sikkerheden og brugerkomforten er der anvendt sikre og p\u00e5lidelige skinner, der er udstyret med et ekstra lukkesystem.<\/p>\n<p>M\u00e5l (cm): B:146,5 D:52,5, H:174,5 Ca.<br \/>\nAntal pakker: 4<\/p>\n<p>**Materialer:**<br \/>\nDet er fremstillet af MDF og sp\u00e5nplader af h\u00f8j kvalitet.<br \/>\nDet er behandlet med maling, der er sikker for b\u00f8rn og certificeret i henhold til EN71\/3.<\/p>\n<p>**Brugsanvisning:**<br \/>\nVask med en bl\u00f8d klud fugtet med et mildt reng\u00f8ringsmiddel.<\/p>\n<p>**Yderligere oplysninger:**<br \/>\nAlle vores produkter leveres i flade pakker og kan samles ved hj\u00e6lp af den medf\u00f8lgende, letforst\u00e5elige brugsanvisning.<\/p>\n","protected":false},"excerpt":{"rendered":"<p>Den meget rummelige 3-d\u00f8rs garderobe er et vigtigt element i s\u00f8skendegruppen. Skabet er designet i to dele: en bredere og en smallere. Den bredere del med to d\u00f8re er udstyret med en b\u00f8jlestang og to rummelige hylder (der d\u00e6kker hele bredden af denne del af skabet).Den smallere del er udstyret med hylder, hvoraf tre kan [&hellip;]<\/p>\n","protected":false},"featured_media":0,"comment_status":"open","ping_status":"closed","template":"","meta":[],"product_brand":[],"product_cat":[31],"product_tag":[],"class_list":{"0":"post-26346","1":"product","2":"type-product","3":"status-publish","5":"product_cat-uncategorized-da","7":"first","8":"instock","9":"shipping-taxable","10":"purchasable","11":"product-type-simple"},"_links":{"self":[{"href":"https:\/\/nordicmart.andreevmaster.com\/da\/wp-json\/wp\/v2\/product\/26346","targetHints":{"allow":["GET"]}}],"collection":[{"href":"https:\/\/nordicmart.andreevmaster.com\/da\/wp-json\/wp\/v2\/product"}],"about":[{"href":"https:\/\/nordicmart.andreevmaster.com\/da\/wp-json\/wp\/v2\/types\/product"}],"replies":[{"embeddable":true,"href":"https:\/\/nordicmart.andreevmaster.com\/da\/wp-json\/wp\/v2\/comments?post=26346"}],"wp:attachment":[{"href":"https:\/\/nordicmart.andreevmaster.com\/da\/wp-json\/wp\/v2\/media?parent=26346"}],"wp:term":[{"taxonomy":"product_brand","embeddable":true,"href":"https:\/\/nordicmart.andreevmaster.com\/da\/wp-json\/wp\/v2\/product_brand?post=26346"},{"taxonomy":"product_cat","embeddable":true,"href":"https:\/\/nordicmart.andreevmaster.com\/da\/wp-json\/wp\/v2\/product_cat?post=26346"},{"taxonomy":"product_tag","embeddable":true,"href":"https:\/\/nordicmart.andreevmaster.com\/da\/wp-json\/wp\/v2\/product_tag?post=26346"}],"curies":[{"name":"wp","href":"https:\/\/api.w.org\/{rel}","templated":true}]}}