{"id":26344,"date":"2026-02-27T00:32:10","date_gmt":"2026-02-27T00:32:10","guid":{"rendered":"https:\/\/nordicmart.andreevmaster.com\/product\/marylou-snow-bliss-sengekommode-90x200-ekstra-soveplads\/"},"modified":"2026-02-27T09:11:46","modified_gmt":"2026-02-27T09:11:46","slug":"marylou-snow-bliss-sengekommode-90x200-ekstra-soveplads","status":"publish","type":"product","link":"https:\/\/nordicmart.andreevmaster.com\/da\/vare\/marylou-snow-bliss-sengekommode-90x200-ekstra-soveplads\/","title":{"rendered":"Marylou snow bliss sengekommode 90&#215;200 ekstra soveplads"},"content":{"rendered":"<p>Klassisk og elegant serie af b\u00f8rnem\u00f8bler med et friskt og delikat look. Kollektionen er i lyse farver, og smukke s\u00f8lvh\u00e5ndtag tilf\u00f8jer et strejf af raffinement til det samlede udseende.<\/p>\n<p>Skuffen er lavet af MDF-plade af h\u00f8j kvalitet, malet med hvid b\u00f8rnesikker maling (forside) og m\u00f8belplade (sider og bagside).<\/p>\n<p>**Hvorfor k\u00f8be mig?**<br \/>\n&#8211; Skuffen kan bruges til opbevaring eller som ekstra soveplads!<br \/>\n&#8211; Den er udstyret med hjul<br \/>\n&#8211; Kan placeres p\u00e5 venstre eller h\u00f8jre side af sengen<br \/>\n&#8211; Skuffen kan rumme en madras i st\u00f8rrelsen 90&#215;190 (medf\u00f8lger ikke)<\/p>\n<p> M\u00e5l (cm): L:202 D:93 H:15<\/p>\n<p>M\u00f8blerne er behandlet med en specielt udvalgt maling fra en italiensk leverand\u00f8r, som har unikke h\u00e6rdende egenskaber, s\u00e5 m\u00f8blerne er modstandsdygtige over for to typer skader:<br \/>\n&#8211; Kemikalier: beskytter mod virkningerne af vand, lotioner, olier og andre reng\u00f8ringsmidler;<br \/>\n&#8211; Mekanisk beskyttelse mod alle former for ridser, der opst\u00e5r ved brug af m\u00f8blerne.Den tilpassede maling skaber en perfekt glat bel\u00e6gningsstruktur. Specielle materialer skaber en mat effekt p\u00e5 den delikate satin. Malingen har alle de n\u00f8dvendige certifikater. Derudover testes de malede m\u00f8bler i laboratorier med hensyn til emissioner, inden de s\u00e6lges. Takket v\u00e6re en specielt h\u00e6rdet maling afgiver de ingen skadelige stoffer. Alle vores produkter leveres i flade pakker og kan samles selv ved hj\u00e6lp af de medf\u00f8lgende, letforst\u00e5elige instruktioner.<\/p>\n","protected":false},"excerpt":{"rendered":"<p>Klassisk og elegant serie af b\u00f8rnem\u00f8bler med et friskt og delikat look. Kollektionen er i lyse farver, og smukke s\u00f8lvh\u00e5ndtag tilf\u00f8jer et strejf af raffinement til det samlede udseende. Skuffen er lavet af MDF-plade af h\u00f8j kvalitet, malet med hvid b\u00f8rnesikker maling (forside) og m\u00f8belplade (sider og bagside). **Hvorfor k\u00f8be mig?** &#8211; Skuffen kan bruges [&hellip;]<\/p>\n","protected":false},"featured_media":0,"comment_status":"open","ping_status":"closed","template":"","meta":[],"product_brand":[],"product_cat":[31],"product_tag":[],"class_list":{"0":"post-26344","1":"product","2":"type-product","3":"status-publish","5":"product_cat-uncategorized-da","7":"first","8":"instock","9":"shipping-taxable","10":"purchasable","11":"product-type-simple"},"_links":{"self":[{"href":"https:\/\/nordicmart.andreevmaster.com\/da\/wp-json\/wp\/v2\/product\/26344","targetHints":{"allow":["GET"]}}],"collection":[{"href":"https:\/\/nordicmart.andreevmaster.com\/da\/wp-json\/wp\/v2\/product"}],"about":[{"href":"https:\/\/nordicmart.andreevmaster.com\/da\/wp-json\/wp\/v2\/types\/product"}],"replies":[{"embeddable":true,"href":"https:\/\/nordicmart.andreevmaster.com\/da\/wp-json\/wp\/v2\/comments?post=26344"}],"wp:attachment":[{"href":"https:\/\/nordicmart.andreevmaster.com\/da\/wp-json\/wp\/v2\/media?parent=26344"}],"wp:term":[{"taxonomy":"product_brand","embeddable":true,"href":"https:\/\/nordicmart.andreevmaster.com\/da\/wp-json\/wp\/v2\/product_brand?post=26344"},{"taxonomy":"product_cat","embeddable":true,"href":"https:\/\/nordicmart.andreevmaster.com\/da\/wp-json\/wp\/v2\/product_cat?post=26344"},{"taxonomy":"product_tag","embeddable":true,"href":"https:\/\/nordicmart.andreevmaster.com\/da\/wp-json\/wp\/v2\/product_tag?post=26344"}],"curies":[{"name":"wp","href":"https:\/\/api.w.org\/{rel}","templated":true}]}}