{"id":26343,"date":"2026-02-27T00:32:09","date_gmt":"2026-02-27T00:32:09","guid":{"rendered":"https:\/\/nordicmart.andreevmaster.com\/product\/marylou-snow-bliss-barneseng-70x140-med-skuffe\/"},"modified":"2026-02-27T09:11:46","modified_gmt":"2026-02-27T09:11:46","slug":"marylou-snow-bliss-barneseng-70x140-med-skuffe","status":"publish","type":"product","link":"https:\/\/nordicmart.andreevmaster.com\/da\/vare\/marylou-snow-bliss-barneseng-70x140-med-skuffe\/","title":{"rendered":"Marylou snow bliss barneseng 70&#215;140 med skuffe"},"content":{"rendered":"<p>Klassisk og elegant serie af b\u00f8rnem\u00f8bler med et friskt og delikat look. Kollektionen er i lyse farver, og smukke s\u00f8lvh\u00e5ndtag tilf\u00f8jer et strejf af raffinement til det samlede udseende. <\/p>\n<p>Skuffen er lavet af h\u00f8jkvalitets MDF-plade, der er malet hvidt med certificeret og b\u00f8rnesikker maling og sp\u00e5nplade.<\/p>\n<p>**Hvorfor k\u00f8be mig?**<br \/>\n&#8211; fastg\u00f8res til sengens sider ved hj\u00e6lp af lydl\u00f8se skinner<br \/>\n&#8211; ekstra plads til opbevaring af alle babyens n\u00f8dvendigheder<\/p>\n<p>Passer kun til Marylou barneseng 70&#215;140<\/p>\n<p>M\u00e5l (cm): B: 134,8 D: 68,4, H: 9,2<\/p>\n<p>Alle vores produkter leveres i flade pakker og kan samles ved hj\u00e6lp af de medf\u00f8lgende, letforst\u00e5elige instruktioner.<\/p>\n","protected":false},"excerpt":{"rendered":"<p>Klassisk og elegant serie af b\u00f8rnem\u00f8bler med et friskt og delikat look. Kollektionen er i lyse farver, og smukke s\u00f8lvh\u00e5ndtag tilf\u00f8jer et strejf af raffinement til det samlede udseende. Skuffen er lavet af h\u00f8jkvalitets MDF-plade, der er malet hvidt med certificeret og b\u00f8rnesikker maling og sp\u00e5nplade. **Hvorfor k\u00f8be mig?** &#8211; fastg\u00f8res til sengens sider ved [&hellip;]<\/p>\n","protected":false},"featured_media":0,"comment_status":"open","ping_status":"closed","template":"","meta":[],"product_brand":[],"product_cat":[31],"product_tag":[],"class_list":{"0":"post-26343","1":"product","2":"type-product","3":"status-publish","5":"product_cat-uncategorized-da","7":"first","8":"instock","9":"shipping-taxable","10":"purchasable","11":"product-type-simple"},"_links":{"self":[{"href":"https:\/\/nordicmart.andreevmaster.com\/da\/wp-json\/wp\/v2\/product\/26343","targetHints":{"allow":["GET"]}}],"collection":[{"href":"https:\/\/nordicmart.andreevmaster.com\/da\/wp-json\/wp\/v2\/product"}],"about":[{"href":"https:\/\/nordicmart.andreevmaster.com\/da\/wp-json\/wp\/v2\/types\/product"}],"replies":[{"embeddable":true,"href":"https:\/\/nordicmart.andreevmaster.com\/da\/wp-json\/wp\/v2\/comments?post=26343"}],"wp:attachment":[{"href":"https:\/\/nordicmart.andreevmaster.com\/da\/wp-json\/wp\/v2\/media?parent=26343"}],"wp:term":[{"taxonomy":"product_brand","embeddable":true,"href":"https:\/\/nordicmart.andreevmaster.com\/da\/wp-json\/wp\/v2\/product_brand?post=26343"},{"taxonomy":"product_cat","embeddable":true,"href":"https:\/\/nordicmart.andreevmaster.com\/da\/wp-json\/wp\/v2\/product_cat?post=26343"},{"taxonomy":"product_tag","embeddable":true,"href":"https:\/\/nordicmart.andreevmaster.com\/da\/wp-json\/wp\/v2\/product_tag?post=26343"}],"curies":[{"name":"wp","href":"https:\/\/api.w.org\/{rel}","templated":true}]}}