{"id":26337,"date":"2026-02-27T00:32:08","date_gmt":"2026-02-27T00:32:08","guid":{"rendered":"https:\/\/nordicmart.andreevmaster.com\/product\/marylou-snow-bliss-kommode\/"},"modified":"2026-02-27T09:11:45","modified_gmt":"2026-02-27T09:11:45","slug":"marylou-snow-bliss-kommode","status":"publish","type":"product","link":"https:\/\/nordicmart.andreevmaster.com\/da\/vare\/marylou-snow-bliss-kommode\/","title":{"rendered":"Marylou snow bliss kommode"},"content":{"rendered":"<p>Klassisk og elegant serie af b\u00f8rnem\u00f8bler med et friskt og delikat look. Kollektionen er i lyse farver, og smukke s\u00f8lvh\u00e5ndtag tilf\u00f8jer et strejf af raffinement til det samlede udseende. Kommoden er lavet af h\u00f8jkvalitets MDF-plader, der er malet med hvid b\u00f8rnesikker maling, og m\u00f8belplader (sider og indvendige dele). For at \u00f8ge sikkerheden og brugerkomforten er der anvendt sikre og p\u00e5lidelige glideskinner, der er udstyret med et ekstra lukkesystem.<\/p>\n<p>**Hvorfor k\u00f8be mig?**<br \/>\n&#8211; 3 rummelige skuffer<br \/>\n&#8211; lydl\u00f8se glideskinner med selvlukkende funktion fra Haffele<br \/>\n&#8211; der kan monteres en puslebord p\u00e5 toppen<\/p>\n<p> M\u00e5l (cm): B:102,6, D:52,5, H:90<\/p>\n<p>M\u00f8blerne er behandlet med en specielt udvalgt maling fra en italiensk leverand\u00f8r, som har unikke h\u00e6rdende egenskaber, s\u00e5 m\u00f8blerne er modstandsdygtige over for to typer skader:<br \/>\n&#8211; Kemikalier: beskytter mod virkningerne af vand, lotioner, olier og andre reng\u00f8ringsmidler;<br \/>\n&#8211; Mekanisk beskyttelse mod alle former for ridser, der opst\u00e5r ved brug af m\u00f8blerne.<\/p>\n<p>Den tilpassede maling skaber en perfekt glat bel\u00e6gningsstruktur. Specielle materialer skaber en mat effekt p\u00e5 den delikate satin. Malingen har alle de n\u00f8dvendige certifikater. Derudover testes de malede m\u00f8bler i laboratorier med hensyn til emissioner, inden de sendes til salg. <\/p>\n<p>Alle vores produkter leveres i flade pakker og kan samles ved hj\u00e6lp af de medf\u00f8lgende, letforst\u00e5elige instruktioner.<\/p>\n","protected":false},"excerpt":{"rendered":"<p>Klassisk og elegant serie af b\u00f8rnem\u00f8bler med et friskt og delikat look. Kollektionen er i lyse farver, og smukke s\u00f8lvh\u00e5ndtag tilf\u00f8jer et strejf af raffinement til det samlede udseende. Kommoden er lavet af h\u00f8jkvalitets MDF-plader, der er malet med hvid b\u00f8rnesikker maling, og m\u00f8belplader (sider og indvendige dele). For at \u00f8ge sikkerheden og brugerkomforten er [&hellip;]<\/p>\n","protected":false},"featured_media":0,"comment_status":"open","ping_status":"closed","template":"","meta":[],"product_brand":[],"product_cat":[31],"product_tag":[],"class_list":{"0":"post-26337","1":"product","2":"type-product","3":"status-publish","5":"product_cat-uncategorized-da","7":"first","8":"instock","9":"shipping-taxable","10":"purchasable","11":"product-type-simple"},"_links":{"self":[{"href":"https:\/\/nordicmart.andreevmaster.com\/da\/wp-json\/wp\/v2\/product\/26337","targetHints":{"allow":["GET"]}}],"collection":[{"href":"https:\/\/nordicmart.andreevmaster.com\/da\/wp-json\/wp\/v2\/product"}],"about":[{"href":"https:\/\/nordicmart.andreevmaster.com\/da\/wp-json\/wp\/v2\/types\/product"}],"replies":[{"embeddable":true,"href":"https:\/\/nordicmart.andreevmaster.com\/da\/wp-json\/wp\/v2\/comments?post=26337"}],"wp:attachment":[{"href":"https:\/\/nordicmart.andreevmaster.com\/da\/wp-json\/wp\/v2\/media?parent=26337"}],"wp:term":[{"taxonomy":"product_brand","embeddable":true,"href":"https:\/\/nordicmart.andreevmaster.com\/da\/wp-json\/wp\/v2\/product_brand?post=26337"},{"taxonomy":"product_cat","embeddable":true,"href":"https:\/\/nordicmart.andreevmaster.com\/da\/wp-json\/wp\/v2\/product_cat?post=26337"},{"taxonomy":"product_tag","embeddable":true,"href":"https:\/\/nordicmart.andreevmaster.com\/da\/wp-json\/wp\/v2\/product_tag?post=26337"}],"curies":[{"name":"wp","href":"https:\/\/api.w.org\/{rel}","templated":true}]}}