{"id":26336,"date":"2026-02-27T00:32:08","date_gmt":"2026-02-27T00:32:08","guid":{"rendered":"https:\/\/nordicmart.andreevmaster.com\/product\/marylou-snow-bliss-desk-2\/"},"modified":"2026-02-27T09:11:45","modified_gmt":"2026-02-27T09:11:45","slug":"marylou-snow-bliss-desk-2","status":"publish","type":"product","link":"https:\/\/nordicmart.andreevmaster.com\/da\/vare\/marylou-snow-bliss-desk-2\/","title":{"rendered":"Marylou snow bliss desk"},"content":{"rendered":"<p>Klassisk og elegant serie af b\u00f8rnem\u00f8bler med et friskt og delikat look. Kollektionen er i lyse farver, og smukke s\u00f8lvh\u00e5ndtag tilf\u00f8jer et strejf af raffinement til det samlede udseende. <\/p>\n<p>Skrivebordet er lavet af MDF-plader af h\u00f8j kvalitet, malet med hvid b\u00f8rnesikker maling (top, fronter, sokkel) og m\u00f8belplader (indre dele). For at \u00f8ge sikkerheden og brugerkomforten er der anvendt sikre og p\u00e5lidelige glideskinner.<\/p>\n<p>**Hvorfor k\u00f8be mig?**<br \/>\n&#8211; Skabet har en hylde med justerbar placering.<br \/>\n&#8211; En skuffe p\u00e5 lydl\u00f8se glideskinner<\/p>\n<p>M\u00e5l (cm): B122,5 D:60 H:77,6<\/p>\n<p>M\u00f8blerne er behandlet med en specielt udvalgt maling fra en italiensk leverand\u00f8r, som har unikke h\u00e6rdende egenskaber, s\u00e5 m\u00f8blerne er modstandsdygtige over for to typer skader:<br \/>\n&#8211; Kemikalier: beskytter mod virkningerne af vand, lotioner, olier og andre reng\u00f8ringsmidler;<br \/>\n&#8211; Mekanisk beskyttelse mod alle former for ridser, der opst\u00e5r ved brug af m\u00f8blerne.<\/p>\n<p>Den tilpassede maling skaber en perfekt glat bel\u00e6gningsstruktur. Specielle materialer skaber en mat effekt p\u00e5 det delikate satin. Malingen har alle de n\u00f8dvendige certifikater. Derudover testes de malede m\u00f8bler i laboratorier med hensyn til emissioner, inden de sendes til salg. <\/p>\n<p>Alle vores produkter leveres i flade pakker og kan samles ved hj\u00e6lp af de medf\u00f8lgende, letforst\u00e5elige instruktioner.<\/p>\n","protected":false},"excerpt":{"rendered":"<p>Klassisk og elegant serie af b\u00f8rnem\u00f8bler med et friskt og delikat look. Kollektionen er i lyse farver, og smukke s\u00f8lvh\u00e5ndtag tilf\u00f8jer et strejf af raffinement til det samlede udseende. Skrivebordet er lavet af MDF-plader af h\u00f8j kvalitet, malet med hvid b\u00f8rnesikker maling (top, fronter, sokkel) og m\u00f8belplader (indre dele). For at \u00f8ge sikkerheden og brugerkomforten [&hellip;]<\/p>\n","protected":false},"featured_media":0,"comment_status":"open","ping_status":"closed","template":"","meta":[],"product_brand":[],"product_cat":[31],"product_tag":[],"class_list":{"0":"post-26336","1":"product","2":"type-product","3":"status-publish","5":"product_cat-uncategorized-da","7":"first","8":"instock","9":"shipping-taxable","10":"purchasable","11":"product-type-simple"},"_links":{"self":[{"href":"https:\/\/nordicmart.andreevmaster.com\/da\/wp-json\/wp\/v2\/product\/26336","targetHints":{"allow":["GET"]}}],"collection":[{"href":"https:\/\/nordicmart.andreevmaster.com\/da\/wp-json\/wp\/v2\/product"}],"about":[{"href":"https:\/\/nordicmart.andreevmaster.com\/da\/wp-json\/wp\/v2\/types\/product"}],"replies":[{"embeddable":true,"href":"https:\/\/nordicmart.andreevmaster.com\/da\/wp-json\/wp\/v2\/comments?post=26336"}],"wp:attachment":[{"href":"https:\/\/nordicmart.andreevmaster.com\/da\/wp-json\/wp\/v2\/media?parent=26336"}],"wp:term":[{"taxonomy":"product_brand","embeddable":true,"href":"https:\/\/nordicmart.andreevmaster.com\/da\/wp-json\/wp\/v2\/product_brand?post=26336"},{"taxonomy":"product_cat","embeddable":true,"href":"https:\/\/nordicmart.andreevmaster.com\/da\/wp-json\/wp\/v2\/product_cat?post=26336"},{"taxonomy":"product_tag","embeddable":true,"href":"https:\/\/nordicmart.andreevmaster.com\/da\/wp-json\/wp\/v2\/product_tag?post=26336"}],"curies":[{"name":"wp","href":"https:\/\/api.w.org\/{rel}","templated":true}]}}